{"id":49343,"date":"2025-11-30T20:28:39","date_gmt":"2025-11-30T19:28:39","guid":{"rendered":"https:\/\/www.banqero.com\/?post_type=product&#038;p=49343"},"modified":"2025-11-30T20:41:06","modified_gmt":"2025-11-30T19:41:06","slug":"rums-duo-banqero-arrack-xo-guatemala","status":"publish","type":"product","link":"https:\/\/www.banqero.com\/de\/rhum\/rums-duo-banqero-arrack-xo-guatemala\/","title":{"rendered":"Duo BANQERO Arrack &#038; XO Guatemala"},"content":{"rendered":"<ul>\n<li>Herkunftsl\u00e4nder:\n<ul>\n<li>Arrack: Indonesien, Venezuela, Thailand, Dominikanische Republik<\/li>\n<li>Guatemala: Single Origin<\/li>\n<\/ul>\n<\/li>\n<li>Alkoholgehalt:\n<ul>\n<li>Arrack: 38% vol<\/li>\n<li>Guatemala: 38% vol<\/li>\n<\/ul>\n<\/li>\n<li>Fassungsverm\u00f6gen: 70 cl<\/li>\n<li>Typ:\n<ul>\n<li>Arrack: Blend aus Melasse-Rum (Indonesien, Thailand, Venezuela) und reinem Zuckerrohrsaft (&lt; 10% \/ Dominikanische Republik)<\/li>\n<li>Guatemala: Rum aus Melasse<\/li>\n<\/ul>\n<\/li>\n<li>Destillation:\n<ul>\n<li>Arrack: Pot Still (Indonesien) und Destilliers\u00e4ule (Thailand, Venezuela, Dominikanische Republik)<\/li>\n<li>Guatemala: Destilliers\u00e4ule<\/li>\n<\/ul>\n<\/li>\n<li>Reifungsprozess:\n<ul>\n<li>Arrack: tropische Alterung in den Herkunftsl\u00e4ndern von 2 bis 24 Jahren<\/li>\n<li>Guatemala: 4 Jahre tropische Alterung in Bourbon-F\u00e4ssern, anschliessend Finish von 24 Monaten in der Schweiz in Mitis-F\u00e4ssern (lik\u00f6rartiger Weisswein aus dem Wallis)<\/li>\n<\/ul>\n<\/li>\n<li>Gustatorische Wahrnehmung:\n<ul>\n<li>Arrack:\n<ul>\n<li>Nase: Noten von Kaffee, Karamell und Tabak<\/li>\n<li>Mund: s\u00fcssen Rum mit einer sehr sch\u00f6nen Struktur, auf pflanzlichen Noten und warmen Gew\u00fcrzen, die sich mit Vanille vermischent<\/li>\n<li>S\u00fcsse (Bewertung von 1 bis 5): 3<\/li>\n<li>Zuckergehalt: 13g\/Liter<\/li>\n<\/ul>\n<\/li>\n<li>Guatemala:\n<ul>\n<li>Nase: braunem Zucker und tropischen gelben Fr\u00fcchten, wobei die Mango im Vordergrund steht<\/li>\n<li>Mund: zarte und elegante Gaumen, mit den Noten von Karamell und wei\u00dfer Eiche wird mit einem Hauch von Vanille im Abgang kombiniert<\/li>\n<li>S\u00fcsse (Bewertung von 1 bis 5): 3<\/li>\n<li>Zuckergehalt: 9g\/Liter<\/li>\n<\/ul>\n<\/li>\n<\/ul>\n<\/li>\n<li>Verkostung: pur oder &#8218;on the rocks&#8216;<\/li>\n<li>Ehrungen:<\/li>\n<\/ul>\n<p style=\"padding-left: 40px;\"><img decoding=\"async\" class=\"alignnone wp-image-48618\" src=\"https:\/\/www.banqero.com\/wp-content\/uploads\/2024\/02\/RUM-CACHACA-Masters-2024-Medal-GOLD.png\" alt=\"\" width=\"69\" height=\"76\" srcset=\"https:\/\/www.banqero.com\/wp-content\/uploads\/2024\/02\/RUM-CACHACA-Masters-2024-Medal-GOLD-200x220.png 200w, https:\/\/www.banqero.com\/wp-content\/uploads\/2024\/02\/RUM-CACHACA-Masters-2024-Medal-GOLD-273x300.png 273w, https:\/\/www.banqero.com\/wp-content\/uploads\/2024\/02\/RUM-CACHACA-Masters-2024-Medal-GOLD-400x440.png 400w, https:\/\/www.banqero.com\/wp-content\/uploads\/2024\/02\/RUM-CACHACA-Masters-2024-Medal-GOLD-500x550.png 500w, https:\/\/www.banqero.com\/wp-content\/uploads\/2024\/02\/RUM-CACHACA-Masters-2024-Medal-GOLD-600x660.png 600w, https:\/\/www.banqero.com\/wp-content\/uploads\/2024\/02\/RUM-CACHACA-Masters-2024-Medal-GOLD-700x770.png 700w, https:\/\/www.banqero.com\/wp-content\/uploads\/2024\/02\/RUM-CACHACA-Masters-2024-Medal-GOLD-768x845.png 768w, https:\/\/www.banqero.com\/wp-content\/uploads\/2024\/02\/RUM-CACHACA-Masters-2024-Medal-GOLD-800x880.png 800w, https:\/\/www.banqero.com\/wp-content\/uploads\/2024\/02\/RUM-CACHACA-Masters-2024-Medal-GOLD-931x1024.png 931w, https:\/\/www.banqero.com\/wp-content\/uploads\/2024\/02\/RUM-CACHACA-Masters-2024-Medal-GOLD-1200x1320.png 1200w, https:\/\/www.banqero.com\/wp-content\/uploads\/2024\/02\/RUM-CACHACA-Masters-2024-Medal-GOLD-1396x1536.png 1396w, https:\/\/www.banqero.com\/wp-content\/uploads\/2024\/02\/RUM-CACHACA-Masters-2024-Medal-GOLD-1862x2048.png 1862w, https:\/\/www.banqero.com\/wp-content\/uploads\/2024\/02\/RUM-CACHACA-Masters-2024-Medal-GOLD.png 2362w\" sizes=\"(max-width: 69px) 100vw, 69px\" \/><img decoding=\"async\" class=\"alignnone wp-image-48040\" src=\"https:\/\/www.banqero.com\/wp-content\/uploads\/2023\/05\/spirits-master-gold-2023.png\" alt=\"\" width=\"76\" height=\"76\" srcset=\"https:\/\/www.banqero.com\/wp-content\/uploads\/2023\/05\/spirits-master-gold-2023-66x66.png 66w, https:\/\/www.banqero.com\/wp-content\/uploads\/2023\/05\/spirits-master-gold-2023-100x100.png 100w, https:\/\/www.banqero.com\/wp-content\/uploads\/2023\/05\/spirits-master-gold-2023-150x150.png 150w, https:\/\/www.banqero.com\/wp-content\/uploads\/2023\/05\/spirits-master-gold-2023-200x200.png 200w, https:\/\/www.banqero.com\/wp-content\/uploads\/2023\/05\/spirits-master-gold-2023-300x300.png 300w, https:\/\/www.banqero.com\/wp-content\/uploads\/2023\/05\/spirits-master-gold-2023-400x400.png 400w, https:\/\/www.banqero.com\/wp-content\/uploads\/2023\/05\/spirits-master-gold-2023-500x500.png 500w, https:\/\/www.banqero.com\/wp-content\/uploads\/2023\/05\/spirits-master-gold-2023-600x600.png 600w, https:\/\/www.banqero.com\/wp-content\/uploads\/2023\/05\/spirits-master-gold-2023-700x700.png 700w, https:\/\/www.banqero.com\/wp-content\/uploads\/2023\/05\/spirits-master-gold-2023-768x768.png 768w, https:\/\/www.banqero.com\/wp-content\/uploads\/2023\/05\/spirits-master-gold-2023-800x800.png 800w, https:\/\/www.banqero.com\/wp-content\/uploads\/2023\/05\/spirits-master-gold-2023-1024x1024.png 1024w, https:\/\/www.banqero.com\/wp-content\/uploads\/2023\/05\/spirits-master-gold-2023-1200x1200.png 1200w, https:\/\/www.banqero.com\/wp-content\/uploads\/2023\/05\/spirits-master-gold-2023-1536x1536.png 1536w, https:\/\/www.banqero.com\/wp-content\/uploads\/2023\/05\/spirits-master-gold-2023.png 2048w\" sizes=\"(max-width: 76px) 100vw, 76px\" \/><img decoding=\"async\" class=\"alignnone wp-image-48031\" src=\"https:\/\/www.banqero.com\/wp-content\/uploads\/2023\/05\/iwsc-2023.png\" alt=\"\" width=\"76\" height=\"76\" srcset=\"https:\/\/www.banqero.com\/wp-content\/uploads\/2023\/05\/iwsc-2023-66x66.png 66w, https:\/\/www.banqero.com\/wp-content\/uploads\/2023\/05\/iwsc-2023-100x100.png 100w, https:\/\/www.banqero.com\/wp-content\/uploads\/2023\/05\/iwsc-2023-150x150.png 150w, https:\/\/www.banqero.com\/wp-content\/uploads\/2023\/05\/iwsc-2023-200x200.png 200w, https:\/\/www.banqero.com\/wp-content\/uploads\/2023\/05\/iwsc-2023-300x300.png 300w, https:\/\/www.banqero.com\/wp-content\/uploads\/2023\/05\/iwsc-2023.png 340w\" sizes=\"(max-width: 76px) 100vw, 76px\" \/> \u00a0<img decoding=\"async\" class=\"alignnone wp-image-48027\" src=\"https:\/\/www.banqero.com\/wp-content\/uploads\/2023\/05\/london-spirits-competition-2023.png\" alt=\"\" width=\"76\" height=\"76\" srcset=\"https:\/\/www.banqero.com\/wp-content\/uploads\/2023\/05\/london-spirits-competition-2023-66x66.png 66w, https:\/\/www.banqero.com\/wp-content\/uploads\/2023\/05\/london-spirits-competition-2023-100x100.png 100w, https:\/\/www.banqero.com\/wp-content\/uploads\/2023\/05\/london-spirits-competition-2023-150x150.png 150w, https:\/\/www.banqero.com\/wp-content\/uploads\/2023\/05\/london-spirits-competition-2023-200x200.png 200w, https:\/\/www.banqero.com\/wp-content\/uploads\/2023\/05\/london-spirits-competition-2023-300x300.png 300w, https:\/\/www.banqero.com\/wp-content\/uploads\/2023\/05\/london-spirits-competition-2023-400x400.png 400w, https:\/\/www.banqero.com\/wp-content\/uploads\/2023\/05\/london-spirits-competition-2023-500x500.png 500w, https:\/\/www.banqero.com\/wp-content\/uploads\/2023\/05\/london-spirits-competition-2023-600x600.png 600w, https:\/\/www.banqero.com\/wp-content\/uploads\/2023\/05\/london-spirits-competition-2023-700x700.png 700w, https:\/\/www.banqero.com\/wp-content\/uploads\/2023\/05\/london-spirits-competition-2023-768x768.png 768w, https:\/\/www.banqero.com\/wp-content\/uploads\/2023\/05\/london-spirits-competition-2023-800x800.png 800w, https:\/\/www.banqero.com\/wp-content\/uploads\/2023\/05\/london-spirits-competition-2023.png 1000w\" sizes=\"(max-width: 76px) 100vw, 76px\" \/><\/p>\n<p>&nbsp;<\/p>\n","protected":false},"excerpt":{"rendered":"<p>BANQERO Arrack ist eine Mischung aus gealterten Rums aus den Antillen und Ostindien. Damit feiern wir in einer farbenfrohen Flasche, die den Tropen Tribut zollt, die unglaubliche Vielfalt der Rumsorten aus der Welt. Die Nase wird mit Noten von Kaffee, Karamell und Tabak verw\u00f6hnt, die sich miteinander vermischen, um dich in eine vielf\u00e4ltige Genusswelt zu entf\u00fchren. Am Gaumen versp\u00fcrt man einen s\u00fcssen Rum mit einer guten Portion Charakter, mit pflanzlichen Noten und warmen Gew\u00fcrzen, die sich mit Vanille vermischen. Ein harziger Abgang mit Noten von getrocknetem Tabak, deren Geschmack lange im Mund anh\u00e4lt.<\/p>\n<p>BANQERO XO Guatemala wird aus einheimischem Zuckerrohrhonig destilliert und verk\u00f6rpert die Quintessenz des guatemaltekischen Know-hows. Der Rum reift in Mittelamerika 4 Jahre in Bourbonf\u00e4ssern und der Reifungsprozess schlie\u00dft in der Schweiz 24 Monate in Mitis-F\u00e4ssern ab. Das Ergebnis ist eine \u201etemperierte\u201c Nase von braunem Zucker und tropischen gelben Fr\u00fcchten, wobei die Mango im Vordergrund steht. Der zarte und elegante Gaumen, mit den Noten von Karamell und wei\u00dfer Eiche wird mit einem Hauch von Vanille im Abgang kombiniert.<\/p>\n","protected":false},"featured_media":49344,"comment_status":"open","ping_status":"closed","template":"","meta":[],"product_brand":[],"product_cat":[105,95],"product_tag":[],"class_list":{"0":"post-49343","1":"product","2":"type-product","3":"status-publish","4":"has-post-thumbnail","6":"product_cat-blend-2","7":"product_cat-doppelalterung","9":"first","10":"instock","11":"shipping-taxable","12":"purchasable","13":"product-type-simple"},"yoast_head":"<!-- This site is optimized with the Yoast SEO plugin v27.5 - https:\/\/yoast.com\/product\/yoast-seo-wordpress\/ -->\n<title>Duo BANQERO Arrack &amp; XO Guatemala<\/title>\n<meta name=\"description\" content=\"Au\u00dfergew\u00f6hnlichen gealterten Rums: Blend aus gealterten Rums aus den Antillen und Ostindien f\u00fcr Arrack, 4 Jahre Alterung in den Tropen und 24 Monate in der Schweiz f\u00fcr Guatemala.\" \/>\n<meta name=\"robots\" content=\"index, follow, max-snippet:-1, max-image-preview:large, max-video-preview:-1\" \/>\n<link rel=\"canonical\" href=\"https:\/\/www.banqero.com\/de\/rhum\/rums-duo-banqero-arrack-xo-guatemala\/\" \/>\n<meta property=\"og:locale\" content=\"de_DE\" \/>\n<meta property=\"og:type\" content=\"article\" \/>\n<meta property=\"og:title\" content=\"Duo BANQERO Arrack &amp; XO Guatemala\" \/>\n<meta property=\"og:description\" content=\"Au\u00dfergew\u00f6hnlichen gealterten Rums: Blend aus gealterten Rums aus den Antillen und Ostindien f\u00fcr Arrack, 4 Jahre Alterung in den Tropen und 24 Monate in der Schweiz f\u00fcr Guatemala.\" \/>\n<meta property=\"og:url\" content=\"https:\/\/www.banqero.com\/de\/rhum\/rums-duo-banqero-arrack-xo-guatemala\/\" \/>\n<meta property=\"og:site_name\" content=\"BANQERO\" \/>\n<meta property=\"article:publisher\" content=\"https:\/\/www.facebook.com\/banqero\/\" \/>\n<meta property=\"article:modified_time\" content=\"2025-11-30T19:41:06+00:00\" \/>\n<meta property=\"og:image\" content=\"https:\/\/www.banqero.com\/wp-content\/uploads\/2025\/11\/xo-guatemala-arrack-1.png\" \/>\n\t<meta property=\"og:image:width\" content=\"1080\" \/>\n\t<meta property=\"og:image:height\" content=\"1080\" \/>\n\t<meta property=\"og:image:type\" content=\"image\/png\" \/>\n<meta name=\"twitter:card\" content=\"summary_large_image\" \/>\n<meta name=\"twitter:site\" content=\"@BanQero_Rum\" \/>\n<meta name=\"twitter:label1\" content=\"Gesch\u00e4tzte Lesezeit\" \/>\n\t<meta name=\"twitter:data1\" content=\"2\u00a0Minuten\" \/>\n<script type=\"application\/ld+json\" class=\"yoast-schema-graph\">{\"@context\":\"https:\\\/\\\/schema.org\",\"@graph\":[{\"@type\":\"WebPage\",\"@id\":\"https:\\\/\\\/www.banqero.com\\\/de\\\/rhum\\\/rums-duo-banqero-arrack-xo-guatemala\\\/\",\"url\":\"https:\\\/\\\/www.banqero.com\\\/de\\\/rhum\\\/rums-duo-banqero-arrack-xo-guatemala\\\/\",\"name\":\"Duo BANQERO Arrack & XO Guatemala\",\"isPartOf\":{\"@id\":\"https:\\\/\\\/www.banqero.com\\\/de\\\/#website\"},\"primaryImageOfPage\":{\"@id\":\"https:\\\/\\\/www.banqero.com\\\/de\\\/rhum\\\/rums-duo-banqero-arrack-xo-guatemala\\\/#primaryimage\"},\"image\":{\"@id\":\"https:\\\/\\\/www.banqero.com\\\/de\\\/rhum\\\/rums-duo-banqero-arrack-xo-guatemala\\\/#primaryimage\"},\"thumbnailUrl\":\"https:\\\/\\\/www.banqero.com\\\/wp-content\\\/uploads\\\/2025\\\/11\\\/xo-guatemala-arrack-1.png\",\"datePublished\":\"2025-11-30T19:28:39+00:00\",\"dateModified\":\"2025-11-30T19:41:06+00:00\",\"description\":\"Au\u00dfergew\u00f6hnlichen gealterten Rums: Blend aus gealterten Rums aus den Antillen und Ostindien f\u00fcr Arrack, 4 Jahre Alterung in den Tropen und 24 Monate in der Schweiz f\u00fcr Guatemala.\",\"breadcrumb\":{\"@id\":\"https:\\\/\\\/www.banqero.com\\\/de\\\/rhum\\\/rums-duo-banqero-arrack-xo-guatemala\\\/#breadcrumb\"},\"inLanguage\":\"de\",\"potentialAction\":[{\"@type\":\"ReadAction\",\"target\":[\"https:\\\/\\\/www.banqero.com\\\/de\\\/rhum\\\/rums-duo-banqero-arrack-xo-guatemala\\\/\"]}]},{\"@type\":\"ImageObject\",\"inLanguage\":\"de\",\"@id\":\"https:\\\/\\\/www.banqero.com\\\/de\\\/rhum\\\/rums-duo-banqero-arrack-xo-guatemala\\\/#primaryimage\",\"url\":\"https:\\\/\\\/www.banqero.com\\\/wp-content\\\/uploads\\\/2025\\\/11\\\/xo-guatemala-arrack-1.png\",\"contentUrl\":\"https:\\\/\\\/www.banqero.com\\\/wp-content\\\/uploads\\\/2025\\\/11\\\/xo-guatemala-arrack-1.png\",\"width\":1080,\"height\":1080,\"caption\":\"Duo BANQERO Arrack & XO Guatemala\"},{\"@type\":\"BreadcrumbList\",\"@id\":\"https:\\\/\\\/www.banqero.com\\\/de\\\/rhum\\\/rums-duo-banqero-arrack-xo-guatemala\\\/#breadcrumb\",\"itemListElement\":[{\"@type\":\"ListItem\",\"position\":1,\"name\":\"Accueil\",\"item\":\"https:\\\/\\\/www.banqero.com\\\/de\\\/\"},{\"@type\":\"ListItem\",\"position\":2,\"name\":\"SHOP\",\"item\":\"https:\\\/\\\/www.banqero.com\\\/de\\\/rum-shop\\\/\"},{\"@type\":\"ListItem\",\"position\":3,\"name\":\"Duo BANQERO Arrack &#038; XO Guatemala\"}]},{\"@type\":\"WebSite\",\"@id\":\"https:\\\/\\\/www.banqero.com\\\/de\\\/#website\",\"url\":\"https:\\\/\\\/www.banqero.com\\\/de\\\/\",\"name\":\"BANQERO\",\"description\":\"Swiss Premium Rum\",\"potentialAction\":[{\"@type\":\"SearchAction\",\"target\":{\"@type\":\"EntryPoint\",\"urlTemplate\":\"https:\\\/\\\/www.banqero.com\\\/de\\\/?s={search_term_string}\"},\"query-input\":{\"@type\":\"PropertyValueSpecification\",\"valueRequired\":true,\"valueName\":\"search_term_string\"}}],\"inLanguage\":\"de\"}]}<\/script>\n<!-- \/ Yoast SEO plugin. -->","yoast_head_json":{"title":"Duo BANQERO Arrack & XO Guatemala","description":"Au\u00dfergew\u00f6hnlichen gealterten Rums: Blend aus gealterten Rums aus den Antillen und Ostindien f\u00fcr Arrack, 4 Jahre Alterung in den Tropen und 24 Monate in der Schweiz f\u00fcr Guatemala.","robots":{"index":"index","follow":"follow","max-snippet":"max-snippet:-1","max-image-preview":"max-image-preview:large","max-video-preview":"max-video-preview:-1"},"canonical":"https:\/\/www.banqero.com\/de\/rhum\/rums-duo-banqero-arrack-xo-guatemala\/","og_locale":"de_DE","og_type":"article","og_title":"Duo BANQERO Arrack & XO Guatemala","og_description":"Au\u00dfergew\u00f6hnlichen gealterten Rums: Blend aus gealterten Rums aus den Antillen und Ostindien f\u00fcr Arrack, 4 Jahre Alterung in den Tropen und 24 Monate in der Schweiz f\u00fcr Guatemala.","og_url":"https:\/\/www.banqero.com\/de\/rhum\/rums-duo-banqero-arrack-xo-guatemala\/","og_site_name":"BANQERO","article_publisher":"https:\/\/www.facebook.com\/banqero\/","article_modified_time":"2025-11-30T19:41:06+00:00","og_image":[{"width":1080,"height":1080,"url":"https:\/\/www.banqero.com\/wp-content\/uploads\/2025\/11\/xo-guatemala-arrack-1.png","type":"image\/png"}],"twitter_card":"summary_large_image","twitter_site":"@BanQero_Rum","twitter_misc":{"Gesch\u00e4tzte Lesezeit":"2\u00a0Minuten"},"schema":{"@context":"https:\/\/schema.org","@graph":[{"@type":"WebPage","@id":"https:\/\/www.banqero.com\/de\/rhum\/rums-duo-banqero-arrack-xo-guatemala\/","url":"https:\/\/www.banqero.com\/de\/rhum\/rums-duo-banqero-arrack-xo-guatemala\/","name":"Duo BANQERO Arrack & XO Guatemala","isPartOf":{"@id":"https:\/\/www.banqero.com\/de\/#website"},"primaryImageOfPage":{"@id":"https:\/\/www.banqero.com\/de\/rhum\/rums-duo-banqero-arrack-xo-guatemala\/#primaryimage"},"image":{"@id":"https:\/\/www.banqero.com\/de\/rhum\/rums-duo-banqero-arrack-xo-guatemala\/#primaryimage"},"thumbnailUrl":"https:\/\/www.banqero.com\/wp-content\/uploads\/2025\/11\/xo-guatemala-arrack-1.png","datePublished":"2025-11-30T19:28:39+00:00","dateModified":"2025-11-30T19:41:06+00:00","description":"Au\u00dfergew\u00f6hnlichen gealterten Rums: Blend aus gealterten Rums aus den Antillen und Ostindien f\u00fcr Arrack, 4 Jahre Alterung in den Tropen und 24 Monate in der Schweiz f\u00fcr Guatemala.","breadcrumb":{"@id":"https:\/\/www.banqero.com\/de\/rhum\/rums-duo-banqero-arrack-xo-guatemala\/#breadcrumb"},"inLanguage":"de","potentialAction":[{"@type":"ReadAction","target":["https:\/\/www.banqero.com\/de\/rhum\/rums-duo-banqero-arrack-xo-guatemala\/"]}]},{"@type":"ImageObject","inLanguage":"de","@id":"https:\/\/www.banqero.com\/de\/rhum\/rums-duo-banqero-arrack-xo-guatemala\/#primaryimage","url":"https:\/\/www.banqero.com\/wp-content\/uploads\/2025\/11\/xo-guatemala-arrack-1.png","contentUrl":"https:\/\/www.banqero.com\/wp-content\/uploads\/2025\/11\/xo-guatemala-arrack-1.png","width":1080,"height":1080,"caption":"Duo BANQERO Arrack & XO Guatemala"},{"@type":"BreadcrumbList","@id":"https:\/\/www.banqero.com\/de\/rhum\/rums-duo-banqero-arrack-xo-guatemala\/#breadcrumb","itemListElement":[{"@type":"ListItem","position":1,"name":"Accueil","item":"https:\/\/www.banqero.com\/de\/"},{"@type":"ListItem","position":2,"name":"SHOP","item":"https:\/\/www.banqero.com\/de\/rum-shop\/"},{"@type":"ListItem","position":3,"name":"Duo BANQERO Arrack &#038; XO Guatemala"}]},{"@type":"WebSite","@id":"https:\/\/www.banqero.com\/de\/#website","url":"https:\/\/www.banqero.com\/de\/","name":"BANQERO","description":"Swiss Premium Rum","potentialAction":[{"@type":"SearchAction","target":{"@type":"EntryPoint","urlTemplate":"https:\/\/www.banqero.com\/de\/?s={search_term_string}"},"query-input":{"@type":"PropertyValueSpecification","valueRequired":true,"valueName":"search_term_string"}}],"inLanguage":"de"}]}},"_links":{"self":[{"href":"https:\/\/www.banqero.com\/de\/wp-json\/wp\/v2\/product\/49343","targetHints":{"allow":["GET"]}}],"collection":[{"href":"https:\/\/www.banqero.com\/de\/wp-json\/wp\/v2\/product"}],"about":[{"href":"https:\/\/www.banqero.com\/de\/wp-json\/wp\/v2\/types\/product"}],"replies":[{"embeddable":true,"href":"https:\/\/www.banqero.com\/de\/wp-json\/wp\/v2\/comments?post=49343"}],"wp:featuredmedia":[{"embeddable":true,"href":"https:\/\/www.banqero.com\/de\/wp-json\/wp\/v2\/media\/49344"}],"wp:attachment":[{"href":"https:\/\/www.banqero.com\/de\/wp-json\/wp\/v2\/media?parent=49343"}],"wp:term":[{"taxonomy":"product_brand","embeddable":true,"href":"https:\/\/www.banqero.com\/de\/wp-json\/wp\/v2\/product_brand?post=49343"},{"taxonomy":"product_cat","embeddable":true,"href":"https:\/\/www.banqero.com\/de\/wp-json\/wp\/v2\/product_cat?post=49343"},{"taxonomy":"product_tag","embeddable":true,"href":"https:\/\/www.banqero.com\/de\/wp-json\/wp\/v2\/product_tag?post=49343"}],"curies":[{"name":"wp","href":"https:\/\/api.w.org\/{rel}","templated":true}]}}