{"id":48593,"date":"2024-01-24T20:58:45","date_gmt":"2024-01-24T19:58:45","guid":{"rendered":"https:\/\/www.banqero.com\/?post_type=product&#038;p=48593"},"modified":"2025-05-04T16:12:14","modified_gmt":"2025-05-04T14:12:14","slug":"banqero-brut-venezuela","status":"publish","type":"product","link":"https:\/\/www.banqero.com\/de\/rhum\/banqero-brut-venezuela\/","title":{"rendered":"BANQERO BRUT Venezuela mit Box"},"content":{"rendered":"<p>&#8211; 1st release &#8211;<\/p>\n<ul>\n<li>Herkunftsl\u00e4nder: Venezuela<\/li>\n<li>Destillerie: Destileria Sofa<\/li>\n<li>Alkoholgehalt: 54.8% vol<\/li>\n<li>Fassungsverm\u00f6gen: 70 cl<\/li>\n<li>Typ: Rum aus Melasse<\/li>\n<li>Destillation: 100% Pot Still<\/li>\n<li>Destillationsjahr: 2018<\/li>\n<li>Jahr der Abf\u00fcllung: 2025<\/li>\n<li>Tropische Reifung in Venezuela: 4 Jahre in Bourbonf\u00e4ssern<\/li>\n<li>Kontinentale Reifung in der Schweiz: 36 Monate im Cornalin-Fass<\/li>\n<li>Fass: Nr. 27<\/li>\n<li>Anzahl der Flaschen: 381<\/li>\n<li>Zuckergehalt: 0 g\/Liter<\/li>\n<li>Zusatzstoffe: keine<\/li>\n<li>Gustatorische Wahrnehmung:\n<ul>\n<li>Nase: gebratene Ananas, Rohrzuckersirup, gekochte Vanille<\/li>\n<li>Gaumen: reife tropische gelbe Fr\u00fcchte, Pflaume und kandierte Fr\u00fcchte, langer w\u00fcrziger Abgang mit Schwarzkirsche<\/li>\n<\/ul>\n<\/li>\n<li>Trinkempfehlung: trocken, bei Bedarf mit einigen Tropfen destilliertem Wasser<\/li>\n<\/ul>\n","protected":false},"excerpt":{"rendered":"<p>BANQERO BRUT Venezuela pr\u00e4sentiert sich als Herzst\u00fcck dieser neuen Reihe. Dieser Melasse-Rum wurde 2018 exklusiv in einer Brennblase (Pot Still) im Herzen eines Bergtals im Norden des Landes destilliert und entfaltet einen explosiven Charakter. Seine tropische Reifung von 4 Jahren in Bourbon-F\u00e4ssern in Venezuela, gefolgt von einer kontinentalen Reifung von 36 Monaten in der Schweiz in Cayas-F\u00e4ssern (Syrah aus dem Wallis), verleiht diesem Rum einen au\u00dfergew\u00f6hnlichen Charakter. Diese erste Veredelung \u201eCask No. 27\u201c f\u00fchrt zu einer Abf\u00fcllung von 381 nummerierten Flaschen.<\/p>\n<p>Ohne Zuckerzusatz oder Zusatzstoffe gibt der BANQERO BRUT Venezuela gibt den Ton an mit einer kr\u00e4ftigen Nase mit Aromen von gebratener Ananas, Rohrzuckersirup auf einem Hintergrund von gekochter Vanille. Im Mund findet man einen Auftakt von reifen tropischen gelben Fr\u00fcchten auf einem kr\u00e4ftigen, k\u00f6rperreichen Ger\u00fcst von Pflaumen und kandierten Fr\u00fcchten f\u00fcr einen langen, w\u00fcrzigen Abgang mit schwarzen Kirschen. Eine echte, rohe Aromabombe f\u00fcr den erfahrenen Liebhaber auf der Suche nach starken Sensationen!<\/p>\n","protected":false},"featured_media":49158,"comment_status":"open","ping_status":"closed","template":"","meta":[],"product_brand":[],"product_cat":[109,95],"product_tag":[],"class_list":{"0":"post-48593","1":"product","2":"type-product","3":"status-publish","4":"has-post-thumbnail","6":"product_cat-brut-2","7":"product_cat-doppelalterung","9":"first","10":"instock","11":"shipping-taxable","12":"purchasable","13":"product-type-simple"},"yoast_head":"<!-- This site is optimized with the Yoast SEO plugin v27.5 - https:\/\/yoast.com\/product\/yoast-seo-wordpress\/ -->\n<title>Rum BANQERO BRUT Venezuela - Single cask<\/title>\n<meta name=\"description\" content=\"BANQERO BRUT Venezuela ist eine \u201eSingle Cask\u201c-Abf\u00fcllung, 100\u00a0% Pot Still. Er wird brut de f\u00fbt abgef\u00fcllt und ist der authentischste Ausdruck von Rum.\" \/>\n<meta name=\"robots\" content=\"index, follow, max-snippet:-1, max-image-preview:large, max-video-preview:-1\" \/>\n<link rel=\"canonical\" href=\"https:\/\/www.banqero.com\/de\/rhum\/banqero-brut-venezuela\/\" \/>\n<meta property=\"og:locale\" content=\"de_DE\" \/>\n<meta property=\"og:type\" content=\"article\" \/>\n<meta property=\"og:title\" content=\"Rum BANQERO BRUT Venezuela - Single cask\" \/>\n<meta property=\"og:description\" content=\"BANQERO BRUT Venezuela ist eine \u201eSingle Cask\u201c-Abf\u00fcllung, 100\u00a0% Pot Still. Er wird brut de f\u00fbt abgef\u00fcllt und ist der authentischste Ausdruck von Rum.\" \/>\n<meta property=\"og:url\" content=\"https:\/\/www.banqero.com\/de\/rhum\/banqero-brut-venezuela\/\" \/>\n<meta property=\"og:site_name\" content=\"BANQERO\" \/>\n<meta property=\"article:publisher\" content=\"https:\/\/www.facebook.com\/banqero\/\" \/>\n<meta property=\"article:modified_time\" content=\"2025-05-04T14:12:14+00:00\" \/>\n<meta property=\"og:image\" content=\"https:\/\/www.banqero.com\/wp-content\/uploads\/2024\/01\/Banqero-Venezuela-Box-and-bottle-mockup-scaled.png\" \/>\n\t<meta property=\"og:image:width\" content=\"2048\" \/>\n\t<meta property=\"og:image:height\" content=\"2048\" \/>\n\t<meta property=\"og:image:type\" content=\"image\/png\" \/>\n<meta name=\"twitter:card\" content=\"summary_large_image\" \/>\n<meta name=\"twitter:site\" content=\"@BanQero_Rum\" \/>\n<meta name=\"twitter:label1\" content=\"Gesch\u00e4tzte Lesezeit\" \/>\n\t<meta name=\"twitter:data1\" content=\"1\u00a0Minute\" \/>\n<script type=\"application\/ld+json\" class=\"yoast-schema-graph\">{\"@context\":\"https:\\\/\\\/schema.org\",\"@graph\":[{\"@type\":\"WebPage\",\"@id\":\"https:\\\/\\\/www.banqero.com\\\/de\\\/rhum\\\/banqero-brut-venezuela\\\/\",\"url\":\"https:\\\/\\\/www.banqero.com\\\/de\\\/rhum\\\/banqero-brut-venezuela\\\/\",\"name\":\"Rum BANQERO BRUT Venezuela - Single cask\",\"isPartOf\":{\"@id\":\"https:\\\/\\\/www.banqero.com\\\/de\\\/#website\"},\"primaryImageOfPage\":{\"@id\":\"https:\\\/\\\/www.banqero.com\\\/de\\\/rhum\\\/banqero-brut-venezuela\\\/#primaryimage\"},\"image\":{\"@id\":\"https:\\\/\\\/www.banqero.com\\\/de\\\/rhum\\\/banqero-brut-venezuela\\\/#primaryimage\"},\"thumbnailUrl\":\"https:\\\/\\\/www.banqero.com\\\/wp-content\\\/uploads\\\/2024\\\/01\\\/Banqero-Venezuela-Box-and-bottle-mockup-scaled.png\",\"datePublished\":\"2024-01-24T19:58:45+00:00\",\"dateModified\":\"2025-05-04T14:12:14+00:00\",\"description\":\"BANQERO BRUT Venezuela ist eine \u201eSingle Cask\u201c-Abf\u00fcllung, 100\u00a0% Pot Still. Er wird brut de f\u00fbt abgef\u00fcllt und ist der authentischste Ausdruck von Rum.\",\"breadcrumb\":{\"@id\":\"https:\\\/\\\/www.banqero.com\\\/de\\\/rhum\\\/banqero-brut-venezuela\\\/#breadcrumb\"},\"inLanguage\":\"de\",\"potentialAction\":[{\"@type\":\"ReadAction\",\"target\":[\"https:\\\/\\\/www.banqero.com\\\/de\\\/rhum\\\/banqero-brut-venezuela\\\/\"]}]},{\"@type\":\"ImageObject\",\"inLanguage\":\"de\",\"@id\":\"https:\\\/\\\/www.banqero.com\\\/de\\\/rhum\\\/banqero-brut-venezuela\\\/#primaryimage\",\"url\":\"https:\\\/\\\/www.banqero.com\\\/wp-content\\\/uploads\\\/2024\\\/01\\\/Banqero-Venezuela-Box-and-bottle-mockup-scaled.png\",\"contentUrl\":\"https:\\\/\\\/www.banqero.com\\\/wp-content\\\/uploads\\\/2024\\\/01\\\/Banqero-Venezuela-Box-and-bottle-mockup-scaled.png\",\"width\":2048,\"height\":2048},{\"@type\":\"BreadcrumbList\",\"@id\":\"https:\\\/\\\/www.banqero.com\\\/de\\\/rhum\\\/banqero-brut-venezuela\\\/#breadcrumb\",\"itemListElement\":[{\"@type\":\"ListItem\",\"position\":1,\"name\":\"Accueil\",\"item\":\"https:\\\/\\\/www.banqero.com\\\/de\\\/\"},{\"@type\":\"ListItem\",\"position\":2,\"name\":\"SHOP\",\"item\":\"https:\\\/\\\/www.banqero.com\\\/de\\\/rum-shop\\\/\"},{\"@type\":\"ListItem\",\"position\":3,\"name\":\"BANQERO BRUT Venezuela mit Box\"}]},{\"@type\":\"WebSite\",\"@id\":\"https:\\\/\\\/www.banqero.com\\\/de\\\/#website\",\"url\":\"https:\\\/\\\/www.banqero.com\\\/de\\\/\",\"name\":\"BANQERO\",\"description\":\"Swiss Premium Rum\",\"potentialAction\":[{\"@type\":\"SearchAction\",\"target\":{\"@type\":\"EntryPoint\",\"urlTemplate\":\"https:\\\/\\\/www.banqero.com\\\/de\\\/?s={search_term_string}\"},\"query-input\":{\"@type\":\"PropertyValueSpecification\",\"valueRequired\":true,\"valueName\":\"search_term_string\"}}],\"inLanguage\":\"de\"}]}<\/script>\n<!-- \/ Yoast SEO plugin. -->","yoast_head_json":{"title":"Rum BANQERO BRUT Venezuela - Single cask","description":"BANQERO BRUT Venezuela ist eine \u201eSingle Cask\u201c-Abf\u00fcllung, 100\u00a0% Pot Still. Er wird brut de f\u00fbt abgef\u00fcllt und ist der authentischste Ausdruck von Rum.","robots":{"index":"index","follow":"follow","max-snippet":"max-snippet:-1","max-image-preview":"max-image-preview:large","max-video-preview":"max-video-preview:-1"},"canonical":"https:\/\/www.banqero.com\/de\/rhum\/banqero-brut-venezuela\/","og_locale":"de_DE","og_type":"article","og_title":"Rum BANQERO BRUT Venezuela - Single cask","og_description":"BANQERO BRUT Venezuela ist eine \u201eSingle Cask\u201c-Abf\u00fcllung, 100\u00a0% Pot Still. Er wird brut de f\u00fbt abgef\u00fcllt und ist der authentischste Ausdruck von Rum.","og_url":"https:\/\/www.banqero.com\/de\/rhum\/banqero-brut-venezuela\/","og_site_name":"BANQERO","article_publisher":"https:\/\/www.facebook.com\/banqero\/","article_modified_time":"2025-05-04T14:12:14+00:00","og_image":[{"width":2048,"height":2048,"url":"https:\/\/www.banqero.com\/wp-content\/uploads\/2024\/01\/Banqero-Venezuela-Box-and-bottle-mockup-scaled.png","type":"image\/png"}],"twitter_card":"summary_large_image","twitter_site":"@BanQero_Rum","twitter_misc":{"Gesch\u00e4tzte Lesezeit":"1\u00a0Minute"},"schema":{"@context":"https:\/\/schema.org","@graph":[{"@type":"WebPage","@id":"https:\/\/www.banqero.com\/de\/rhum\/banqero-brut-venezuela\/","url":"https:\/\/www.banqero.com\/de\/rhum\/banqero-brut-venezuela\/","name":"Rum BANQERO BRUT Venezuela - Single cask","isPartOf":{"@id":"https:\/\/www.banqero.com\/de\/#website"},"primaryImageOfPage":{"@id":"https:\/\/www.banqero.com\/de\/rhum\/banqero-brut-venezuela\/#primaryimage"},"image":{"@id":"https:\/\/www.banqero.com\/de\/rhum\/banqero-brut-venezuela\/#primaryimage"},"thumbnailUrl":"https:\/\/www.banqero.com\/wp-content\/uploads\/2024\/01\/Banqero-Venezuela-Box-and-bottle-mockup-scaled.png","datePublished":"2024-01-24T19:58:45+00:00","dateModified":"2025-05-04T14:12:14+00:00","description":"BANQERO BRUT Venezuela ist eine \u201eSingle Cask\u201c-Abf\u00fcllung, 100\u00a0% Pot Still. Er wird brut de f\u00fbt abgef\u00fcllt und ist der authentischste Ausdruck von Rum.","breadcrumb":{"@id":"https:\/\/www.banqero.com\/de\/rhum\/banqero-brut-venezuela\/#breadcrumb"},"inLanguage":"de","potentialAction":[{"@type":"ReadAction","target":["https:\/\/www.banqero.com\/de\/rhum\/banqero-brut-venezuela\/"]}]},{"@type":"ImageObject","inLanguage":"de","@id":"https:\/\/www.banqero.com\/de\/rhum\/banqero-brut-venezuela\/#primaryimage","url":"https:\/\/www.banqero.com\/wp-content\/uploads\/2024\/01\/Banqero-Venezuela-Box-and-bottle-mockup-scaled.png","contentUrl":"https:\/\/www.banqero.com\/wp-content\/uploads\/2024\/01\/Banqero-Venezuela-Box-and-bottle-mockup-scaled.png","width":2048,"height":2048},{"@type":"BreadcrumbList","@id":"https:\/\/www.banqero.com\/de\/rhum\/banqero-brut-venezuela\/#breadcrumb","itemListElement":[{"@type":"ListItem","position":1,"name":"Accueil","item":"https:\/\/www.banqero.com\/de\/"},{"@type":"ListItem","position":2,"name":"SHOP","item":"https:\/\/www.banqero.com\/de\/rum-shop\/"},{"@type":"ListItem","position":3,"name":"BANQERO BRUT Venezuela mit Box"}]},{"@type":"WebSite","@id":"https:\/\/www.banqero.com\/de\/#website","url":"https:\/\/www.banqero.com\/de\/","name":"BANQERO","description":"Swiss Premium Rum","potentialAction":[{"@type":"SearchAction","target":{"@type":"EntryPoint","urlTemplate":"https:\/\/www.banqero.com\/de\/?s={search_term_string}"},"query-input":{"@type":"PropertyValueSpecification","valueRequired":true,"valueName":"search_term_string"}}],"inLanguage":"de"}]}},"_links":{"self":[{"href":"https:\/\/www.banqero.com\/de\/wp-json\/wp\/v2\/product\/48593","targetHints":{"allow":["GET"]}}],"collection":[{"href":"https:\/\/www.banqero.com\/de\/wp-json\/wp\/v2\/product"}],"about":[{"href":"https:\/\/www.banqero.com\/de\/wp-json\/wp\/v2\/types\/product"}],"replies":[{"embeddable":true,"href":"https:\/\/www.banqero.com\/de\/wp-json\/wp\/v2\/comments?post=48593"}],"wp:featuredmedia":[{"embeddable":true,"href":"https:\/\/www.banqero.com\/de\/wp-json\/wp\/v2\/media\/49158"}],"wp:attachment":[{"href":"https:\/\/www.banqero.com\/de\/wp-json\/wp\/v2\/media?parent=48593"}],"wp:term":[{"taxonomy":"product_brand","embeddable":true,"href":"https:\/\/www.banqero.com\/de\/wp-json\/wp\/v2\/product_brand?post=48593"},{"taxonomy":"product_cat","embeddable":true,"href":"https:\/\/www.banqero.com\/de\/wp-json\/wp\/v2\/product_cat?post=48593"},{"taxonomy":"product_tag","embeddable":true,"href":"https:\/\/www.banqero.com\/de\/wp-json\/wp\/v2\/product_tag?post=48593"}],"curies":[{"name":"wp","href":"https:\/\/api.w.org\/{rel}","templated":true}]}}