{"id":48592,"date":"2024-01-24T20:53:41","date_gmt":"2024-01-24T19:53:41","guid":{"rendered":"https:\/\/www.banqero.com\/?post_type=product&#038;p=48592"},"modified":"2025-05-04T16:12:30","modified_gmt":"2025-05-04T14:12:30","slug":"banqero-brut-salvador","status":"publish","type":"product","link":"https:\/\/www.banqero.com\/de\/rhum\/banqero-brut-salvador\/","title":{"rendered":"BANQERO BRUT Salvador mit Box"},"content":{"rendered":"<p>&#8211; 1st release &#8211;<\/p>\n<ul>\n<li>Herkunftsl\u00e4nder: Salvador<\/li>\n<li>Region: El Paisnal<\/li>\n<li>Alkoholgehalt: 55.6% vol<\/li>\n<li>Fassungsverm\u00f6gen: 70 cl<\/li>\n<li>Typ: Rum aus Melasse<\/li>\n<li>Destillation: Destilliers\u00e4ule<\/li>\n<li>Destillationsjahr: 2015<\/li>\n<li>Jahr der Abf\u00fcllung: 2025<\/li>\n<li>Tropische Reifung in Salvador: 6 Jahre in Bourbonf\u00e4ssern<\/li>\n<li>Kontinentale Reifung in der Schweiz: 48 Monate im Mitis-Fass (s\u00fc\u00dfer Wei\u00dfwein aus dem Wallis)<\/li>\n<li>Fass: Nr. 11<\/li>\n<li>Anzahl der Flaschen: 326<\/li>\n<li>Zuckergehalt: 0 g\/Liter<\/li>\n<li>Zusatzstoffe: keine<\/li>\n<li>Gustatorische Wahrnehmung:\n<ul>\n<li>Nase: Brownies, Waffeln, Bergamotte, Orangenschale<\/li>\n<li>Gaumen: Kakao, Kaffee, Vanille auf einem Abgang aus Wei\u00dfeiche und Kokosnuss<\/li>\n<\/ul>\n<\/li>\n<li>Trinkempfehlung: trocken, bei Bedarf mit einigen Tropfen destilliertem Wasser<\/li>\n<\/ul>\n","protected":false},"excerpt":{"rendered":"<p>Der BANQERO BRUT Salvador stammt von den fruchtbaren vulkanischen B\u00f6den von El Paisnal. Er zeichnet sich durch eine gro\u00dfartige, runde und samtige Struktur aus. Dieser Melasse-Rum, der 2015 in einer S\u00e4ulenbrennblase destilliert und 2025 abgef\u00fcllt wurde, ist derzeit der \u00e4lteste Rum, der von BANQERO angeboten wird. Er profitiert von einer ersten tropischen Reifung von 6 Jahren in Bourbon-F\u00e4ssern und einer zweiten Reifung von 48 Monaten in der Schweiz in Mitis-F\u00e4ssern (s\u00fc\u00dfer Wei\u00dfwein aus dem Wallis). Diese erste Veredelung \u201eCask No. 11\u201c f\u00fchrt zu einer Abf\u00fcllung von 326 nummerierten Flaschen.<\/p>\n<p>Ohne Zuckerzusatz oder Zusatzstoffe bietet der BANQERO BRUT Salvador eine runde und sehr harmonische Nase von Brownies, Waffeln, Bergamotte mit Orangenschale. Am Gaumen finden sich Noten von Kakao, Kaffee und Vanille, die in einen langen, eleganten Abgang von Wei\u00dfeiche und Kokosnuss \u00fcbergehen. Ein Rum, der trotz seiner \u00fcber 55\u00a0% eine wunderbare Ausgewogenheit und eine sehr sch\u00f6ne S\u00fc\u00dfe aufweist&#8230; F\u00fcr versierte Genie\u00dfer!<\/p>\n","protected":false},"featured_media":49161,"comment_status":"open","ping_status":"closed","template":"","meta":[],"product_brand":[],"product_cat":[109,95],"product_tag":[],"class_list":{"0":"post-48592","1":"product","2":"type-product","3":"status-publish","4":"has-post-thumbnail","6":"product_cat-brut-2","7":"product_cat-doppelalterung","9":"first","10":"instock","11":"shipping-taxable","12":"purchasable","13":"product-type-simple"},"yoast_head":"<!-- This site is optimized with the Yoast SEO plugin v27.5 - https:\/\/yoast.com\/product\/yoast-seo-wordpress\/ -->\n<title>Rum BANQERO BRUT Jamaica- Single cask<\/title>\n<meta name=\"description\" content=\"BANQERO BRUT Salvador ist eine \u201eSingle Cask\u201c-Abf\u00fcllung aus dem Jahr 2015. Er wird brut de f\u00fbt abgef\u00fcllt und ist der authentischste Ausdruck von Rum.\" \/>\n<meta name=\"robots\" content=\"index, follow, max-snippet:-1, max-image-preview:large, max-video-preview:-1\" \/>\n<link rel=\"canonical\" href=\"https:\/\/www.banqero.com\/de\/rhum\/banqero-brut-salvador\/\" \/>\n<meta property=\"og:locale\" content=\"de_DE\" \/>\n<meta property=\"og:type\" content=\"article\" \/>\n<meta property=\"og:title\" content=\"Rum BANQERO BRUT Jamaica- Single cask\" \/>\n<meta property=\"og:description\" content=\"BANQERO BRUT Salvador ist eine \u201eSingle Cask\u201c-Abf\u00fcllung aus dem Jahr 2015. Er wird brut de f\u00fbt abgef\u00fcllt und ist der authentischste Ausdruck von Rum.\" \/>\n<meta property=\"og:url\" content=\"https:\/\/www.banqero.com\/de\/rhum\/banqero-brut-salvador\/\" \/>\n<meta property=\"og:site_name\" content=\"BANQERO\" \/>\n<meta property=\"article:publisher\" content=\"https:\/\/www.facebook.com\/banqero\/\" \/>\n<meta property=\"article:modified_time\" content=\"2025-05-04T14:12:30+00:00\" \/>\n<meta property=\"og:image\" content=\"https:\/\/www.banqero.com\/wp-content\/uploads\/2024\/01\/Banqero-Salvador-Box-and-bottle-mockup-scaled.png\" \/>\n\t<meta property=\"og:image:width\" content=\"2048\" \/>\n\t<meta property=\"og:image:height\" content=\"2048\" \/>\n\t<meta property=\"og:image:type\" content=\"image\/png\" \/>\n<meta name=\"twitter:card\" content=\"summary_large_image\" \/>\n<meta name=\"twitter:site\" content=\"@BanQero_Rum\" \/>\n<meta name=\"twitter:label1\" content=\"Gesch\u00e4tzte Lesezeit\" \/>\n\t<meta name=\"twitter:data1\" content=\"1\u00a0Minute\" \/>\n<script type=\"application\/ld+json\" class=\"yoast-schema-graph\">{\"@context\":\"https:\\\/\\\/schema.org\",\"@graph\":[{\"@type\":\"WebPage\",\"@id\":\"https:\\\/\\\/www.banqero.com\\\/de\\\/rhum\\\/banqero-brut-salvador\\\/\",\"url\":\"https:\\\/\\\/www.banqero.com\\\/de\\\/rhum\\\/banqero-brut-salvador\\\/\",\"name\":\"Rum BANQERO BRUT Jamaica- Single cask\",\"isPartOf\":{\"@id\":\"https:\\\/\\\/www.banqero.com\\\/de\\\/#website\"},\"primaryImageOfPage\":{\"@id\":\"https:\\\/\\\/www.banqero.com\\\/de\\\/rhum\\\/banqero-brut-salvador\\\/#primaryimage\"},\"image\":{\"@id\":\"https:\\\/\\\/www.banqero.com\\\/de\\\/rhum\\\/banqero-brut-salvador\\\/#primaryimage\"},\"thumbnailUrl\":\"https:\\\/\\\/www.banqero.com\\\/wp-content\\\/uploads\\\/2024\\\/01\\\/Banqero-Salvador-Box-and-bottle-mockup-scaled.png\",\"datePublished\":\"2024-01-24T19:53:41+00:00\",\"dateModified\":\"2025-05-04T14:12:30+00:00\",\"description\":\"BANQERO BRUT Salvador ist eine \u201eSingle Cask\u201c-Abf\u00fcllung aus dem Jahr 2015. Er wird brut de f\u00fbt abgef\u00fcllt und ist der authentischste Ausdruck von Rum.\",\"breadcrumb\":{\"@id\":\"https:\\\/\\\/www.banqero.com\\\/de\\\/rhum\\\/banqero-brut-salvador\\\/#breadcrumb\"},\"inLanguage\":\"de\",\"potentialAction\":[{\"@type\":\"ReadAction\",\"target\":[\"https:\\\/\\\/www.banqero.com\\\/de\\\/rhum\\\/banqero-brut-salvador\\\/\"]}]},{\"@type\":\"ImageObject\",\"inLanguage\":\"de\",\"@id\":\"https:\\\/\\\/www.banqero.com\\\/de\\\/rhum\\\/banqero-brut-salvador\\\/#primaryimage\",\"url\":\"https:\\\/\\\/www.banqero.com\\\/wp-content\\\/uploads\\\/2024\\\/01\\\/Banqero-Salvador-Box-and-bottle-mockup-scaled.png\",\"contentUrl\":\"https:\\\/\\\/www.banqero.com\\\/wp-content\\\/uploads\\\/2024\\\/01\\\/Banqero-Salvador-Box-and-bottle-mockup-scaled.png\",\"width\":2048,\"height\":2048},{\"@type\":\"BreadcrumbList\",\"@id\":\"https:\\\/\\\/www.banqero.com\\\/de\\\/rhum\\\/banqero-brut-salvador\\\/#breadcrumb\",\"itemListElement\":[{\"@type\":\"ListItem\",\"position\":1,\"name\":\"Accueil\",\"item\":\"https:\\\/\\\/www.banqero.com\\\/de\\\/\"},{\"@type\":\"ListItem\",\"position\":2,\"name\":\"SHOP\",\"item\":\"https:\\\/\\\/www.banqero.com\\\/de\\\/rum-shop\\\/\"},{\"@type\":\"ListItem\",\"position\":3,\"name\":\"BANQERO BRUT Salvador mit Box\"}]},{\"@type\":\"WebSite\",\"@id\":\"https:\\\/\\\/www.banqero.com\\\/de\\\/#website\",\"url\":\"https:\\\/\\\/www.banqero.com\\\/de\\\/\",\"name\":\"BANQERO\",\"description\":\"Swiss Premium Rum\",\"potentialAction\":[{\"@type\":\"SearchAction\",\"target\":{\"@type\":\"EntryPoint\",\"urlTemplate\":\"https:\\\/\\\/www.banqero.com\\\/de\\\/?s={search_term_string}\"},\"query-input\":{\"@type\":\"PropertyValueSpecification\",\"valueRequired\":true,\"valueName\":\"search_term_string\"}}],\"inLanguage\":\"de\"}]}<\/script>\n<!-- \/ Yoast SEO plugin. -->","yoast_head_json":{"title":"Rum BANQERO BRUT Jamaica- Single cask","description":"BANQERO BRUT Salvador ist eine \u201eSingle Cask\u201c-Abf\u00fcllung aus dem Jahr 2015. Er wird brut de f\u00fbt abgef\u00fcllt und ist der authentischste Ausdruck von Rum.","robots":{"index":"index","follow":"follow","max-snippet":"max-snippet:-1","max-image-preview":"max-image-preview:large","max-video-preview":"max-video-preview:-1"},"canonical":"https:\/\/www.banqero.com\/de\/rhum\/banqero-brut-salvador\/","og_locale":"de_DE","og_type":"article","og_title":"Rum BANQERO BRUT Jamaica- Single cask","og_description":"BANQERO BRUT Salvador ist eine \u201eSingle Cask\u201c-Abf\u00fcllung aus dem Jahr 2015. Er wird brut de f\u00fbt abgef\u00fcllt und ist der authentischste Ausdruck von Rum.","og_url":"https:\/\/www.banqero.com\/de\/rhum\/banqero-brut-salvador\/","og_site_name":"BANQERO","article_publisher":"https:\/\/www.facebook.com\/banqero\/","article_modified_time":"2025-05-04T14:12:30+00:00","og_image":[{"width":2048,"height":2048,"url":"https:\/\/www.banqero.com\/wp-content\/uploads\/2024\/01\/Banqero-Salvador-Box-and-bottle-mockup-scaled.png","type":"image\/png"}],"twitter_card":"summary_large_image","twitter_site":"@BanQero_Rum","twitter_misc":{"Gesch\u00e4tzte Lesezeit":"1\u00a0Minute"},"schema":{"@context":"https:\/\/schema.org","@graph":[{"@type":"WebPage","@id":"https:\/\/www.banqero.com\/de\/rhum\/banqero-brut-salvador\/","url":"https:\/\/www.banqero.com\/de\/rhum\/banqero-brut-salvador\/","name":"Rum BANQERO BRUT Jamaica- Single cask","isPartOf":{"@id":"https:\/\/www.banqero.com\/de\/#website"},"primaryImageOfPage":{"@id":"https:\/\/www.banqero.com\/de\/rhum\/banqero-brut-salvador\/#primaryimage"},"image":{"@id":"https:\/\/www.banqero.com\/de\/rhum\/banqero-brut-salvador\/#primaryimage"},"thumbnailUrl":"https:\/\/www.banqero.com\/wp-content\/uploads\/2024\/01\/Banqero-Salvador-Box-and-bottle-mockup-scaled.png","datePublished":"2024-01-24T19:53:41+00:00","dateModified":"2025-05-04T14:12:30+00:00","description":"BANQERO BRUT Salvador ist eine \u201eSingle Cask\u201c-Abf\u00fcllung aus dem Jahr 2015. Er wird brut de f\u00fbt abgef\u00fcllt und ist der authentischste Ausdruck von Rum.","breadcrumb":{"@id":"https:\/\/www.banqero.com\/de\/rhum\/banqero-brut-salvador\/#breadcrumb"},"inLanguage":"de","potentialAction":[{"@type":"ReadAction","target":["https:\/\/www.banqero.com\/de\/rhum\/banqero-brut-salvador\/"]}]},{"@type":"ImageObject","inLanguage":"de","@id":"https:\/\/www.banqero.com\/de\/rhum\/banqero-brut-salvador\/#primaryimage","url":"https:\/\/www.banqero.com\/wp-content\/uploads\/2024\/01\/Banqero-Salvador-Box-and-bottle-mockup-scaled.png","contentUrl":"https:\/\/www.banqero.com\/wp-content\/uploads\/2024\/01\/Banqero-Salvador-Box-and-bottle-mockup-scaled.png","width":2048,"height":2048},{"@type":"BreadcrumbList","@id":"https:\/\/www.banqero.com\/de\/rhum\/banqero-brut-salvador\/#breadcrumb","itemListElement":[{"@type":"ListItem","position":1,"name":"Accueil","item":"https:\/\/www.banqero.com\/de\/"},{"@type":"ListItem","position":2,"name":"SHOP","item":"https:\/\/www.banqero.com\/de\/rum-shop\/"},{"@type":"ListItem","position":3,"name":"BANQERO BRUT Salvador mit Box"}]},{"@type":"WebSite","@id":"https:\/\/www.banqero.com\/de\/#website","url":"https:\/\/www.banqero.com\/de\/","name":"BANQERO","description":"Swiss Premium Rum","potentialAction":[{"@type":"SearchAction","target":{"@type":"EntryPoint","urlTemplate":"https:\/\/www.banqero.com\/de\/?s={search_term_string}"},"query-input":{"@type":"PropertyValueSpecification","valueRequired":true,"valueName":"search_term_string"}}],"inLanguage":"de"}]}},"_links":{"self":[{"href":"https:\/\/www.banqero.com\/de\/wp-json\/wp\/v2\/product\/48592","targetHints":{"allow":["GET"]}}],"collection":[{"href":"https:\/\/www.banqero.com\/de\/wp-json\/wp\/v2\/product"}],"about":[{"href":"https:\/\/www.banqero.com\/de\/wp-json\/wp\/v2\/types\/product"}],"replies":[{"embeddable":true,"href":"https:\/\/www.banqero.com\/de\/wp-json\/wp\/v2\/comments?post=48592"}],"wp:featuredmedia":[{"embeddable":true,"href":"https:\/\/www.banqero.com\/de\/wp-json\/wp\/v2\/media\/49161"}],"wp:attachment":[{"href":"https:\/\/www.banqero.com\/de\/wp-json\/wp\/v2\/media?parent=48592"}],"wp:term":[{"taxonomy":"product_brand","embeddable":true,"href":"https:\/\/www.banqero.com\/de\/wp-json\/wp\/v2\/product_brand?post=48592"},{"taxonomy":"product_cat","embeddable":true,"href":"https:\/\/www.banqero.com\/de\/wp-json\/wp\/v2\/product_cat?post=48592"},{"taxonomy":"product_tag","embeddable":true,"href":"https:\/\/www.banqero.com\/de\/wp-json\/wp\/v2\/product_tag?post=48592"}],"curies":[{"name":"wp","href":"https:\/\/api.w.org\/{rel}","templated":true}]}}