{"id":48591,"date":"2024-01-24T20:41:29","date_gmt":"2024-01-24T19:41:29","guid":{"rendered":"https:\/\/www.banqero.com\/?post_type=product&#038;p=48591"},"modified":"2025-06-05T20:47:06","modified_gmt":"2025-06-05T18:47:06","slug":"banqero-brut-jamaica","status":"publish","type":"product","link":"https:\/\/www.banqero.com\/de\/rhum\/banqero-brut-jamaica\/","title":{"rendered":"BANQERO BRUT Jamaica mit Box"},"content":{"rendered":"<p>&#8211; 2nd release &#8211;<\/p>\n<ul>\n<li>Herkunftsl\u00e4nder: Jamaica<\/li>\n<li>Region: Lluidas Vale<\/li>\n<li>Alkoholgehalt: 52.9% vol<\/li>\n<li>Fassungsverm\u00f6gen: 70 cl<\/li>\n<li>Typ: Rum aus Melasse<\/li>\n<li>Destillation: 100% Pot Still<\/li>\n<li>Destillationsjahr: 2018<\/li>\n<li>Jahr der Abf\u00fcllung: 2025<\/li>\n<li>Tropische Reifung in Jamaika: 4 Jahre in Bourbonf\u00e4ssern<br \/>\nKontinentale Reifung in der Schweiz: 36 Monate im Merlot-Fass<\/li>\n<li>Fass: Nr. 24<\/li>\n<li>Anzahl der Flaschen: 382<\/li>\n<li>Zuckergehalt: 0 g\/Liter<\/li>\n<li>Zusatzstoffe: keine<\/li>\n<li>Verkostung:\n<ul>\n<li>Nase: gelbe tropische Fr\u00fcchte, gr\u00fcner Apfel, Pfeffer<\/li>\n<li>Gaumen: Ananas, Banane und Zimt auf einem pflanzlichen und pfeffrigen Hintergrund.<\/li>\n<\/ul>\n<\/li>\n<li>Trinkempfehlung: trocken, bei Bedarf mit einigen Tropfen destilliertem Wasser<\/li>\n<li>Ehrungen:<\/li>\n<\/ul>\n<p style=\"padding-left: 40px;\"><img decoding=\"async\" class=\"alignnone wp-image-49219\" src=\"https:\/\/www.banqero.com\/wp-content\/uploads\/2024\/01\/RUM-CACHACA-Masters-2025-Medal-GOLD-scaled.png\" alt=\"\" width=\"69\" height=\"76\" srcset=\"https:\/\/www.banqero.com\/wp-content\/uploads\/2024\/01\/RUM-CACHACA-Masters-2025-Medal-GOLD-200x220.png 200w, https:\/\/www.banqero.com\/wp-content\/uploads\/2024\/01\/RUM-CACHACA-Masters-2025-Medal-GOLD-273x300.png 273w, https:\/\/www.banqero.com\/wp-content\/uploads\/2024\/01\/RUM-CACHACA-Masters-2025-Medal-GOLD-400x440.png 400w, https:\/\/www.banqero.com\/wp-content\/uploads\/2024\/01\/RUM-CACHACA-Masters-2025-Medal-GOLD-500x550.png 500w, https:\/\/www.banqero.com\/wp-content\/uploads\/2024\/01\/RUM-CACHACA-Masters-2025-Medal-GOLD-600x660.png 600w, https:\/\/www.banqero.com\/wp-content\/uploads\/2024\/01\/RUM-CACHACA-Masters-2025-Medal-GOLD-700x770.png 700w, https:\/\/www.banqero.com\/wp-content\/uploads\/2024\/01\/RUM-CACHACA-Masters-2025-Medal-GOLD-768x845.png 768w, https:\/\/www.banqero.com\/wp-content\/uploads\/2024\/01\/RUM-CACHACA-Masters-2025-Medal-GOLD-800x880.png 800w, https:\/\/www.banqero.com\/wp-content\/uploads\/2024\/01\/RUM-CACHACA-Masters-2025-Medal-GOLD-931x1024.png 931w, https:\/\/www.banqero.com\/wp-content\/uploads\/2024\/01\/RUM-CACHACA-Masters-2025-Medal-GOLD-1200x1320.png 1200w, https:\/\/www.banqero.com\/wp-content\/uploads\/2024\/01\/RUM-CACHACA-Masters-2025-Medal-GOLD-1396x1536.png 1396w, https:\/\/www.banqero.com\/wp-content\/uploads\/2024\/01\/RUM-CACHACA-Masters-2025-Medal-GOLD-scaled.png 1862w\" sizes=\"(max-width: 69px) 100vw, 69px\" \/>\u00a0 \u00a0 \u00a0<img decoding=\"async\" class=\"alignnone wp-image-49213\" src=\"https:\/\/www.banqero.com\/wp-content\/uploads\/2024\/01\/LSC_91points_2025.png\" alt=\"\" width=\"76\" height=\"76\" srcset=\"https:\/\/www.banqero.com\/wp-content\/uploads\/2024\/01\/LSC_91points_2025-66x66.png 66w, https:\/\/www.banqero.com\/wp-content\/uploads\/2024\/01\/LSC_91points_2025-100x100.png 100w, https:\/\/www.banqero.com\/wp-content\/uploads\/2024\/01\/LSC_91points_2025-150x150.png 150w, https:\/\/www.banqero.com\/wp-content\/uploads\/2024\/01\/LSC_91points_2025-200x200.png 200w, https:\/\/www.banqero.com\/wp-content\/uploads\/2024\/01\/LSC_91points_2025-300x300.png 300w, https:\/\/www.banqero.com\/wp-content\/uploads\/2024\/01\/LSC_91points_2025-400x400.png 400w, https:\/\/www.banqero.com\/wp-content\/uploads\/2024\/01\/LSC_91points_2025-500x500.png 500w, https:\/\/www.banqero.com\/wp-content\/uploads\/2024\/01\/LSC_91points_2025-600x600.png 600w, https:\/\/www.banqero.com\/wp-content\/uploads\/2024\/01\/LSC_91points_2025-700x700.png 700w, https:\/\/www.banqero.com\/wp-content\/uploads\/2024\/01\/LSC_91points_2025-768x768.png 768w, https:\/\/www.banqero.com\/wp-content\/uploads\/2024\/01\/LSC_91points_2025-800x800.png 800w, https:\/\/www.banqero.com\/wp-content\/uploads\/2024\/01\/LSC_91points_2025.png 1000w\" sizes=\"(max-width: 76px) 100vw, 76px\" \/> \u00a0 \u00a0 <img decoding=\"async\" class=\"alignnone wp-image-49216\" src=\"https:\/\/www.banqero.com\/wp-content\/uploads\/2024\/01\/main_std-iwsc2025-silver-90-medal-small-png.png\" alt=\"\" width=\"76\" height=\"76\" srcset=\"https:\/\/www.banqero.com\/wp-content\/uploads\/2024\/01\/main_std-iwsc2025-silver-90-medal-small-png-66x66.png 66w, https:\/\/www.banqero.com\/wp-content\/uploads\/2024\/01\/main_std-iwsc2025-silver-90-medal-small-png-100x100.png 100w, https:\/\/www.banqero.com\/wp-content\/uploads\/2024\/01\/main_std-iwsc2025-silver-90-medal-small-png-150x150.png 150w, https:\/\/www.banqero.com\/wp-content\/uploads\/2024\/01\/main_std-iwsc2025-silver-90-medal-small-png-200x200.png 200w, https:\/\/www.banqero.com\/wp-content\/uploads\/2024\/01\/main_std-iwsc2025-silver-90-medal-small-png-300x300.png 300w, https:\/\/www.banqero.com\/wp-content\/uploads\/2024\/01\/main_std-iwsc2025-silver-90-medal-small-png.png 340w\" sizes=\"(max-width: 76px) 100vw, 76px\" \/><\/p>\n","protected":false},"excerpt":{"rendered":"<p>BANQERO BRUT Jamaica wird in reinster jamaikanischer Tradition in den gr\u00fcnen Ebenen der Region Lluidas Vale hergestellt. Dieser Rum wurde 2018 exklusiv in einer Brennblase (Pot-Still) aus Melasse destilliert und 2025 abgef\u00fcllt. Nach einer ersten Reifung von 4 Jahren in Bourbon-F\u00e4ssern im Zentrum der Insel vollendet dieser Rum seine Reifung in der Schweiz f\u00fcr 36 Monate in Merlot-F\u00e4ssern. Diese zweite Veredelung \u201eCask No. 24\u201c f\u00fchrt zu einer Abf\u00fcllung von 382 nummerierten Flaschen.<\/p>\n<p>Ohne Zucker oder Zusatzstoffe haben wir es hier mit einem komplexen Rum zu tun, der eine Nase von gr\u00fcnen Apfel, gelben tropischen Fr\u00fcchten und Gew\u00fcrzen hat, die f\u00fcr die schweren Rums, die in diesem Land hergestellt werden, typisch sind. Am Gaumen ist er kr\u00e4ftig und trocken. Man entdeckt Noten von Ananas, Banane und Zimt auf einem pflanzlichen und w\u00fcrzigen Hintergrund. Ein jamaikanischer \u201eDunder\u201c in seiner ganzen Pracht f\u00fcr Liebhaber von Nervenkitzel!<\/p>\n","protected":false},"featured_media":48984,"comment_status":"open","ping_status":"closed","template":"","meta":[],"product_brand":[],"product_cat":[109,95],"product_tag":[],"class_list":{"0":"post-48591","1":"product","2":"type-product","3":"status-publish","4":"has-post-thumbnail","6":"product_cat-brut-2","7":"product_cat-doppelalterung","9":"first","10":"instock","11":"shipping-taxable","12":"purchasable","13":"product-type-simple"},"yoast_head":"<!-- This site is optimized with the Yoast SEO plugin v27.2 - https:\/\/yoast.com\/product\/yoast-seo-wordpress\/ -->\n<title>Rum BANQERO BRUT Jamaica- Single cask<\/title>\n<meta name=\"description\" content=\"BANQERO BRUT Jamaica ist eine \u201eSingle Cask\u201c-Abf\u00fcllung, Brut de F\u00fbt, 100\u00a0% Pot Still. Er repr\u00e4sentiert des authentischsten Ausdruck der jamaikanischen \u201eDunders\u201c.\" \/>\n<meta name=\"robots\" content=\"index, follow, max-snippet:-1, max-image-preview:large, max-video-preview:-1\" \/>\n<link rel=\"canonical\" href=\"https:\/\/www.banqero.com\/de\/rhum\/banqero-brut-jamaica\/\" \/>\n<meta property=\"og:locale\" content=\"de_DE\" \/>\n<meta property=\"og:type\" content=\"article\" \/>\n<meta property=\"og:title\" content=\"Rum BANQERO BRUT Jamaica- Single cask\" \/>\n<meta property=\"og:description\" content=\"BANQERO BRUT Jamaica ist eine \u201eSingle Cask\u201c-Abf\u00fcllung, Brut de F\u00fbt, 100\u00a0% Pot Still. Er repr\u00e4sentiert des authentischsten Ausdruck der jamaikanischen \u201eDunders\u201c.\" \/>\n<meta property=\"og:url\" content=\"https:\/\/www.banqero.com\/de\/rhum\/banqero-brut-jamaica\/\" \/>\n<meta property=\"og:site_name\" content=\"BANQERO\" \/>\n<meta property=\"article:publisher\" content=\"https:\/\/www.facebook.com\/banqero\/\" \/>\n<meta property=\"article:modified_time\" content=\"2025-06-05T18:47:06+00:00\" \/>\n<meta property=\"og:image\" content=\"https:\/\/www.banqero.com\/wp-content\/uploads\/2024\/01\/banqero-brut-jamaica-with-box-1024x1024.png\" \/>\n\t<meta property=\"og:image:width\" content=\"1024\" \/>\n\t<meta property=\"og:image:height\" content=\"1024\" \/>\n\t<meta property=\"og:image:type\" content=\"image\/png\" \/>\n<meta name=\"twitter:card\" content=\"summary_large_image\" \/>\n<meta name=\"twitter:site\" content=\"@BanQero_Rum\" \/>\n<meta name=\"twitter:label1\" content=\"Gesch\u00e4tzte Lesezeit\" \/>\n\t<meta name=\"twitter:data1\" content=\"1\u00a0Minute\" \/>\n<script type=\"application\/ld+json\" class=\"yoast-schema-graph\">{\"@context\":\"https:\/\/schema.org\",\"@graph\":[{\"@type\":\"WebPage\",\"@id\":\"https:\/\/www.banqero.com\/de\/rhum\/banqero-brut-jamaica\/\",\"url\":\"https:\/\/www.banqero.com\/de\/rhum\/banqero-brut-jamaica\/\",\"name\":\"Rum BANQERO BRUT Jamaica- Single cask\",\"isPartOf\":{\"@id\":\"https:\/\/www.banqero.com\/de\/#website\"},\"primaryImageOfPage\":{\"@id\":\"https:\/\/www.banqero.com\/de\/rhum\/banqero-brut-jamaica\/#primaryimage\"},\"image\":{\"@id\":\"https:\/\/www.banqero.com\/de\/rhum\/banqero-brut-jamaica\/#primaryimage\"},\"thumbnailUrl\":\"https:\/\/www.banqero.com\/wp-content\/uploads\/2024\/01\/banqero-brut-jamaica-with-box.png\",\"datePublished\":\"2024-01-24T19:41:29+00:00\",\"dateModified\":\"2025-06-05T18:47:06+00:00\",\"description\":\"BANQERO BRUT Jamaica ist eine \u201eSingle Cask\u201c-Abf\u00fcllung, Brut de F\u00fbt, 100\u00a0% Pot Still. Er repr\u00e4sentiert des authentischsten Ausdruck der jamaikanischen \u201eDunders\u201c.\",\"breadcrumb\":{\"@id\":\"https:\/\/www.banqero.com\/de\/rhum\/banqero-brut-jamaica\/#breadcrumb\"},\"inLanguage\":\"de\",\"potentialAction\":[{\"@type\":\"ReadAction\",\"target\":[\"https:\/\/www.banqero.com\/de\/rhum\/banqero-brut-jamaica\/\"]}]},{\"@type\":\"ImageObject\",\"inLanguage\":\"de\",\"@id\":\"https:\/\/www.banqero.com\/de\/rhum\/banqero-brut-jamaica\/#primaryimage\",\"url\":\"https:\/\/www.banqero.com\/wp-content\/uploads\/2024\/01\/banqero-brut-jamaica-with-box.png\",\"contentUrl\":\"https:\/\/www.banqero.com\/wp-content\/uploads\/2024\/01\/banqero-brut-jamaica-with-box.png\",\"width\":4000,\"height\":4000},{\"@type\":\"BreadcrumbList\",\"@id\":\"https:\/\/www.banqero.com\/de\/rhum\/banqero-brut-jamaica\/#breadcrumb\",\"itemListElement\":[{\"@type\":\"ListItem\",\"position\":1,\"name\":\"Accueil\",\"item\":\"https:\/\/www.banqero.com\/de\/\"},{\"@type\":\"ListItem\",\"position\":2,\"name\":\"SHOP\",\"item\":\"https:\/\/www.banqero.com\/de\/rum-shop\/\"},{\"@type\":\"ListItem\",\"position\":3,\"name\":\"BANQERO BRUT Jamaica mit Box\"}]},{\"@type\":\"WebSite\",\"@id\":\"https:\/\/www.banqero.com\/de\/#website\",\"url\":\"https:\/\/www.banqero.com\/de\/\",\"name\":\"BANQERO\",\"description\":\"Swiss Premium Rum\",\"potentialAction\":[{\"@type\":\"SearchAction\",\"target\":{\"@type\":\"EntryPoint\",\"urlTemplate\":\"https:\/\/www.banqero.com\/de\/?s={search_term_string}\"},\"query-input\":{\"@type\":\"PropertyValueSpecification\",\"valueRequired\":true,\"valueName\":\"search_term_string\"}}],\"inLanguage\":\"de\"}]}<\/script>\n<!-- \/ Yoast SEO plugin. -->","yoast_head_json":{"title":"Rum BANQERO BRUT Jamaica- Single cask","description":"BANQERO BRUT Jamaica ist eine \u201eSingle Cask\u201c-Abf\u00fcllung, Brut de F\u00fbt, 100\u00a0% Pot Still. Er repr\u00e4sentiert des authentischsten Ausdruck der jamaikanischen \u201eDunders\u201c.","robots":{"index":"index","follow":"follow","max-snippet":"max-snippet:-1","max-image-preview":"max-image-preview:large","max-video-preview":"max-video-preview:-1"},"canonical":"https:\/\/www.banqero.com\/de\/rhum\/banqero-brut-jamaica\/","og_locale":"de_DE","og_type":"article","og_title":"Rum BANQERO BRUT Jamaica- Single cask","og_description":"BANQERO BRUT Jamaica ist eine \u201eSingle Cask\u201c-Abf\u00fcllung, Brut de F\u00fbt, 100\u00a0% Pot Still. Er repr\u00e4sentiert des authentischsten Ausdruck der jamaikanischen \u201eDunders\u201c.","og_url":"https:\/\/www.banqero.com\/de\/rhum\/banqero-brut-jamaica\/","og_site_name":"BANQERO","article_publisher":"https:\/\/www.facebook.com\/banqero\/","article_modified_time":"2025-06-05T18:47:06+00:00","og_image":[{"width":1024,"height":1024,"url":"https:\/\/www.banqero.com\/wp-content\/uploads\/2024\/01\/banqero-brut-jamaica-with-box-1024x1024.png","type":"image\/png"}],"twitter_card":"summary_large_image","twitter_site":"@BanQero_Rum","twitter_misc":{"Gesch\u00e4tzte Lesezeit":"1\u00a0Minute"},"schema":{"@context":"https:\/\/schema.org","@graph":[{"@type":"WebPage","@id":"https:\/\/www.banqero.com\/de\/rhum\/banqero-brut-jamaica\/","url":"https:\/\/www.banqero.com\/de\/rhum\/banqero-brut-jamaica\/","name":"Rum BANQERO BRUT Jamaica- Single cask","isPartOf":{"@id":"https:\/\/www.banqero.com\/de\/#website"},"primaryImageOfPage":{"@id":"https:\/\/www.banqero.com\/de\/rhum\/banqero-brut-jamaica\/#primaryimage"},"image":{"@id":"https:\/\/www.banqero.com\/de\/rhum\/banqero-brut-jamaica\/#primaryimage"},"thumbnailUrl":"https:\/\/www.banqero.com\/wp-content\/uploads\/2024\/01\/banqero-brut-jamaica-with-box.png","datePublished":"2024-01-24T19:41:29+00:00","dateModified":"2025-06-05T18:47:06+00:00","description":"BANQERO BRUT Jamaica ist eine \u201eSingle Cask\u201c-Abf\u00fcllung, Brut de F\u00fbt, 100\u00a0% Pot Still. Er repr\u00e4sentiert des authentischsten Ausdruck der jamaikanischen \u201eDunders\u201c.","breadcrumb":{"@id":"https:\/\/www.banqero.com\/de\/rhum\/banqero-brut-jamaica\/#breadcrumb"},"inLanguage":"de","potentialAction":[{"@type":"ReadAction","target":["https:\/\/www.banqero.com\/de\/rhum\/banqero-brut-jamaica\/"]}]},{"@type":"ImageObject","inLanguage":"de","@id":"https:\/\/www.banqero.com\/de\/rhum\/banqero-brut-jamaica\/#primaryimage","url":"https:\/\/www.banqero.com\/wp-content\/uploads\/2024\/01\/banqero-brut-jamaica-with-box.png","contentUrl":"https:\/\/www.banqero.com\/wp-content\/uploads\/2024\/01\/banqero-brut-jamaica-with-box.png","width":4000,"height":4000},{"@type":"BreadcrumbList","@id":"https:\/\/www.banqero.com\/de\/rhum\/banqero-brut-jamaica\/#breadcrumb","itemListElement":[{"@type":"ListItem","position":1,"name":"Accueil","item":"https:\/\/www.banqero.com\/de\/"},{"@type":"ListItem","position":2,"name":"SHOP","item":"https:\/\/www.banqero.com\/de\/rum-shop\/"},{"@type":"ListItem","position":3,"name":"BANQERO BRUT Jamaica mit Box"}]},{"@type":"WebSite","@id":"https:\/\/www.banqero.com\/de\/#website","url":"https:\/\/www.banqero.com\/de\/","name":"BANQERO","description":"Swiss Premium Rum","potentialAction":[{"@type":"SearchAction","target":{"@type":"EntryPoint","urlTemplate":"https:\/\/www.banqero.com\/de\/?s={search_term_string}"},"query-input":{"@type":"PropertyValueSpecification","valueRequired":true,"valueName":"search_term_string"}}],"inLanguage":"de"}]}},"_links":{"self":[{"href":"https:\/\/www.banqero.com\/de\/wp-json\/wp\/v2\/product\/48591","targetHints":{"allow":["GET"]}}],"collection":[{"href":"https:\/\/www.banqero.com\/de\/wp-json\/wp\/v2\/product"}],"about":[{"href":"https:\/\/www.banqero.com\/de\/wp-json\/wp\/v2\/types\/product"}],"replies":[{"embeddable":true,"href":"https:\/\/www.banqero.com\/de\/wp-json\/wp\/v2\/comments?post=48591"}],"wp:featuredmedia":[{"embeddable":true,"href":"https:\/\/www.banqero.com\/de\/wp-json\/wp\/v2\/media\/48984"}],"wp:attachment":[{"href":"https:\/\/www.banqero.com\/de\/wp-json\/wp\/v2\/media?parent=48591"}],"wp:term":[{"taxonomy":"product_brand","embeddable":true,"href":"https:\/\/www.banqero.com\/de\/wp-json\/wp\/v2\/product_brand?post=48591"},{"taxonomy":"product_cat","embeddable":true,"href":"https:\/\/www.banqero.com\/de\/wp-json\/wp\/v2\/product_cat?post=48591"},{"taxonomy":"product_tag","embeddable":true,"href":"https:\/\/www.banqero.com\/de\/wp-json\/wp\/v2\/product_tag?post=48591"}],"curies":[{"name":"wp","href":"https:\/\/api.w.org\/{rel}","templated":true}]}}