{"id":48129,"date":"2023-06-13T15:26:15","date_gmt":"2023-06-13T13:26:15","guid":{"rendered":"https:\/\/www.banqero.com\/?post_type=product&#038;p=48129"},"modified":"2025-09-19T16:40:54","modified_gmt":"2025-09-19T14:40:54","slug":"rum-banqero-arrack","status":"publish","type":"product","link":"https:\/\/www.banqero.com\/de\/rhum\/rum-banqero-arrack\/","title":{"rendered":"BANQERO Arrack Rum"},"content":{"rendered":"<ul>\n<li>Herkunftsl\u00e4nder: Indonesien, Venezuela, Thailand, Dominikanische Republik<\/li>\n<li>Alkoholgehalt: 38% vol<\/li>\n<li>Fassungsverm\u00f6gen: 70 cl<\/li>\n<li>Typ: Blend aus Melasse-Rum (Indonesien, Thailand, Venezuela) und reinem Zuckerrohrsaft (&lt; 10% \/ Dominikanische Republik)<\/li>\n<li>Destillation: Pot Still (Indonesien) und Destilliers\u00e4ule (Thailand, Venezuela, Dominikanische Republik)<\/li>\n<li>Reifungsprozess: tropische Alterung in den Herkunftsl\u00e4ndern von 2 bis 24 Jahren<\/li>\n<li>Gustatorische Wahrnehmung:\n<ul>\n<li>Nase: Noten von Kaffee, Karamell und Tabak<\/li>\n<li>Mund: s\u00fcssen Rum mit einer sehr sch\u00f6nen Struktur, auf pflanzlichen Noten und warmen Gew\u00fcrzen, die sich mit Vanille vermischent<\/li>\n<li>S\u00fcsse (Bewertung von 1 bis 5): 3<\/li>\n<li>Zuckergehalt: 13g\/Liter<\/li>\n<\/ul>\n<\/li>\n<li>Verkostung: pur oder &#8218;on the rocks&#8216;<\/li>\n<li>Ehrungen:<\/li>\n<\/ul>\n<p style=\"padding-left: 40px;\"><img decoding=\"async\" class=\"alignnone wp-image-48618\" src=\"https:\/\/www.banqero.com\/wp-content\/uploads\/2024\/02\/RUM-CACHACA-Masters-2024-Medal-GOLD.png\" alt=\"\" width=\"69\" height=\"76\" srcset=\"https:\/\/www.banqero.com\/wp-content\/uploads\/2024\/02\/RUM-CACHACA-Masters-2024-Medal-GOLD-200x220.png 200w, https:\/\/www.banqero.com\/wp-content\/uploads\/2024\/02\/RUM-CACHACA-Masters-2024-Medal-GOLD-273x300.png 273w, https:\/\/www.banqero.com\/wp-content\/uploads\/2024\/02\/RUM-CACHACA-Masters-2024-Medal-GOLD-400x440.png 400w, https:\/\/www.banqero.com\/wp-content\/uploads\/2024\/02\/RUM-CACHACA-Masters-2024-Medal-GOLD-500x550.png 500w, https:\/\/www.banqero.com\/wp-content\/uploads\/2024\/02\/RUM-CACHACA-Masters-2024-Medal-GOLD-600x660.png 600w, https:\/\/www.banqero.com\/wp-content\/uploads\/2024\/02\/RUM-CACHACA-Masters-2024-Medal-GOLD-700x770.png 700w, https:\/\/www.banqero.com\/wp-content\/uploads\/2024\/02\/RUM-CACHACA-Masters-2024-Medal-GOLD-768x845.png 768w, https:\/\/www.banqero.com\/wp-content\/uploads\/2024\/02\/RUM-CACHACA-Masters-2024-Medal-GOLD-800x880.png 800w, https:\/\/www.banqero.com\/wp-content\/uploads\/2024\/02\/RUM-CACHACA-Masters-2024-Medal-GOLD-931x1024.png 931w, https:\/\/www.banqero.com\/wp-content\/uploads\/2024\/02\/RUM-CACHACA-Masters-2024-Medal-GOLD-1200x1320.png 1200w, https:\/\/www.banqero.com\/wp-content\/uploads\/2024\/02\/RUM-CACHACA-Masters-2024-Medal-GOLD-1396x1536.png 1396w, https:\/\/www.banqero.com\/wp-content\/uploads\/2024\/02\/RUM-CACHACA-Masters-2024-Medal-GOLD-1862x2048.png 1862w, https:\/\/www.banqero.com\/wp-content\/uploads\/2024\/02\/RUM-CACHACA-Masters-2024-Medal-GOLD.png 2362w\" sizes=\"(max-width: 69px) 100vw, 69px\" \/>\u00a0 \u00a0 <img decoding=\"async\" class=\"alignnone wp-image-48741\" src=\"https:\/\/www.banqero.com\/wp-content\/uploads\/2024\/04\/london-spirit-competition-silver-medal-2024.png\" alt=\"\" width=\"76\" height=\"76\" srcset=\"https:\/\/www.banqero.com\/wp-content\/uploads\/2024\/04\/london-spirit-competition-silver-medal-2024-66x66.png 66w, https:\/\/www.banqero.com\/wp-content\/uploads\/2024\/04\/london-spirit-competition-silver-medal-2024-100x100.png 100w, https:\/\/www.banqero.com\/wp-content\/uploads\/2024\/04\/london-spirit-competition-silver-medal-2024-150x150.png 150w, https:\/\/www.banqero.com\/wp-content\/uploads\/2024\/04\/london-spirit-competition-silver-medal-2024-200x200.png 200w, https:\/\/www.banqero.com\/wp-content\/uploads\/2024\/04\/london-spirit-competition-silver-medal-2024-300x300.png 300w, https:\/\/www.banqero.com\/wp-content\/uploads\/2024\/04\/london-spirit-competition-silver-medal-2024.png 319w\" sizes=\"(max-width: 76px) 100vw, 76px\" \/><\/p>\n","protected":false},"excerpt":{"rendered":"<p>BANQERO Arrack ist eine Mischung aus gealterten Rums aus den Antillen und Ostindien. Damit feiern wir in einer farbenfrohen Flasche, die den Tropen Tribut zollt, die unglaubliche Vielfalt der Rumsorten aus der Welt.<\/p>\n<p>Die Nase wird mit Noten von Kaffee, Karamell und Tabak verw\u00f6hnt, die sich miteinander vermischen, um dich in eine vielf\u00e4ltige Genusswelt zu entf\u00fchren. Am Gaumen versp\u00fcrt man einen s\u00fcssen Rum mit einer guten Portion Charakter, mit pflanzlichen Noten und warmen Gew\u00fcrzen, die sich mit Vanille vermischen. Ein harziger Abgang mit Noten von getrocknetem Tabak, deren Geschmack lange im Mund anh\u00e4lt. Wir nehmen gerne noch einen!<\/p>\n","protected":false},"featured_media":48124,"comment_status":"open","ping_status":"closed","template":"","meta":[],"product_brand":[],"product_cat":[105],"product_tag":[],"class_list":{"0":"post-48129","1":"product","2":"type-product","3":"status-publish","4":"has-post-thumbnail","6":"product_cat-blend-2","8":"first","9":"instock","10":"shipping-taxable","11":"purchasable","12":"product-type-simple"},"yoast_head":"<!-- This site is optimized with the Yoast SEO plugin v27.4 - https:\/\/yoast.com\/product\/yoast-seo-wordpress\/ -->\n<title>BANQERO Arrack Rum - BANQERO<\/title>\n<meta name=\"description\" content=\"BANQERO Arrack ist eine Mischung aus gealterten Rums aus den Antillen und Ostindien. Damit feiern wir die unglaubliche Vielfalt der Rumsorten aus der Welt.\" \/>\n<meta name=\"robots\" content=\"index, follow, max-snippet:-1, max-image-preview:large, max-video-preview:-1\" \/>\n<link rel=\"canonical\" href=\"https:\/\/www.banqero.com\/de\/rhum\/rum-banqero-arrack\/\" \/>\n<meta property=\"og:locale\" content=\"de_DE\" \/>\n<meta property=\"og:type\" content=\"article\" \/>\n<meta property=\"og:title\" content=\"BANQERO Arrack Rum - BANQERO\" \/>\n<meta property=\"og:description\" content=\"BANQERO Arrack ist eine Mischung aus gealterten Rums aus den Antillen und Ostindien. Damit feiern wir die unglaubliche Vielfalt der Rumsorten aus der Welt.\" \/>\n<meta property=\"og:url\" content=\"https:\/\/www.banqero.com\/de\/rhum\/rum-banqero-arrack\/\" \/>\n<meta property=\"og:site_name\" content=\"BANQERO\" \/>\n<meta property=\"article:publisher\" content=\"https:\/\/www.facebook.com\/banqero\/\" \/>\n<meta property=\"article:modified_time\" content=\"2025-09-19T14:40:54+00:00\" \/>\n<meta property=\"og:image\" content=\"https:\/\/www.banqero.com\/wp-content\/uploads\/2023\/06\/banqero-arrack-front.png\" \/>\n\t<meta property=\"og:image:width\" content=\"2040\" \/>\n\t<meta property=\"og:image:height\" content=\"2040\" \/>\n\t<meta property=\"og:image:type\" content=\"image\/png\" \/>\n<meta name=\"twitter:card\" content=\"summary_large_image\" \/>\n<meta name=\"twitter:site\" content=\"@BanQero_Rum\" \/>\n<meta name=\"twitter:label1\" content=\"Gesch\u00e4tzte Lesezeit\" \/>\n\t<meta name=\"twitter:data1\" content=\"2\u00a0Minuten\" \/>\n<script type=\"application\/ld+json\" class=\"yoast-schema-graph\">{\"@context\":\"https:\\\/\\\/schema.org\",\"@graph\":[{\"@type\":\"WebPage\",\"@id\":\"https:\\\/\\\/www.banqero.com\\\/de\\\/rhum\\\/rum-banqero-arrack\\\/\",\"url\":\"https:\\\/\\\/www.banqero.com\\\/de\\\/rhum\\\/rum-banqero-arrack\\\/\",\"name\":\"BANQERO Arrack Rum - BANQERO\",\"isPartOf\":{\"@id\":\"https:\\\/\\\/www.banqero.com\\\/de\\\/#website\"},\"primaryImageOfPage\":{\"@id\":\"https:\\\/\\\/www.banqero.com\\\/de\\\/rhum\\\/rum-banqero-arrack\\\/#primaryimage\"},\"image\":{\"@id\":\"https:\\\/\\\/www.banqero.com\\\/de\\\/rhum\\\/rum-banqero-arrack\\\/#primaryimage\"},\"thumbnailUrl\":\"https:\\\/\\\/www.banqero.com\\\/wp-content\\\/uploads\\\/2023\\\/06\\\/banqero-arrack-front.png\",\"datePublished\":\"2023-06-13T13:26:15+00:00\",\"dateModified\":\"2025-09-19T14:40:54+00:00\",\"description\":\"BANQERO Arrack ist eine Mischung aus gealterten Rums aus den Antillen und Ostindien. Damit feiern wir die unglaubliche Vielfalt der Rumsorten aus der Welt.\",\"breadcrumb\":{\"@id\":\"https:\\\/\\\/www.banqero.com\\\/de\\\/rhum\\\/rum-banqero-arrack\\\/#breadcrumb\"},\"inLanguage\":\"de\",\"potentialAction\":[{\"@type\":\"ReadAction\",\"target\":[\"https:\\\/\\\/www.banqero.com\\\/de\\\/rhum\\\/rum-banqero-arrack\\\/\"]}]},{\"@type\":\"ImageObject\",\"inLanguage\":\"de\",\"@id\":\"https:\\\/\\\/www.banqero.com\\\/de\\\/rhum\\\/rum-banqero-arrack\\\/#primaryimage\",\"url\":\"https:\\\/\\\/www.banqero.com\\\/wp-content\\\/uploads\\\/2023\\\/06\\\/banqero-arrack-front.png\",\"contentUrl\":\"https:\\\/\\\/www.banqero.com\\\/wp-content\\\/uploads\\\/2023\\\/06\\\/banqero-arrack-front.png\",\"width\":2040,\"height\":2040,\"caption\":\"BANQERO Arrack Rum\"},{\"@type\":\"BreadcrumbList\",\"@id\":\"https:\\\/\\\/www.banqero.com\\\/de\\\/rhum\\\/rum-banqero-arrack\\\/#breadcrumb\",\"itemListElement\":[{\"@type\":\"ListItem\",\"position\":1,\"name\":\"Accueil\",\"item\":\"https:\\\/\\\/www.banqero.com\\\/de\\\/\"},{\"@type\":\"ListItem\",\"position\":2,\"name\":\"SHOP\",\"item\":\"https:\\\/\\\/www.banqero.com\\\/de\\\/rum-shop\\\/\"},{\"@type\":\"ListItem\",\"position\":3,\"name\":\"BANQERO Arrack Rum\"}]},{\"@type\":\"WebSite\",\"@id\":\"https:\\\/\\\/www.banqero.com\\\/de\\\/#website\",\"url\":\"https:\\\/\\\/www.banqero.com\\\/de\\\/\",\"name\":\"BANQERO\",\"description\":\"Swiss Premium Rum\",\"potentialAction\":[{\"@type\":\"SearchAction\",\"target\":{\"@type\":\"EntryPoint\",\"urlTemplate\":\"https:\\\/\\\/www.banqero.com\\\/de\\\/?s={search_term_string}\"},\"query-input\":{\"@type\":\"PropertyValueSpecification\",\"valueRequired\":true,\"valueName\":\"search_term_string\"}}],\"inLanguage\":\"de\"}]}<\/script>\n<!-- \/ Yoast SEO plugin. -->","yoast_head_json":{"title":"BANQERO Arrack Rum - BANQERO","description":"BANQERO Arrack ist eine Mischung aus gealterten Rums aus den Antillen und Ostindien. Damit feiern wir die unglaubliche Vielfalt der Rumsorten aus der Welt.","robots":{"index":"index","follow":"follow","max-snippet":"max-snippet:-1","max-image-preview":"max-image-preview:large","max-video-preview":"max-video-preview:-1"},"canonical":"https:\/\/www.banqero.com\/de\/rhum\/rum-banqero-arrack\/","og_locale":"de_DE","og_type":"article","og_title":"BANQERO Arrack Rum - BANQERO","og_description":"BANQERO Arrack ist eine Mischung aus gealterten Rums aus den Antillen und Ostindien. Damit feiern wir die unglaubliche Vielfalt der Rumsorten aus der Welt.","og_url":"https:\/\/www.banqero.com\/de\/rhum\/rum-banqero-arrack\/","og_site_name":"BANQERO","article_publisher":"https:\/\/www.facebook.com\/banqero\/","article_modified_time":"2025-09-19T14:40:54+00:00","og_image":[{"width":2040,"height":2040,"url":"https:\/\/www.banqero.com\/wp-content\/uploads\/2023\/06\/banqero-arrack-front.png","type":"image\/png"}],"twitter_card":"summary_large_image","twitter_site":"@BanQero_Rum","twitter_misc":{"Gesch\u00e4tzte Lesezeit":"2\u00a0Minuten"},"schema":{"@context":"https:\/\/schema.org","@graph":[{"@type":"WebPage","@id":"https:\/\/www.banqero.com\/de\/rhum\/rum-banqero-arrack\/","url":"https:\/\/www.banqero.com\/de\/rhum\/rum-banqero-arrack\/","name":"BANQERO Arrack Rum - BANQERO","isPartOf":{"@id":"https:\/\/www.banqero.com\/de\/#website"},"primaryImageOfPage":{"@id":"https:\/\/www.banqero.com\/de\/rhum\/rum-banqero-arrack\/#primaryimage"},"image":{"@id":"https:\/\/www.banqero.com\/de\/rhum\/rum-banqero-arrack\/#primaryimage"},"thumbnailUrl":"https:\/\/www.banqero.com\/wp-content\/uploads\/2023\/06\/banqero-arrack-front.png","datePublished":"2023-06-13T13:26:15+00:00","dateModified":"2025-09-19T14:40:54+00:00","description":"BANQERO Arrack ist eine Mischung aus gealterten Rums aus den Antillen und Ostindien. Damit feiern wir die unglaubliche Vielfalt der Rumsorten aus der Welt.","breadcrumb":{"@id":"https:\/\/www.banqero.com\/de\/rhum\/rum-banqero-arrack\/#breadcrumb"},"inLanguage":"de","potentialAction":[{"@type":"ReadAction","target":["https:\/\/www.banqero.com\/de\/rhum\/rum-banqero-arrack\/"]}]},{"@type":"ImageObject","inLanguage":"de","@id":"https:\/\/www.banqero.com\/de\/rhum\/rum-banqero-arrack\/#primaryimage","url":"https:\/\/www.banqero.com\/wp-content\/uploads\/2023\/06\/banqero-arrack-front.png","contentUrl":"https:\/\/www.banqero.com\/wp-content\/uploads\/2023\/06\/banqero-arrack-front.png","width":2040,"height":2040,"caption":"BANQERO Arrack Rum"},{"@type":"BreadcrumbList","@id":"https:\/\/www.banqero.com\/de\/rhum\/rum-banqero-arrack\/#breadcrumb","itemListElement":[{"@type":"ListItem","position":1,"name":"Accueil","item":"https:\/\/www.banqero.com\/de\/"},{"@type":"ListItem","position":2,"name":"SHOP","item":"https:\/\/www.banqero.com\/de\/rum-shop\/"},{"@type":"ListItem","position":3,"name":"BANQERO Arrack Rum"}]},{"@type":"WebSite","@id":"https:\/\/www.banqero.com\/de\/#website","url":"https:\/\/www.banqero.com\/de\/","name":"BANQERO","description":"Swiss Premium Rum","potentialAction":[{"@type":"SearchAction","target":{"@type":"EntryPoint","urlTemplate":"https:\/\/www.banqero.com\/de\/?s={search_term_string}"},"query-input":{"@type":"PropertyValueSpecification","valueRequired":true,"valueName":"search_term_string"}}],"inLanguage":"de"}]}},"_links":{"self":[{"href":"https:\/\/www.banqero.com\/de\/wp-json\/wp\/v2\/product\/48129","targetHints":{"allow":["GET"]}}],"collection":[{"href":"https:\/\/www.banqero.com\/de\/wp-json\/wp\/v2\/product"}],"about":[{"href":"https:\/\/www.banqero.com\/de\/wp-json\/wp\/v2\/types\/product"}],"replies":[{"embeddable":true,"href":"https:\/\/www.banqero.com\/de\/wp-json\/wp\/v2\/comments?post=48129"}],"wp:featuredmedia":[{"embeddable":true,"href":"https:\/\/www.banqero.com\/de\/wp-json\/wp\/v2\/media\/48124"}],"wp:attachment":[{"href":"https:\/\/www.banqero.com\/de\/wp-json\/wp\/v2\/media?parent=48129"}],"wp:term":[{"taxonomy":"product_brand","embeddable":true,"href":"https:\/\/www.banqero.com\/de\/wp-json\/wp\/v2\/product_brand?post=48129"},{"taxonomy":"product_cat","embeddable":true,"href":"https:\/\/www.banqero.com\/de\/wp-json\/wp\/v2\/product_cat?post=48129"},{"taxonomy":"product_tag","embeddable":true,"href":"https:\/\/www.banqero.com\/de\/wp-json\/wp\/v2\/product_tag?post=48129"}],"curies":[{"name":"wp","href":"https:\/\/api.w.org\/{rel}","templated":true}]}}