{"id":47346,"date":"2022-06-23T22:29:06","date_gmt":"2022-06-23T20:29:06","guid":{"rendered":"https:\/\/www.banqero.com\/?post_type=product&#038;p=47346"},"modified":"2025-09-19T16:41:31","modified_gmt":"2025-09-19T14:41:31","slug":"xo-rum-guatemala","status":"publish","type":"product","link":"https:\/\/www.banqero.com\/de\/rhum\/xo-rum-guatemala\/","title":{"rendered":"BANQERO XO Guatemala mit Box"},"content":{"rendered":"<ul>\n<li>Herkunftsl\u00e4nder: Guatemala single origin<\/li>\n<li>Alkoholgehalt: 38% vol<\/li>\n<li>Fassungsverm\u00f6gen: 70 cl<\/li>\n<li>Typ: Rum aus Melasse<\/li>\n<li>Destillation: Destilliers\u00e4ule<\/li>\n<li>Reifungsprozess: 4 Jahre tropische Alterung in Bourbon-F\u00e4ssern, anschliessend Finish von 24<br \/>\nMonaten in der Schweiz in Mitis-F\u00e4ssern (lik\u00f6rartiger Weisswein aus dem Wallis)<\/li>\n<li>Gustatorische Wahrnehmung:\n<ul>\n<li>Nase: braunem Zucker und tropischen gelben Fr\u00fcchten, wobei die Mango im Vordergrund steht<\/li>\n<li>Mund: zarte und elegante Gaumen, mit den Noten von Karamell und wei\u00dfer Eiche wird mit einem Hauch von Vanille im Abgang kombiniert<\/li>\n<li>S\u00fcsse (Bewertung von 1 bis 5): 3<\/li>\n<li>Zuckergehalt: 9g\/Liter<\/li>\n<\/ul>\n<\/li>\n<li>Verkostung: pur oder &#8218;on the rocks&#8216;<\/li>\n<li>Ehrungen:<\/li>\n<\/ul>\n<p style=\"padding-left: 40px;\"><img decoding=\"async\" class=\"alignnone wp-image-48618\" src=\"https:\/\/www.banqero.com\/wp-content\/uploads\/2024\/02\/RUM-CACHACA-Masters-2024-Medal-GOLD.png\" alt=\"\" width=\"69\" height=\"76\" srcset=\"https:\/\/www.banqero.com\/wp-content\/uploads\/2024\/02\/RUM-CACHACA-Masters-2024-Medal-GOLD-200x220.png 200w, https:\/\/www.banqero.com\/wp-content\/uploads\/2024\/02\/RUM-CACHACA-Masters-2024-Medal-GOLD-273x300.png 273w, https:\/\/www.banqero.com\/wp-content\/uploads\/2024\/02\/RUM-CACHACA-Masters-2024-Medal-GOLD-400x440.png 400w, https:\/\/www.banqero.com\/wp-content\/uploads\/2024\/02\/RUM-CACHACA-Masters-2024-Medal-GOLD-500x550.png 500w, https:\/\/www.banqero.com\/wp-content\/uploads\/2024\/02\/RUM-CACHACA-Masters-2024-Medal-GOLD-600x660.png 600w, https:\/\/www.banqero.com\/wp-content\/uploads\/2024\/02\/RUM-CACHACA-Masters-2024-Medal-GOLD-700x770.png 700w, https:\/\/www.banqero.com\/wp-content\/uploads\/2024\/02\/RUM-CACHACA-Masters-2024-Medal-GOLD-768x845.png 768w, https:\/\/www.banqero.com\/wp-content\/uploads\/2024\/02\/RUM-CACHACA-Masters-2024-Medal-GOLD-800x880.png 800w, https:\/\/www.banqero.com\/wp-content\/uploads\/2024\/02\/RUM-CACHACA-Masters-2024-Medal-GOLD-931x1024.png 931w, https:\/\/www.banqero.com\/wp-content\/uploads\/2024\/02\/RUM-CACHACA-Masters-2024-Medal-GOLD-1200x1320.png 1200w, https:\/\/www.banqero.com\/wp-content\/uploads\/2024\/02\/RUM-CACHACA-Masters-2024-Medal-GOLD-1396x1536.png 1396w, https:\/\/www.banqero.com\/wp-content\/uploads\/2024\/02\/RUM-CACHACA-Masters-2024-Medal-GOLD-1862x2048.png 1862w, https:\/\/www.banqero.com\/wp-content\/uploads\/2024\/02\/RUM-CACHACA-Masters-2024-Medal-GOLD.png 2362w\" sizes=\"(max-width: 69px) 100vw, 69px\" \/> \u00a0<img decoding=\"async\" class=\"alignnone wp-image-48031\" src=\"https:\/\/www.banqero.com\/wp-content\/uploads\/2023\/05\/iwsc-2023.png\" alt=\"\" width=\"76\" height=\"76\" srcset=\"https:\/\/www.banqero.com\/wp-content\/uploads\/2023\/05\/iwsc-2023-66x66.png 66w, https:\/\/www.banqero.com\/wp-content\/uploads\/2023\/05\/iwsc-2023-100x100.png 100w, https:\/\/www.banqero.com\/wp-content\/uploads\/2023\/05\/iwsc-2023-150x150.png 150w, https:\/\/www.banqero.com\/wp-content\/uploads\/2023\/05\/iwsc-2023-200x200.png 200w, https:\/\/www.banqero.com\/wp-content\/uploads\/2023\/05\/iwsc-2023-300x300.png 300w, https:\/\/www.banqero.com\/wp-content\/uploads\/2023\/05\/iwsc-2023.png 340w\" sizes=\"(max-width: 76px) 100vw, 76px\" \/> \u00a0<img decoding=\"async\" class=\"alignnone wp-image-48027\" src=\"https:\/\/www.banqero.com\/wp-content\/uploads\/2023\/05\/london-spirits-competition-2023.png\" alt=\"\" width=\"76\" height=\"76\" srcset=\"https:\/\/www.banqero.com\/wp-content\/uploads\/2023\/05\/london-spirits-competition-2023-66x66.png 66w, https:\/\/www.banqero.com\/wp-content\/uploads\/2023\/05\/london-spirits-competition-2023-100x100.png 100w, https:\/\/www.banqero.com\/wp-content\/uploads\/2023\/05\/london-spirits-competition-2023-150x150.png 150w, https:\/\/www.banqero.com\/wp-content\/uploads\/2023\/05\/london-spirits-competition-2023-200x200.png 200w, https:\/\/www.banqero.com\/wp-content\/uploads\/2023\/05\/london-spirits-competition-2023-300x300.png 300w, https:\/\/www.banqero.com\/wp-content\/uploads\/2023\/05\/london-spirits-competition-2023-400x400.png 400w, https:\/\/www.banqero.com\/wp-content\/uploads\/2023\/05\/london-spirits-competition-2023-500x500.png 500w, https:\/\/www.banqero.com\/wp-content\/uploads\/2023\/05\/london-spirits-competition-2023-600x600.png 600w, https:\/\/www.banqero.com\/wp-content\/uploads\/2023\/05\/london-spirits-competition-2023-700x700.png 700w, https:\/\/www.banqero.com\/wp-content\/uploads\/2023\/05\/london-spirits-competition-2023-768x768.png 768w, https:\/\/www.banqero.com\/wp-content\/uploads\/2023\/05\/london-spirits-competition-2023-800x800.png 800w, https:\/\/www.banqero.com\/wp-content\/uploads\/2023\/05\/london-spirits-competition-2023.png 1000w\" sizes=\"(max-width: 76px) 100vw, 76px\" \/><\/p>\n","protected":false},"excerpt":{"rendered":"<p>BANQERO XO Guatemala wird aus einheimischem Zuckerrohrhonig destilliert und verk\u00f6rpert die Quintessenz des guatemaltekischen Know-hows. Der Rum reift in Mittelamerika 4 Jahre in Bourbonf\u00e4ssern und der Reifungsprozess schlie\u00dft in der Schweiz 24 Monate in Mitis-F\u00e4ssern ab. Das Ergebnis ist eine \u201etemperierte\u201c Nase von braunem Zucker und tropischen gelben Fr\u00fcchten, wobei die Mango im Vordergrund steht. Der zarte und elegante Gaumen, mit den Noten von Karamell und wei\u00dfer Eiche wird mit einem Hauch von Vanille im Abgang kombiniert.<\/p>\n","protected":false},"featured_media":49047,"comment_status":"open","ping_status":"closed","template":"","meta":[],"product_brand":[],"product_cat":[95],"product_tag":[],"class_list":{"0":"post-47346","1":"product","2":"type-product","3":"status-publish","4":"has-post-thumbnail","6":"product_cat-doppelalterung","8":"first","9":"instock","10":"shipping-taxable","11":"purchasable","12":"product-type-simple"},"yoast_head":"<!-- This site is optimized with the Yoast SEO plugin v27.2 - https:\/\/yoast.com\/product\/yoast-seo-wordpress\/ -->\n<title>Rum XO Guatemala - Single Origin Rum doppelt gealtert<\/title>\n<meta name=\"description\" content=\"Rum XO Guatemala, ein au\u00dfergew\u00f6hnlicher gealterter Rum. 4 Jahre Alterung in den Tropen und 24 Monate in der Schweiz.\" \/>\n<meta name=\"robots\" content=\"index, follow, max-snippet:-1, max-image-preview:large, max-video-preview:-1\" \/>\n<link rel=\"canonical\" href=\"https:\/\/www.banqero.com\/de\/rhum\/xo-rum-guatemala\/\" \/>\n<meta property=\"og:locale\" content=\"de_DE\" \/>\n<meta property=\"og:type\" content=\"article\" \/>\n<meta property=\"og:title\" content=\"Rum XO Guatemala - Single Origin Rum doppelt gealtert\" \/>\n<meta property=\"og:description\" content=\"Rum XO Guatemala, ein au\u00dfergew\u00f6hnlicher gealterter Rum. 4 Jahre Alterung in den Tropen und 24 Monate in der Schweiz.\" \/>\n<meta property=\"og:url\" content=\"https:\/\/www.banqero.com\/de\/rhum\/xo-rum-guatemala\/\" \/>\n<meta property=\"og:site_name\" content=\"BANQERO\" \/>\n<meta property=\"article:publisher\" content=\"https:\/\/www.facebook.com\/banqero\/\" \/>\n<meta property=\"article:modified_time\" content=\"2025-09-19T14:41:31+00:00\" \/>\n<meta property=\"og:image\" content=\"https:\/\/www.banqero.com\/wp-content\/uploads\/2022\/06\/banqero-xo-guatemala-box-1.png\" \/>\n\t<meta property=\"og:image:width\" content=\"1080\" \/>\n\t<meta property=\"og:image:height\" content=\"1080\" \/>\n\t<meta property=\"og:image:type\" content=\"image\/png\" \/>\n<meta name=\"twitter:card\" content=\"summary_large_image\" \/>\n<meta name=\"twitter:site\" content=\"@BanQero_Rum\" \/>\n<meta name=\"twitter:label1\" content=\"Gesch\u00e4tzte Lesezeit\" \/>\n\t<meta name=\"twitter:data1\" content=\"2\u00a0Minuten\" \/>\n<script type=\"application\/ld+json\" class=\"yoast-schema-graph\">{\"@context\":\"https:\/\/schema.org\",\"@graph\":[{\"@type\":\"WebPage\",\"@id\":\"https:\/\/www.banqero.com\/de\/rhum\/xo-rum-guatemala\/\",\"url\":\"https:\/\/www.banqero.com\/de\/rhum\/xo-rum-guatemala\/\",\"name\":\"Rum XO Guatemala - Single Origin Rum doppelt gealtert\",\"isPartOf\":{\"@id\":\"https:\/\/www.banqero.com\/de\/#website\"},\"primaryImageOfPage\":{\"@id\":\"https:\/\/www.banqero.com\/de\/rhum\/xo-rum-guatemala\/#primaryimage\"},\"image\":{\"@id\":\"https:\/\/www.banqero.com\/de\/rhum\/xo-rum-guatemala\/#primaryimage\"},\"thumbnailUrl\":\"https:\/\/www.banqero.com\/wp-content\/uploads\/2022\/06\/banqero-xo-guatemala-box-1.png\",\"datePublished\":\"2022-06-23T20:29:06+00:00\",\"dateModified\":\"2025-09-19T14:41:31+00:00\",\"description\":\"Rum XO Guatemala, ein au\u00dfergew\u00f6hnlicher gealterter Rum. 4 Jahre Alterung in den Tropen und 24 Monate in der Schweiz.\",\"breadcrumb\":{\"@id\":\"https:\/\/www.banqero.com\/de\/rhum\/xo-rum-guatemala\/#breadcrumb\"},\"inLanguage\":\"de\",\"potentialAction\":[{\"@type\":\"ReadAction\",\"target\":[\"https:\/\/www.banqero.com\/de\/rhum\/xo-rum-guatemala\/\"]}]},{\"@type\":\"ImageObject\",\"inLanguage\":\"de\",\"@id\":\"https:\/\/www.banqero.com\/de\/rhum\/xo-rum-guatemala\/#primaryimage\",\"url\":\"https:\/\/www.banqero.com\/wp-content\/uploads\/2022\/06\/banqero-xo-guatemala-box-1.png\",\"contentUrl\":\"https:\/\/www.banqero.com\/wp-content\/uploads\/2022\/06\/banqero-xo-guatemala-box-1.png\",\"width\":1080,\"height\":1080},{\"@type\":\"BreadcrumbList\",\"@id\":\"https:\/\/www.banqero.com\/de\/rhum\/xo-rum-guatemala\/#breadcrumb\",\"itemListElement\":[{\"@type\":\"ListItem\",\"position\":1,\"name\":\"Accueil\",\"item\":\"https:\/\/www.banqero.com\/de\/\"},{\"@type\":\"ListItem\",\"position\":2,\"name\":\"SHOP\",\"item\":\"https:\/\/www.banqero.com\/de\/rum-shop\/\"},{\"@type\":\"ListItem\",\"position\":3,\"name\":\"BANQERO XO Guatemala mit Box\"}]},{\"@type\":\"WebSite\",\"@id\":\"https:\/\/www.banqero.com\/de\/#website\",\"url\":\"https:\/\/www.banqero.com\/de\/\",\"name\":\"BANQERO\",\"description\":\"Swiss Premium Rum\",\"potentialAction\":[{\"@type\":\"SearchAction\",\"target\":{\"@type\":\"EntryPoint\",\"urlTemplate\":\"https:\/\/www.banqero.com\/de\/?s={search_term_string}\"},\"query-input\":{\"@type\":\"PropertyValueSpecification\",\"valueRequired\":true,\"valueName\":\"search_term_string\"}}],\"inLanguage\":\"de\"}]}<\/script>\n<!-- \/ Yoast SEO plugin. -->","yoast_head_json":{"title":"Rum XO Guatemala - Single Origin Rum doppelt gealtert","description":"Rum XO Guatemala, ein au\u00dfergew\u00f6hnlicher gealterter Rum. 4 Jahre Alterung in den Tropen und 24 Monate in der Schweiz.","robots":{"index":"index","follow":"follow","max-snippet":"max-snippet:-1","max-image-preview":"max-image-preview:large","max-video-preview":"max-video-preview:-1"},"canonical":"https:\/\/www.banqero.com\/de\/rhum\/xo-rum-guatemala\/","og_locale":"de_DE","og_type":"article","og_title":"Rum XO Guatemala - Single Origin Rum doppelt gealtert","og_description":"Rum XO Guatemala, ein au\u00dfergew\u00f6hnlicher gealterter Rum. 4 Jahre Alterung in den Tropen und 24 Monate in der Schweiz.","og_url":"https:\/\/www.banqero.com\/de\/rhum\/xo-rum-guatemala\/","og_site_name":"BANQERO","article_publisher":"https:\/\/www.facebook.com\/banqero\/","article_modified_time":"2025-09-19T14:41:31+00:00","og_image":[{"width":1080,"height":1080,"url":"https:\/\/www.banqero.com\/wp-content\/uploads\/2022\/06\/banqero-xo-guatemala-box-1.png","type":"image\/png"}],"twitter_card":"summary_large_image","twitter_site":"@BanQero_Rum","twitter_misc":{"Gesch\u00e4tzte Lesezeit":"2\u00a0Minuten"},"schema":{"@context":"https:\/\/schema.org","@graph":[{"@type":"WebPage","@id":"https:\/\/www.banqero.com\/de\/rhum\/xo-rum-guatemala\/","url":"https:\/\/www.banqero.com\/de\/rhum\/xo-rum-guatemala\/","name":"Rum XO Guatemala - Single Origin Rum doppelt gealtert","isPartOf":{"@id":"https:\/\/www.banqero.com\/de\/#website"},"primaryImageOfPage":{"@id":"https:\/\/www.banqero.com\/de\/rhum\/xo-rum-guatemala\/#primaryimage"},"image":{"@id":"https:\/\/www.banqero.com\/de\/rhum\/xo-rum-guatemala\/#primaryimage"},"thumbnailUrl":"https:\/\/www.banqero.com\/wp-content\/uploads\/2022\/06\/banqero-xo-guatemala-box-1.png","datePublished":"2022-06-23T20:29:06+00:00","dateModified":"2025-09-19T14:41:31+00:00","description":"Rum XO Guatemala, ein au\u00dfergew\u00f6hnlicher gealterter Rum. 4 Jahre Alterung in den Tropen und 24 Monate in der Schweiz.","breadcrumb":{"@id":"https:\/\/www.banqero.com\/de\/rhum\/xo-rum-guatemala\/#breadcrumb"},"inLanguage":"de","potentialAction":[{"@type":"ReadAction","target":["https:\/\/www.banqero.com\/de\/rhum\/xo-rum-guatemala\/"]}]},{"@type":"ImageObject","inLanguage":"de","@id":"https:\/\/www.banqero.com\/de\/rhum\/xo-rum-guatemala\/#primaryimage","url":"https:\/\/www.banqero.com\/wp-content\/uploads\/2022\/06\/banqero-xo-guatemala-box-1.png","contentUrl":"https:\/\/www.banqero.com\/wp-content\/uploads\/2022\/06\/banqero-xo-guatemala-box-1.png","width":1080,"height":1080},{"@type":"BreadcrumbList","@id":"https:\/\/www.banqero.com\/de\/rhum\/xo-rum-guatemala\/#breadcrumb","itemListElement":[{"@type":"ListItem","position":1,"name":"Accueil","item":"https:\/\/www.banqero.com\/de\/"},{"@type":"ListItem","position":2,"name":"SHOP","item":"https:\/\/www.banqero.com\/de\/rum-shop\/"},{"@type":"ListItem","position":3,"name":"BANQERO XO Guatemala mit Box"}]},{"@type":"WebSite","@id":"https:\/\/www.banqero.com\/de\/#website","url":"https:\/\/www.banqero.com\/de\/","name":"BANQERO","description":"Swiss Premium Rum","potentialAction":[{"@type":"SearchAction","target":{"@type":"EntryPoint","urlTemplate":"https:\/\/www.banqero.com\/de\/?s={search_term_string}"},"query-input":{"@type":"PropertyValueSpecification","valueRequired":true,"valueName":"search_term_string"}}],"inLanguage":"de"}]}},"_links":{"self":[{"href":"https:\/\/www.banqero.com\/de\/wp-json\/wp\/v2\/product\/47346","targetHints":{"allow":["GET"]}}],"collection":[{"href":"https:\/\/www.banqero.com\/de\/wp-json\/wp\/v2\/product"}],"about":[{"href":"https:\/\/www.banqero.com\/de\/wp-json\/wp\/v2\/types\/product"}],"replies":[{"embeddable":true,"href":"https:\/\/www.banqero.com\/de\/wp-json\/wp\/v2\/comments?post=47346"}],"wp:featuredmedia":[{"embeddable":true,"href":"https:\/\/www.banqero.com\/de\/wp-json\/wp\/v2\/media\/49047"}],"wp:attachment":[{"href":"https:\/\/www.banqero.com\/de\/wp-json\/wp\/v2\/media?parent=47346"}],"wp:term":[{"taxonomy":"product_brand","embeddable":true,"href":"https:\/\/www.banqero.com\/de\/wp-json\/wp\/v2\/product_brand?post=47346"},{"taxonomy":"product_cat","embeddable":true,"href":"https:\/\/www.banqero.com\/de\/wp-json\/wp\/v2\/product_cat?post=47346"},{"taxonomy":"product_tag","embeddable":true,"href":"https:\/\/www.banqero.com\/de\/wp-json\/wp\/v2\/product_tag?post=47346"}],"curies":[{"name":"wp","href":"https:\/\/api.w.org\/{rel}","templated":true}]}}