{"id":46661,"date":"2021-12-08T12:06:54","date_gmt":"2021-12-08T11:06:54","guid":{"rendered":"https:\/\/www.banqero.com\/?post_type=product&#038;p=46661"},"modified":"2025-09-19T16:41:41","modified_gmt":"2025-09-19T14:41:41","slug":"xo-rum-west-indies","status":"publish","type":"product","link":"https:\/\/www.banqero.com\/de\/rhum\/xo-rum-west-indies\/","title":{"rendered":"BANQERO XO West Indies mit Box"},"content":{"rendered":"<ul>\n<li>Herkunftsl\u00e4nder: Trinidad und Tobago, Guatemala, Dominikanische Republik, El Salvador<\/li>\n<li>Alkoholgehalt: 40 % vol<\/li>\n<li>Fassungsverm\u00f6gen: 70 cl<\/li>\n<li>Typ: Rum aus Melasse<\/li>\n<li>Destillation: Kolonnenbrennhafen<\/li>\n<li>Reifungsprozess: 5 bis 6 Jahre tropische Alterung in Bourbon-F\u00e4ssern, anschliessend Finish von 18<br \/>\nMonaten in der Schweiz in Mitis-F\u00e4ssern (lik\u00f6rartiger Weisswein aus dem Wallis)<\/li>\n<li>Gustatorische Wahrnehmung:\n<ul>\n<li>Nase: brauner Zucker und weisse Eiche<\/li>\n<li>Mund: Reich und opulent, mit den Noten von Karamell, Honig und einem Hauch von dunkler Schokolade in der Schlussnote vereint<\/li>\n<li>S\u00fcsse (Bewertung von 1 bis 5): 3<\/li>\n<li>Zuckergehalt: 10g\/Liter<\/li>\n<\/ul>\n<\/li>\n<li>Verkostung: pur oder &#8218;on the rocks&#8216;<\/li>\n<li>Ehrungen:<\/li>\n<\/ul>\n<p style=\"padding-left: 40px;\"><img decoding=\"async\" class=\"alignnone wp-image-48040\" src=\"https:\/\/www.banqero.com\/wp-content\/uploads\/2023\/05\/spirits-master-gold-2023.png\" alt=\"\" width=\"76\" height=\"76\" srcset=\"https:\/\/www.banqero.com\/wp-content\/uploads\/2023\/05\/spirits-master-gold-2023-66x66.png 66w, https:\/\/www.banqero.com\/wp-content\/uploads\/2023\/05\/spirits-master-gold-2023-100x100.png 100w, https:\/\/www.banqero.com\/wp-content\/uploads\/2023\/05\/spirits-master-gold-2023-150x150.png 150w, https:\/\/www.banqero.com\/wp-content\/uploads\/2023\/05\/spirits-master-gold-2023-200x200.png 200w, https:\/\/www.banqero.com\/wp-content\/uploads\/2023\/05\/spirits-master-gold-2023-300x300.png 300w, https:\/\/www.banqero.com\/wp-content\/uploads\/2023\/05\/spirits-master-gold-2023-400x400.png 400w, https:\/\/www.banqero.com\/wp-content\/uploads\/2023\/05\/spirits-master-gold-2023-500x500.png 500w, https:\/\/www.banqero.com\/wp-content\/uploads\/2023\/05\/spirits-master-gold-2023-600x600.png 600w, https:\/\/www.banqero.com\/wp-content\/uploads\/2023\/05\/spirits-master-gold-2023-700x700.png 700w, https:\/\/www.banqero.com\/wp-content\/uploads\/2023\/05\/spirits-master-gold-2023-768x768.png 768w, https:\/\/www.banqero.com\/wp-content\/uploads\/2023\/05\/spirits-master-gold-2023-800x800.png 800w, https:\/\/www.banqero.com\/wp-content\/uploads\/2023\/05\/spirits-master-gold-2023-1024x1024.png 1024w, https:\/\/www.banqero.com\/wp-content\/uploads\/2023\/05\/spirits-master-gold-2023-1200x1200.png 1200w, https:\/\/www.banqero.com\/wp-content\/uploads\/2023\/05\/spirits-master-gold-2023-1536x1536.png 1536w, https:\/\/www.banqero.com\/wp-content\/uploads\/2023\/05\/spirits-master-gold-2023.png 2048w\" sizes=\"(max-width: 76px) 100vw, 76px\" \/><img decoding=\"async\" class=\"alignnone wp-image-46941\" src=\"https:\/\/www.banqero.com\/wp-content\/uploads\/2022\/03\/iwsc-silver-93.png\" alt=\"\" width=\"76\" height=\"76\" srcset=\"https:\/\/www.banqero.com\/wp-content\/uploads\/2022\/03\/iwsc-silver-93-66x66.png 66w, https:\/\/www.banqero.com\/wp-content\/uploads\/2022\/03\/iwsc-silver-93-100x100.png 100w, https:\/\/www.banqero.com\/wp-content\/uploads\/2022\/03\/iwsc-silver-93-150x150.png 150w, https:\/\/www.banqero.com\/wp-content\/uploads\/2022\/03\/iwsc-silver-93-200x200.png 200w, https:\/\/www.banqero.com\/wp-content\/uploads\/2022\/03\/iwsc-silver-93-300x300.png 300w, https:\/\/www.banqero.com\/wp-content\/uploads\/2022\/03\/iwsc-silver-93.png 340w\" sizes=\"(max-width: 76px) 100vw, 76px\" \/><img decoding=\"async\" class=\"alignnone wp-image-48034\" src=\"https:\/\/www.banqero.com\/wp-content\/uploads\/2023\/05\/international-spirits-challenge-silver-2023.png\" alt=\"\" width=\"76\" height=\"76\" srcset=\"https:\/\/www.banqero.com\/wp-content\/uploads\/2023\/05\/international-spirits-challenge-silver-2023-66x66.png 66w, https:\/\/www.banqero.com\/wp-content\/uploads\/2023\/05\/international-spirits-challenge-silver-2023-100x100.png 100w, https:\/\/www.banqero.com\/wp-content\/uploads\/2023\/05\/international-spirits-challenge-silver-2023-150x150.png 150w, https:\/\/www.banqero.com\/wp-content\/uploads\/2023\/05\/international-spirits-challenge-silver-2023-200x200.png 200w, https:\/\/www.banqero.com\/wp-content\/uploads\/2023\/05\/international-spirits-challenge-silver-2023-300x300.png 300w, https:\/\/www.banqero.com\/wp-content\/uploads\/2023\/05\/international-spirits-challenge-silver-2023-400x399.png 400w, https:\/\/www.banqero.com\/wp-content\/uploads\/2023\/05\/international-spirits-challenge-silver-2023-500x499.png 500w, https:\/\/www.banqero.com\/wp-content\/uploads\/2023\/05\/international-spirits-challenge-silver-2023.png 592w\" sizes=\"(max-width: 76px) 100vw, 76px\" \/><img decoding=\"async\" class=\"alignnone wp-image-48027\" src=\"https:\/\/www.banqero.com\/wp-content\/uploads\/2023\/05\/london-spirits-competition-2023.png\" alt=\"\" width=\"76\" height=\"76\" srcset=\"https:\/\/www.banqero.com\/wp-content\/uploads\/2023\/05\/london-spirits-competition-2023-66x66.png 66w, https:\/\/www.banqero.com\/wp-content\/uploads\/2023\/05\/london-spirits-competition-2023-100x100.png 100w, https:\/\/www.banqero.com\/wp-content\/uploads\/2023\/05\/london-spirits-competition-2023-150x150.png 150w, https:\/\/www.banqero.com\/wp-content\/uploads\/2023\/05\/london-spirits-competition-2023-200x200.png 200w, https:\/\/www.banqero.com\/wp-content\/uploads\/2023\/05\/london-spirits-competition-2023-300x300.png 300w, https:\/\/www.banqero.com\/wp-content\/uploads\/2023\/05\/london-spirits-competition-2023-400x400.png 400w, https:\/\/www.banqero.com\/wp-content\/uploads\/2023\/05\/london-spirits-competition-2023-500x500.png 500w, https:\/\/www.banqero.com\/wp-content\/uploads\/2023\/05\/london-spirits-competition-2023-600x600.png 600w, https:\/\/www.banqero.com\/wp-content\/uploads\/2023\/05\/london-spirits-competition-2023-700x700.png 700w, https:\/\/www.banqero.com\/wp-content\/uploads\/2023\/05\/london-spirits-competition-2023-768x768.png 768w, https:\/\/www.banqero.com\/wp-content\/uploads\/2023\/05\/london-spirits-competition-2023-800x800.png 800w, https:\/\/www.banqero.com\/wp-content\/uploads\/2023\/05\/london-spirits-competition-2023.png 1000w\" sizes=\"(max-width: 76px) 100vw, 76px\" \/><\/p>\n","protected":false},"excerpt":{"rendered":"<p>Der erste Spr\u00f6ssling der XO-Reihe, BANQERO West Indies, ist ein Blend aus 4 sorgf\u00e4ltig ausgew\u00e4hlten Rums aus der Karibik und Zentralamerika (Trinidad und Tobago, Guatemala, Dominikanische Republik, El Salvador). Diese Rums erfuhren eine erste Alterung von 5 bis 6 Jahren in Bourbon-F\u00e4ssern in ihren Herkunftsl\u00e4ndern, bevor sie ihren Reifeprozess f\u00fcr 18 Monate in Mitis-F\u00e4ssern in der Schweiz vollendeten. Am Ende dieses Ausbaus erhalten wir einen Rum mit einem Bukett von braunem Zucker und weisser Eiche. Am Gaumen l\u00e4sst sich ein reichhaltiger und opulenter Rum entdecken, mit den Noten von Karamell, Honig und einem Hauch von dunkler Schokolade in der Schlussnote vereint.<\/p>\n","protected":false},"featured_media":48461,"comment_status":"open","ping_status":"closed","template":"","meta":[],"product_brand":[],"product_cat":[105,95],"product_tag":[],"class_list":{"0":"post-46661","1":"product","2":"type-product","3":"status-publish","4":"has-post-thumbnail","6":"product_cat-blend-2","7":"product_cat-doppelalterung","9":"first","10":"instock","11":"shipping-taxable","12":"purchasable","13":"product-type-simple"},"yoast_head":"<!-- This site is optimized with the Yoast SEO plugin v27.2 - https:\/\/yoast.com\/product\/yoast-seo-wordpress\/ -->\n<title>Rum XO West Indies - In der Schweiz gereifter Premium-Rum<\/title>\n<meta name=\"description\" content=\"Rum XO West Indies, ein preisgekr\u00f6nter alter Rum mit au\u00dfergew\u00f6hnlichen Aromen. 5 Jahre in den Tropen und 18 Monate in Mitis-F\u00e4ssern in der Schweiz gereift.\" \/>\n<meta name=\"robots\" content=\"index, follow, max-snippet:-1, max-image-preview:large, max-video-preview:-1\" \/>\n<link rel=\"canonical\" href=\"https:\/\/www.banqero.com\/de\/rhum\/xo-rum-west-indies\/\" \/>\n<meta property=\"og:locale\" content=\"de_DE\" \/>\n<meta property=\"og:type\" content=\"article\" \/>\n<meta property=\"og:title\" content=\"Rum XO West Indies - In der Schweiz gereifter Premium-Rum\" \/>\n<meta property=\"og:description\" content=\"Rum XO West Indies, ein preisgekr\u00f6nter alter Rum mit au\u00dfergew\u00f6hnlichen Aromen. 5 Jahre in den Tropen und 18 Monate in Mitis-F\u00e4ssern in der Schweiz gereift.\" \/>\n<meta property=\"og:url\" content=\"https:\/\/www.banqero.com\/de\/rhum\/xo-rum-west-indies\/\" \/>\n<meta property=\"og:site_name\" content=\"BANQERO\" \/>\n<meta property=\"article:publisher\" content=\"https:\/\/www.facebook.com\/banqero\/\" \/>\n<meta property=\"article:modified_time\" content=\"2025-09-19T14:41:41+00:00\" \/>\n<meta property=\"og:image\" content=\"https:\/\/www.banqero.com\/wp-content\/uploads\/2021\/12\/banqero-xo-west-indies-box-1-926x1024.png\" \/>\n\t<meta property=\"og:image:width\" content=\"926\" \/>\n\t<meta property=\"og:image:height\" content=\"1024\" \/>\n\t<meta property=\"og:image:type\" content=\"image\/png\" \/>\n<meta name=\"twitter:card\" content=\"summary_large_image\" \/>\n<meta name=\"twitter:site\" content=\"@BanQero_Rum\" \/>\n<meta name=\"twitter:label1\" content=\"Gesch\u00e4tzte Lesezeit\" \/>\n\t<meta name=\"twitter:data1\" content=\"2\u00a0Minuten\" \/>\n<script type=\"application\/ld+json\" class=\"yoast-schema-graph\">{\"@context\":\"https:\/\/schema.org\",\"@graph\":[{\"@type\":\"WebPage\",\"@id\":\"https:\/\/www.banqero.com\/de\/rhum\/xo-rum-west-indies\/\",\"url\":\"https:\/\/www.banqero.com\/de\/rhum\/xo-rum-west-indies\/\",\"name\":\"Rum XO West Indies - In der Schweiz gereifter Premium-Rum\",\"isPartOf\":{\"@id\":\"https:\/\/www.banqero.com\/de\/#website\"},\"primaryImageOfPage\":{\"@id\":\"https:\/\/www.banqero.com\/de\/rhum\/xo-rum-west-indies\/#primaryimage\"},\"image\":{\"@id\":\"https:\/\/www.banqero.com\/de\/rhum\/xo-rum-west-indies\/#primaryimage\"},\"thumbnailUrl\":\"https:\/\/www.banqero.com\/wp-content\/uploads\/2021\/12\/banqero-xo-west-indies-box-1.png\",\"datePublished\":\"2021-12-08T11:06:54+00:00\",\"dateModified\":\"2025-09-19T14:41:41+00:00\",\"description\":\"Rum XO West Indies, ein preisgekr\u00f6nter alter Rum mit au\u00dfergew\u00f6hnlichen Aromen. 5 Jahre in den Tropen und 18 Monate in Mitis-F\u00e4ssern in der Schweiz gereift.\",\"breadcrumb\":{\"@id\":\"https:\/\/www.banqero.com\/de\/rhum\/xo-rum-west-indies\/#breadcrumb\"},\"inLanguage\":\"de\",\"potentialAction\":[{\"@type\":\"ReadAction\",\"target\":[\"https:\/\/www.banqero.com\/de\/rhum\/xo-rum-west-indies\/\"]}]},{\"@type\":\"ImageObject\",\"inLanguage\":\"de\",\"@id\":\"https:\/\/www.banqero.com\/de\/rhum\/xo-rum-west-indies\/#primaryimage\",\"url\":\"https:\/\/www.banqero.com\/wp-content\/uploads\/2021\/12\/banqero-xo-west-indies-box-1.png\",\"contentUrl\":\"https:\/\/www.banqero.com\/wp-content\/uploads\/2021\/12\/banqero-xo-west-indies-box-1.png\",\"width\":2048,\"height\":2265},{\"@type\":\"BreadcrumbList\",\"@id\":\"https:\/\/www.banqero.com\/de\/rhum\/xo-rum-west-indies\/#breadcrumb\",\"itemListElement\":[{\"@type\":\"ListItem\",\"position\":1,\"name\":\"Accueil\",\"item\":\"https:\/\/www.banqero.com\/de\/\"},{\"@type\":\"ListItem\",\"position\":2,\"name\":\"SHOP\",\"item\":\"https:\/\/www.banqero.com\/de\/rum-shop\/\"},{\"@type\":\"ListItem\",\"position\":3,\"name\":\"BANQERO XO West Indies mit Box\"}]},{\"@type\":\"WebSite\",\"@id\":\"https:\/\/www.banqero.com\/de\/#website\",\"url\":\"https:\/\/www.banqero.com\/de\/\",\"name\":\"BANQERO\",\"description\":\"Swiss Premium Rum\",\"potentialAction\":[{\"@type\":\"SearchAction\",\"target\":{\"@type\":\"EntryPoint\",\"urlTemplate\":\"https:\/\/www.banqero.com\/de\/?s={search_term_string}\"},\"query-input\":{\"@type\":\"PropertyValueSpecification\",\"valueRequired\":true,\"valueName\":\"search_term_string\"}}],\"inLanguage\":\"de\"}]}<\/script>\n<!-- \/ Yoast SEO plugin. -->","yoast_head_json":{"title":"Rum XO West Indies - In der Schweiz gereifter Premium-Rum","description":"Rum XO West Indies, ein preisgekr\u00f6nter alter Rum mit au\u00dfergew\u00f6hnlichen Aromen. 5 Jahre in den Tropen und 18 Monate in Mitis-F\u00e4ssern in der Schweiz gereift.","robots":{"index":"index","follow":"follow","max-snippet":"max-snippet:-1","max-image-preview":"max-image-preview:large","max-video-preview":"max-video-preview:-1"},"canonical":"https:\/\/www.banqero.com\/de\/rhum\/xo-rum-west-indies\/","og_locale":"de_DE","og_type":"article","og_title":"Rum XO West Indies - In der Schweiz gereifter Premium-Rum","og_description":"Rum XO West Indies, ein preisgekr\u00f6nter alter Rum mit au\u00dfergew\u00f6hnlichen Aromen. 5 Jahre in den Tropen und 18 Monate in Mitis-F\u00e4ssern in der Schweiz gereift.","og_url":"https:\/\/www.banqero.com\/de\/rhum\/xo-rum-west-indies\/","og_site_name":"BANQERO","article_publisher":"https:\/\/www.facebook.com\/banqero\/","article_modified_time":"2025-09-19T14:41:41+00:00","og_image":[{"width":926,"height":1024,"url":"https:\/\/www.banqero.com\/wp-content\/uploads\/2021\/12\/banqero-xo-west-indies-box-1-926x1024.png","type":"image\/png"}],"twitter_card":"summary_large_image","twitter_site":"@BanQero_Rum","twitter_misc":{"Gesch\u00e4tzte Lesezeit":"2\u00a0Minuten"},"schema":{"@context":"https:\/\/schema.org","@graph":[{"@type":"WebPage","@id":"https:\/\/www.banqero.com\/de\/rhum\/xo-rum-west-indies\/","url":"https:\/\/www.banqero.com\/de\/rhum\/xo-rum-west-indies\/","name":"Rum XO West Indies - In der Schweiz gereifter Premium-Rum","isPartOf":{"@id":"https:\/\/www.banqero.com\/de\/#website"},"primaryImageOfPage":{"@id":"https:\/\/www.banqero.com\/de\/rhum\/xo-rum-west-indies\/#primaryimage"},"image":{"@id":"https:\/\/www.banqero.com\/de\/rhum\/xo-rum-west-indies\/#primaryimage"},"thumbnailUrl":"https:\/\/www.banqero.com\/wp-content\/uploads\/2021\/12\/banqero-xo-west-indies-box-1.png","datePublished":"2021-12-08T11:06:54+00:00","dateModified":"2025-09-19T14:41:41+00:00","description":"Rum XO West Indies, ein preisgekr\u00f6nter alter Rum mit au\u00dfergew\u00f6hnlichen Aromen. 5 Jahre in den Tropen und 18 Monate in Mitis-F\u00e4ssern in der Schweiz gereift.","breadcrumb":{"@id":"https:\/\/www.banqero.com\/de\/rhum\/xo-rum-west-indies\/#breadcrumb"},"inLanguage":"de","potentialAction":[{"@type":"ReadAction","target":["https:\/\/www.banqero.com\/de\/rhum\/xo-rum-west-indies\/"]}]},{"@type":"ImageObject","inLanguage":"de","@id":"https:\/\/www.banqero.com\/de\/rhum\/xo-rum-west-indies\/#primaryimage","url":"https:\/\/www.banqero.com\/wp-content\/uploads\/2021\/12\/banqero-xo-west-indies-box-1.png","contentUrl":"https:\/\/www.banqero.com\/wp-content\/uploads\/2021\/12\/banqero-xo-west-indies-box-1.png","width":2048,"height":2265},{"@type":"BreadcrumbList","@id":"https:\/\/www.banqero.com\/de\/rhum\/xo-rum-west-indies\/#breadcrumb","itemListElement":[{"@type":"ListItem","position":1,"name":"Accueil","item":"https:\/\/www.banqero.com\/de\/"},{"@type":"ListItem","position":2,"name":"SHOP","item":"https:\/\/www.banqero.com\/de\/rum-shop\/"},{"@type":"ListItem","position":3,"name":"BANQERO XO West Indies mit Box"}]},{"@type":"WebSite","@id":"https:\/\/www.banqero.com\/de\/#website","url":"https:\/\/www.banqero.com\/de\/","name":"BANQERO","description":"Swiss Premium Rum","potentialAction":[{"@type":"SearchAction","target":{"@type":"EntryPoint","urlTemplate":"https:\/\/www.banqero.com\/de\/?s={search_term_string}"},"query-input":{"@type":"PropertyValueSpecification","valueRequired":true,"valueName":"search_term_string"}}],"inLanguage":"de"}]}},"_links":{"self":[{"href":"https:\/\/www.banqero.com\/de\/wp-json\/wp\/v2\/product\/46661","targetHints":{"allow":["GET"]}}],"collection":[{"href":"https:\/\/www.banqero.com\/de\/wp-json\/wp\/v2\/product"}],"about":[{"href":"https:\/\/www.banqero.com\/de\/wp-json\/wp\/v2\/types\/product"}],"replies":[{"embeddable":true,"href":"https:\/\/www.banqero.com\/de\/wp-json\/wp\/v2\/comments?post=46661"}],"wp:featuredmedia":[{"embeddable":true,"href":"https:\/\/www.banqero.com\/de\/wp-json\/wp\/v2\/media\/48461"}],"wp:attachment":[{"href":"https:\/\/www.banqero.com\/de\/wp-json\/wp\/v2\/media?parent=46661"}],"wp:term":[{"taxonomy":"product_brand","embeddable":true,"href":"https:\/\/www.banqero.com\/de\/wp-json\/wp\/v2\/product_brand?post=46661"},{"taxonomy":"product_cat","embeddable":true,"href":"https:\/\/www.banqero.com\/de\/wp-json\/wp\/v2\/product_cat?post=46661"},{"taxonomy":"product_tag","embeddable":true,"href":"https:\/\/www.banqero.com\/de\/wp-json\/wp\/v2\/product_tag?post=46661"}],"curies":[{"name":"wp","href":"https:\/\/api.w.org\/{rel}","templated":true}]}}