{"id":46173,"date":"2021-05-22T10:49:43","date_gmt":"2021-05-22T08:49:43","guid":{"rendered":"https:\/\/www.banqero.com\/?post_type=product&#038;p=46173"},"modified":"2026-02-03T20:40:33","modified_gmt":"2026-02-03T19:40:33","slug":"cocktail-rum-pink","status":"publish","type":"product","link":"https:\/\/www.banqero.com\/de\/rhum\/cocktail-rum-pink\/","title":{"rendered":"Rum f\u00fcr Cocktails &#8211; Pink 5L"},"content":{"rendered":"<ul>\n<li>Herkunftsland: Schweiz<\/li>\n<li>Alkoholgehalt: 15 % Vol<\/li>\n<li>Inhalt: 5 Liter in Bag-in-Box (\u00c4quivalent von 7 Flaschen \u00e0 70cl)<\/li>\n<li>Typ: Lik\u00f6r auf Basis von Rum, Sirup aus reinem Himbeersaft und nat\u00fcrlichen Extrakten aus Ingwer und Grapefruit<\/li>\n<li>Verkostung: Aperitif auf Rum-Basis als Cocktail zu trinken<\/li>\n<li>Cocktailrezepte:\n<ul>\n<li><span style=\"color: #d13866;\">Pink SPRITZ:\u00a0<\/span>\n<ul>\n<li><span style=\"color: #d13866;\">1\/3 Pink<\/span><\/li>\n<li><span style=\"color: #d13866;\">1\/3 Trockener Sekt\u00a0<\/span><\/li>\n<li><span style=\"color: #d13866;\">1\/3 Mineralwasser mit Kohlens\u00e4ure\u00a0<\/span><\/li>\n<li><span style=\"color: #d13866;\">Eisw\u00fcrfel, 3 Minzbl\u00e4tter, 3 Himbeeren, 1 Grapefruitscheibe\u00a0<\/span><\/li>\n<\/ul>\n<\/li>\n<li>Pink&#8216; TONIC:\n<ul>\n<li>6cl Pink<\/li>\n<li>15cl Tonicwasser<\/li>\n<li>Eisw\u00fcrfel, 1 Grapefruitscheibe<\/li>\n<\/ul>\n<\/li>\n<li>Pink GINGER:\n<ul>\n<li>6cl Pink<\/li>\n<li>15cl ginger beer<\/li>\n<li>Eisw\u00fcrfel, 1 Limettenscheibe, 2 Himbeeren<\/li>\n<\/ul>\n<\/li>\n<li>Pink ROYAL (in einer Champagnerfl\u00f6te zu servieren):\n<ul>\n<li>4cl Pink<\/li>\n<li>10cl Champagner<\/li>\n<li>1 Himbeere<\/li>\n<\/ul>\n<\/li>\n<li>Pink PARADISE:\n<ul>\n<li>8cl Pink<\/li>\n<li>12cl Champagner<\/li>\n<li>Viele Eisw\u00fcrfel, 2 Himbeeren, 1 in Scheiben geschnittene Erdbeere, 1 Grapefruitscheibe, Zitronenschale<\/li>\n<\/ul>\n<\/li>\n<li>Liste aller Cocktails, die Sie mit Pink mixen k\u00f6nnen: <a style=\"text-align: center;\" href=\"https:\/\/www.banqero.com\/wp-content\/uploads\/2021\/05\/Pink-Cocktails.pdf\" target=\"_blank\" rel=\"noopener\">Pink Cocktails<\/a><\/li>\n<\/ul>\n<\/li>\n<\/ul>\n","protected":false},"excerpt":{"rendered":"<p>Pink ist ein subtiler Ausgleich zwischen der S\u00fc\u00dfe von Himbeeren, der Kraft von Ingwer und der Frische von Grapefruit. Pink ist ein Aperitif auf Rum-Basis, der f\u00fcr Cocktails und insbesondere f\u00fcr Spritz bestimmt ist. Es wird ausschlie\u00dflich aus nat\u00fcrlichen Fr\u00fcchten und Aromen hergestellt und ist das Ergebnis au\u00dfergew\u00f6hnlicher Handwerkskunst.<\/p>\n<p style=\"text-align: center;\"><strong><span style=\"color: #d13866;\">&#8222;Keep calm and have a pink cocktail&#8220;<\/span><\/strong><\/p>\n","protected":false},"featured_media":49164,"comment_status":"open","ping_status":"closed","template":"","meta":[],"product_brand":[],"product_cat":[72],"product_tag":[],"class_list":{"0":"post-46173","1":"product","2":"type-product","3":"status-publish","4":"has-post-thumbnail","6":"product_cat-rum-aperitif","8":"first","9":"instock","10":"shipping-taxable","11":"purchasable","12":"product-type-simple"},"yoast_head":"<!-- This site is optimized with the Yoast SEO plugin v27.5 - https:\/\/yoast.com\/product\/yoast-seo-wordpress\/ -->\n<title>Rum f\u00fcr Cocktails - Pink - Made for Spritz<\/title>\n<meta name=\"description\" content=\"Entdecken Sie den Rum f\u00fcr Cocktails: Der Pink. Der Aperitif auf Rumbasis f\u00fcr Spritz Cocktails, der aus Fr\u00fcchten und nat\u00fcrlichen Aromen hergestellt wird.\" \/>\n<meta name=\"robots\" content=\"index, follow, max-snippet:-1, max-image-preview:large, max-video-preview:-1\" \/>\n<link rel=\"canonical\" href=\"https:\/\/www.banqero.com\/de\/rhum\/cocktail-rum-pink\/\" \/>\n<meta property=\"og:locale\" content=\"de_DE\" \/>\n<meta property=\"og:type\" content=\"article\" \/>\n<meta property=\"og:title\" content=\"Rum f\u00fcr Cocktails - Pink - Made for Spritz\" \/>\n<meta property=\"og:description\" content=\"Entdecken Sie den Rum f\u00fcr Cocktails: Der Pink. Der Aperitif auf Rumbasis f\u00fcr Spritz Cocktails, der aus Fr\u00fcchten und nat\u00fcrlichen Aromen hergestellt wird.\" \/>\n<meta property=\"og:url\" content=\"https:\/\/www.banqero.com\/de\/rhum\/cocktail-rum-pink\/\" \/>\n<meta property=\"og:site_name\" content=\"BANQERO\" \/>\n<meta property=\"article:publisher\" content=\"https:\/\/www.facebook.com\/banqero\/\" \/>\n<meta property=\"article:modified_time\" content=\"2026-02-03T19:40:33+00:00\" \/>\n<meta property=\"og:image\" content=\"https:\/\/www.banqero.com\/wp-content\/uploads\/2021\/05\/banqero-pink-bag-in-box.jpg\" \/>\n\t<meta property=\"og:image:width\" content=\"1280\" \/>\n\t<meta property=\"og:image:height\" content=\"720\" \/>\n\t<meta property=\"og:image:type\" content=\"image\/jpeg\" \/>\n<meta name=\"twitter:card\" content=\"summary_large_image\" \/>\n<meta name=\"twitter:site\" content=\"@BanQero_Rum\" \/>\n<meta name=\"twitter:label1\" content=\"Gesch\u00e4tzte Lesezeit\" \/>\n\t<meta name=\"twitter:data1\" content=\"1\u00a0Minute\" \/>\n<script type=\"application\/ld+json\" class=\"yoast-schema-graph\">{\"@context\":\"https:\\\/\\\/schema.org\",\"@graph\":[{\"@type\":\"WebPage\",\"@id\":\"https:\\\/\\\/www.banqero.com\\\/de\\\/rhum\\\/cocktail-rum-pink\\\/\",\"url\":\"https:\\\/\\\/www.banqero.com\\\/de\\\/rhum\\\/cocktail-rum-pink\\\/\",\"name\":\"Rum f\u00fcr Cocktails - Pink - Made for Spritz\",\"isPartOf\":{\"@id\":\"https:\\\/\\\/www.banqero.com\\\/de\\\/#website\"},\"primaryImageOfPage\":{\"@id\":\"https:\\\/\\\/www.banqero.com\\\/de\\\/rhum\\\/cocktail-rum-pink\\\/#primaryimage\"},\"image\":{\"@id\":\"https:\\\/\\\/www.banqero.com\\\/de\\\/rhum\\\/cocktail-rum-pink\\\/#primaryimage\"},\"thumbnailUrl\":\"https:\\\/\\\/www.banqero.com\\\/wp-content\\\/uploads\\\/2021\\\/05\\\/banqero-pink-bag-in-box.jpg\",\"datePublished\":\"2021-05-22T08:49:43+00:00\",\"dateModified\":\"2026-02-03T19:40:33+00:00\",\"description\":\"Entdecken Sie den Rum f\u00fcr Cocktails: Der Pink. Der Aperitif auf Rumbasis f\u00fcr Spritz Cocktails, der aus Fr\u00fcchten und nat\u00fcrlichen Aromen hergestellt wird.\",\"breadcrumb\":{\"@id\":\"https:\\\/\\\/www.banqero.com\\\/de\\\/rhum\\\/cocktail-rum-pink\\\/#breadcrumb\"},\"inLanguage\":\"de\",\"potentialAction\":[{\"@type\":\"ReadAction\",\"target\":[\"https:\\\/\\\/www.banqero.com\\\/de\\\/rhum\\\/cocktail-rum-pink\\\/\"]}]},{\"@type\":\"ImageObject\",\"inLanguage\":\"de\",\"@id\":\"https:\\\/\\\/www.banqero.com\\\/de\\\/rhum\\\/cocktail-rum-pink\\\/#primaryimage\",\"url\":\"https:\\\/\\\/www.banqero.com\\\/wp-content\\\/uploads\\\/2021\\\/05\\\/banqero-pink-bag-in-box.jpg\",\"contentUrl\":\"https:\\\/\\\/www.banqero.com\\\/wp-content\\\/uploads\\\/2021\\\/05\\\/banqero-pink-bag-in-box.jpg\",\"width\":1280,\"height\":720},{\"@type\":\"BreadcrumbList\",\"@id\":\"https:\\\/\\\/www.banqero.com\\\/de\\\/rhum\\\/cocktail-rum-pink\\\/#breadcrumb\",\"itemListElement\":[{\"@type\":\"ListItem\",\"position\":1,\"name\":\"Accueil\",\"item\":\"https:\\\/\\\/www.banqero.com\\\/de\\\/\"},{\"@type\":\"ListItem\",\"position\":2,\"name\":\"SHOP\",\"item\":\"https:\\\/\\\/www.banqero.com\\\/de\\\/rum-shop\\\/\"},{\"@type\":\"ListItem\",\"position\":3,\"name\":\"Rum f\u00fcr Cocktails &#8211; Pink 5L\"}]},{\"@type\":\"WebSite\",\"@id\":\"https:\\\/\\\/www.banqero.com\\\/de\\\/#website\",\"url\":\"https:\\\/\\\/www.banqero.com\\\/de\\\/\",\"name\":\"BANQERO\",\"description\":\"Swiss Premium Rum\",\"potentialAction\":[{\"@type\":\"SearchAction\",\"target\":{\"@type\":\"EntryPoint\",\"urlTemplate\":\"https:\\\/\\\/www.banqero.com\\\/de\\\/?s={search_term_string}\"},\"query-input\":{\"@type\":\"PropertyValueSpecification\",\"valueRequired\":true,\"valueName\":\"search_term_string\"}}],\"inLanguage\":\"de\"}]}<\/script>\n<!-- \/ Yoast SEO plugin. -->","yoast_head_json":{"title":"Rum f\u00fcr Cocktails - Pink - Made for Spritz","description":"Entdecken Sie den Rum f\u00fcr Cocktails: Der Pink. Der Aperitif auf Rumbasis f\u00fcr Spritz Cocktails, der aus Fr\u00fcchten und nat\u00fcrlichen Aromen hergestellt wird.","robots":{"index":"index","follow":"follow","max-snippet":"max-snippet:-1","max-image-preview":"max-image-preview:large","max-video-preview":"max-video-preview:-1"},"canonical":"https:\/\/www.banqero.com\/de\/rhum\/cocktail-rum-pink\/","og_locale":"de_DE","og_type":"article","og_title":"Rum f\u00fcr Cocktails - Pink - Made for Spritz","og_description":"Entdecken Sie den Rum f\u00fcr Cocktails: Der Pink. Der Aperitif auf Rumbasis f\u00fcr Spritz Cocktails, der aus Fr\u00fcchten und nat\u00fcrlichen Aromen hergestellt wird.","og_url":"https:\/\/www.banqero.com\/de\/rhum\/cocktail-rum-pink\/","og_site_name":"BANQERO","article_publisher":"https:\/\/www.facebook.com\/banqero\/","article_modified_time":"2026-02-03T19:40:33+00:00","og_image":[{"width":1280,"height":720,"url":"https:\/\/www.banqero.com\/wp-content\/uploads\/2021\/05\/banqero-pink-bag-in-box.jpg","type":"image\/jpeg"}],"twitter_card":"summary_large_image","twitter_site":"@BanQero_Rum","twitter_misc":{"Gesch\u00e4tzte Lesezeit":"1\u00a0Minute"},"schema":{"@context":"https:\/\/schema.org","@graph":[{"@type":"WebPage","@id":"https:\/\/www.banqero.com\/de\/rhum\/cocktail-rum-pink\/","url":"https:\/\/www.banqero.com\/de\/rhum\/cocktail-rum-pink\/","name":"Rum f\u00fcr Cocktails - Pink - Made for Spritz","isPartOf":{"@id":"https:\/\/www.banqero.com\/de\/#website"},"primaryImageOfPage":{"@id":"https:\/\/www.banqero.com\/de\/rhum\/cocktail-rum-pink\/#primaryimage"},"image":{"@id":"https:\/\/www.banqero.com\/de\/rhum\/cocktail-rum-pink\/#primaryimage"},"thumbnailUrl":"https:\/\/www.banqero.com\/wp-content\/uploads\/2021\/05\/banqero-pink-bag-in-box.jpg","datePublished":"2021-05-22T08:49:43+00:00","dateModified":"2026-02-03T19:40:33+00:00","description":"Entdecken Sie den Rum f\u00fcr Cocktails: Der Pink. Der Aperitif auf Rumbasis f\u00fcr Spritz Cocktails, der aus Fr\u00fcchten und nat\u00fcrlichen Aromen hergestellt wird.","breadcrumb":{"@id":"https:\/\/www.banqero.com\/de\/rhum\/cocktail-rum-pink\/#breadcrumb"},"inLanguage":"de","potentialAction":[{"@type":"ReadAction","target":["https:\/\/www.banqero.com\/de\/rhum\/cocktail-rum-pink\/"]}]},{"@type":"ImageObject","inLanguage":"de","@id":"https:\/\/www.banqero.com\/de\/rhum\/cocktail-rum-pink\/#primaryimage","url":"https:\/\/www.banqero.com\/wp-content\/uploads\/2021\/05\/banqero-pink-bag-in-box.jpg","contentUrl":"https:\/\/www.banqero.com\/wp-content\/uploads\/2021\/05\/banqero-pink-bag-in-box.jpg","width":1280,"height":720},{"@type":"BreadcrumbList","@id":"https:\/\/www.banqero.com\/de\/rhum\/cocktail-rum-pink\/#breadcrumb","itemListElement":[{"@type":"ListItem","position":1,"name":"Accueil","item":"https:\/\/www.banqero.com\/de\/"},{"@type":"ListItem","position":2,"name":"SHOP","item":"https:\/\/www.banqero.com\/de\/rum-shop\/"},{"@type":"ListItem","position":3,"name":"Rum f\u00fcr Cocktails &#8211; Pink 5L"}]},{"@type":"WebSite","@id":"https:\/\/www.banqero.com\/de\/#website","url":"https:\/\/www.banqero.com\/de\/","name":"BANQERO","description":"Swiss Premium Rum","potentialAction":[{"@type":"SearchAction","target":{"@type":"EntryPoint","urlTemplate":"https:\/\/www.banqero.com\/de\/?s={search_term_string}"},"query-input":{"@type":"PropertyValueSpecification","valueRequired":true,"valueName":"search_term_string"}}],"inLanguage":"de"}]}},"_links":{"self":[{"href":"https:\/\/www.banqero.com\/de\/wp-json\/wp\/v2\/product\/46173","targetHints":{"allow":["GET"]}}],"collection":[{"href":"https:\/\/www.banqero.com\/de\/wp-json\/wp\/v2\/product"}],"about":[{"href":"https:\/\/www.banqero.com\/de\/wp-json\/wp\/v2\/types\/product"}],"replies":[{"embeddable":true,"href":"https:\/\/www.banqero.com\/de\/wp-json\/wp\/v2\/comments?post=46173"}],"wp:featuredmedia":[{"embeddable":true,"href":"https:\/\/www.banqero.com\/de\/wp-json\/wp\/v2\/media\/49164"}],"wp:attachment":[{"href":"https:\/\/www.banqero.com\/de\/wp-json\/wp\/v2\/media?parent=46173"}],"wp:term":[{"taxonomy":"product_brand","embeddable":true,"href":"https:\/\/www.banqero.com\/de\/wp-json\/wp\/v2\/product_brand?post=46173"},{"taxonomy":"product_cat","embeddable":true,"href":"https:\/\/www.banqero.com\/de\/wp-json\/wp\/v2\/product_cat?post=46173"},{"taxonomy":"product_tag","embeddable":true,"href":"https:\/\/www.banqero.com\/de\/wp-json\/wp\/v2\/product_tag?post=46173"}],"curies":[{"name":"wp","href":"https:\/\/api.w.org\/{rel}","templated":true}]}}