{"id":46170,"date":"2021-05-22T10:31:54","date_gmt":"2021-05-22T08:31:54","guid":{"rendered":"https:\/\/www.banqero.com\/?post_type=product&#038;p=46170"},"modified":"2022-08-24T12:01:31","modified_gmt":"2022-08-24T10:01:31","slug":"geschenkgutschein-rum","status":"publish","type":"product","link":"https:\/\/www.banqero.com\/de\/rhum\/geschenkgutschein-rum\/","title":{"rendered":"Rum Geschenkgutschein"},"content":{"rendered":"","protected":false},"excerpt":{"rendered":"<p>Eines der sch\u00f6nsten Vergn\u00fcgen ist es, jemandem eine Freude zu bereiten. Die Flaschen sind wundersch\u00f6n, die Nektare sehen exquisit aus, aber die Wahl ist schwierig: Welche Flasche soll man verschenken?<\/p>\n<p>Genau aus diesem Grund bieten wir Ihnen auch Geschenkgutscheine an. Diese erhalten Sie per E-Mail innerhalb 48 Stunden nach Ihrer Bestellung (verf\u00fcgbar sind 50\/100\/150\/200.)- \/\u2026). Sie brauchen lediglich die Anzahl der Gutscheine im Wert von 50 CHF auszuw\u00e4hlen.<\/p>\n","protected":false},"featured_media":45788,"comment_status":"open","ping_status":"closed","template":"","meta":[],"product_brand":[],"product_cat":[71],"product_tag":[],"class_list":{"0":"post-46170","1":"product","2":"type-product","3":"status-publish","4":"has-post-thumbnail","6":"product_cat-geschenkgutschein","8":"first","9":"instock","10":"virtual","11":"purchasable","12":"product-type-simple"},"yoast_head":"<!-- This site is optimized with the Yoast SEO plugin v27.2 - https:\/\/yoast.com\/product\/yoast-seo-wordpress\/ -->\n<title>Rum Geschenkgutschein - Geschenkidee Schweizer Rum<\/title>\n<meta name=\"description\" content=\"Brauchen Sie eine Geschenkidee? Verschenken Sie einen Geschenkgutschein f\u00fcr Rum, um unsere k\u00f6stlichen Schweizer Rums, XO und Pink zu bestellen. Das ideale Geschenk f\u00fcr Sie.\" \/>\n<meta name=\"robots\" content=\"index, follow, max-snippet:-1, max-image-preview:large, max-video-preview:-1\" \/>\n<link rel=\"canonical\" href=\"https:\/\/www.banqero.com\/de\/rhum\/geschenkgutschein-rum\/\" \/>\n<meta property=\"og:locale\" content=\"de_DE\" \/>\n<meta property=\"og:type\" content=\"article\" \/>\n<meta property=\"og:title\" content=\"Rum Geschenkgutschein - Geschenkidee Schweizer Rum\" \/>\n<meta property=\"og:description\" content=\"Brauchen Sie eine Geschenkidee? Verschenken Sie einen Geschenkgutschein f\u00fcr Rum, um unsere k\u00f6stlichen Schweizer Rums, XO und Pink zu bestellen. Das ideale Geschenk f\u00fcr Sie.\" \/>\n<meta property=\"og:url\" content=\"https:\/\/www.banqero.com\/de\/rhum\/geschenkgutschein-rum\/\" \/>\n<meta property=\"og:site_name\" content=\"BANQERO\" \/>\n<meta property=\"article:publisher\" content=\"https:\/\/www.facebook.com\/banqero\/\" \/>\n<meta property=\"article:modified_time\" content=\"2022-08-24T10:01:31+00:00\" \/>\n<meta property=\"og:image\" content=\"https:\/\/www.banqero.com\/wp-content\/uploads\/2021\/02\/bon-cadeau-scaled.jpg\" \/>\n\t<meta property=\"og:image:width\" content=\"2048\" \/>\n\t<meta property=\"og:image:height\" content=\"2048\" \/>\n\t<meta property=\"og:image:type\" content=\"image\/jpeg\" \/>\n<meta name=\"twitter:card\" content=\"summary_large_image\" \/>\n<meta name=\"twitter:site\" content=\"@BanQero_Rum\" \/>\n<script type=\"application\/ld+json\" class=\"yoast-schema-graph\">{\"@context\":\"https:\/\/schema.org\",\"@graph\":[{\"@type\":\"WebPage\",\"@id\":\"https:\/\/www.banqero.com\/de\/rhum\/geschenkgutschein-rum\/\",\"url\":\"https:\/\/www.banqero.com\/de\/rhum\/geschenkgutschein-rum\/\",\"name\":\"Rum Geschenkgutschein - Geschenkidee Schweizer Rum\",\"isPartOf\":{\"@id\":\"https:\/\/www.banqero.com\/de\/#website\"},\"primaryImageOfPage\":{\"@id\":\"https:\/\/www.banqero.com\/de\/rhum\/geschenkgutschein-rum\/#primaryimage\"},\"image\":{\"@id\":\"https:\/\/www.banqero.com\/de\/rhum\/geschenkgutschein-rum\/#primaryimage\"},\"thumbnailUrl\":\"https:\/\/www.banqero.com\/wp-content\/uploads\/2021\/02\/bon-cadeau-scaled.jpg\",\"datePublished\":\"2021-05-22T08:31:54+00:00\",\"dateModified\":\"2022-08-24T10:01:31+00:00\",\"description\":\"Brauchen Sie eine Geschenkidee? Verschenken Sie einen Geschenkgutschein f\u00fcr Rum, um unsere k\u00f6stlichen Schweizer Rums, XO und Pink zu bestellen. Das ideale Geschenk f\u00fcr Sie.\",\"breadcrumb\":{\"@id\":\"https:\/\/www.banqero.com\/de\/rhum\/geschenkgutschein-rum\/#breadcrumb\"},\"inLanguage\":\"de\",\"potentialAction\":[{\"@type\":\"ReadAction\",\"target\":[\"https:\/\/www.banqero.com\/de\/rhum\/geschenkgutschein-rum\/\"]}]},{\"@type\":\"ImageObject\",\"inLanguage\":\"de\",\"@id\":\"https:\/\/www.banqero.com\/de\/rhum\/geschenkgutschein-rum\/#primaryimage\",\"url\":\"https:\/\/www.banqero.com\/wp-content\/uploads\/2021\/02\/bon-cadeau-scaled.jpg\",\"contentUrl\":\"https:\/\/www.banqero.com\/wp-content\/uploads\/2021\/02\/bon-cadeau-scaled.jpg\",\"width\":2048,\"height\":2048,\"caption\":\"Bon cadeau BANQERO\"},{\"@type\":\"BreadcrumbList\",\"@id\":\"https:\/\/www.banqero.com\/de\/rhum\/geschenkgutschein-rum\/#breadcrumb\",\"itemListElement\":[{\"@type\":\"ListItem\",\"position\":1,\"name\":\"Accueil\",\"item\":\"https:\/\/www.banqero.com\/de\/\"},{\"@type\":\"ListItem\",\"position\":2,\"name\":\"SHOP\",\"item\":\"https:\/\/www.banqero.com\/de\/rum-shop\/\"},{\"@type\":\"ListItem\",\"position\":3,\"name\":\"Rum Geschenkgutschein\"}]},{\"@type\":\"WebSite\",\"@id\":\"https:\/\/www.banqero.com\/de\/#website\",\"url\":\"https:\/\/www.banqero.com\/de\/\",\"name\":\"BANQERO\",\"description\":\"Swiss Premium Rum\",\"potentialAction\":[{\"@type\":\"SearchAction\",\"target\":{\"@type\":\"EntryPoint\",\"urlTemplate\":\"https:\/\/www.banqero.com\/de\/?s={search_term_string}\"},\"query-input\":{\"@type\":\"PropertyValueSpecification\",\"valueRequired\":true,\"valueName\":\"search_term_string\"}}],\"inLanguage\":\"de\"}]}<\/script>\n<!-- \/ Yoast SEO plugin. -->","yoast_head_json":{"title":"Rum Geschenkgutschein - Geschenkidee Schweizer Rum","description":"Brauchen Sie eine Geschenkidee? Verschenken Sie einen Geschenkgutschein f\u00fcr Rum, um unsere k\u00f6stlichen Schweizer Rums, XO und Pink zu bestellen. Das ideale Geschenk f\u00fcr Sie.","robots":{"index":"index","follow":"follow","max-snippet":"max-snippet:-1","max-image-preview":"max-image-preview:large","max-video-preview":"max-video-preview:-1"},"canonical":"https:\/\/www.banqero.com\/de\/rhum\/geschenkgutschein-rum\/","og_locale":"de_DE","og_type":"article","og_title":"Rum Geschenkgutschein - Geschenkidee Schweizer Rum","og_description":"Brauchen Sie eine Geschenkidee? Verschenken Sie einen Geschenkgutschein f\u00fcr Rum, um unsere k\u00f6stlichen Schweizer Rums, XO und Pink zu bestellen. Das ideale Geschenk f\u00fcr Sie.","og_url":"https:\/\/www.banqero.com\/de\/rhum\/geschenkgutschein-rum\/","og_site_name":"BANQERO","article_publisher":"https:\/\/www.facebook.com\/banqero\/","article_modified_time":"2022-08-24T10:01:31+00:00","og_image":[{"width":2048,"height":2048,"url":"https:\/\/www.banqero.com\/wp-content\/uploads\/2021\/02\/bon-cadeau-scaled.jpg","type":"image\/jpeg"}],"twitter_card":"summary_large_image","twitter_site":"@BanQero_Rum","schema":{"@context":"https:\/\/schema.org","@graph":[{"@type":"WebPage","@id":"https:\/\/www.banqero.com\/de\/rhum\/geschenkgutschein-rum\/","url":"https:\/\/www.banqero.com\/de\/rhum\/geschenkgutschein-rum\/","name":"Rum Geschenkgutschein - Geschenkidee Schweizer Rum","isPartOf":{"@id":"https:\/\/www.banqero.com\/de\/#website"},"primaryImageOfPage":{"@id":"https:\/\/www.banqero.com\/de\/rhum\/geschenkgutschein-rum\/#primaryimage"},"image":{"@id":"https:\/\/www.banqero.com\/de\/rhum\/geschenkgutschein-rum\/#primaryimage"},"thumbnailUrl":"https:\/\/www.banqero.com\/wp-content\/uploads\/2021\/02\/bon-cadeau-scaled.jpg","datePublished":"2021-05-22T08:31:54+00:00","dateModified":"2022-08-24T10:01:31+00:00","description":"Brauchen Sie eine Geschenkidee? Verschenken Sie einen Geschenkgutschein f\u00fcr Rum, um unsere k\u00f6stlichen Schweizer Rums, XO und Pink zu bestellen. Das ideale Geschenk f\u00fcr Sie.","breadcrumb":{"@id":"https:\/\/www.banqero.com\/de\/rhum\/geschenkgutschein-rum\/#breadcrumb"},"inLanguage":"de","potentialAction":[{"@type":"ReadAction","target":["https:\/\/www.banqero.com\/de\/rhum\/geschenkgutschein-rum\/"]}]},{"@type":"ImageObject","inLanguage":"de","@id":"https:\/\/www.banqero.com\/de\/rhum\/geschenkgutschein-rum\/#primaryimage","url":"https:\/\/www.banqero.com\/wp-content\/uploads\/2021\/02\/bon-cadeau-scaled.jpg","contentUrl":"https:\/\/www.banqero.com\/wp-content\/uploads\/2021\/02\/bon-cadeau-scaled.jpg","width":2048,"height":2048,"caption":"Bon cadeau BANQERO"},{"@type":"BreadcrumbList","@id":"https:\/\/www.banqero.com\/de\/rhum\/geschenkgutschein-rum\/#breadcrumb","itemListElement":[{"@type":"ListItem","position":1,"name":"Accueil","item":"https:\/\/www.banqero.com\/de\/"},{"@type":"ListItem","position":2,"name":"SHOP","item":"https:\/\/www.banqero.com\/de\/rum-shop\/"},{"@type":"ListItem","position":3,"name":"Rum Geschenkgutschein"}]},{"@type":"WebSite","@id":"https:\/\/www.banqero.com\/de\/#website","url":"https:\/\/www.banqero.com\/de\/","name":"BANQERO","description":"Swiss Premium Rum","potentialAction":[{"@type":"SearchAction","target":{"@type":"EntryPoint","urlTemplate":"https:\/\/www.banqero.com\/de\/?s={search_term_string}"},"query-input":{"@type":"PropertyValueSpecification","valueRequired":true,"valueName":"search_term_string"}}],"inLanguage":"de"}]}},"_links":{"self":[{"href":"https:\/\/www.banqero.com\/de\/wp-json\/wp\/v2\/product\/46170","targetHints":{"allow":["GET"]}}],"collection":[{"href":"https:\/\/www.banqero.com\/de\/wp-json\/wp\/v2\/product"}],"about":[{"href":"https:\/\/www.banqero.com\/de\/wp-json\/wp\/v2\/types\/product"}],"replies":[{"embeddable":true,"href":"https:\/\/www.banqero.com\/de\/wp-json\/wp\/v2\/comments?post=46170"}],"wp:featuredmedia":[{"embeddable":true,"href":"https:\/\/www.banqero.com\/de\/wp-json\/wp\/v2\/media\/45788"}],"wp:attachment":[{"href":"https:\/\/www.banqero.com\/de\/wp-json\/wp\/v2\/media?parent=46170"}],"wp:term":[{"taxonomy":"product_brand","embeddable":true,"href":"https:\/\/www.banqero.com\/de\/wp-json\/wp\/v2\/product_brand?post=46170"},{"taxonomy":"product_cat","embeddable":true,"href":"https:\/\/www.banqero.com\/de\/wp-json\/wp\/v2\/product_cat?post=46170"},{"taxonomy":"product_tag","embeddable":true,"href":"https:\/\/www.banqero.com\/de\/wp-json\/wp\/v2\/product_tag?post=46170"}],"curies":[{"name":"wp","href":"https:\/\/api.w.org\/{rel}","templated":true}]}}