{"id":45404,"date":"2020-11-19T08:12:35","date_gmt":"2020-11-19T07:12:35","guid":{"rendered":"https:\/\/www.banqero.com\/?post_type=product&#038;p=45404"},"modified":"2023-07-22T18:21:09","modified_gmt":"2023-07-22T16:21:09","slug":"banqero-copper-gift-box","status":"publish","type":"product","link":"https:\/\/www.banqero.com\/de\/rhum\/banqero-copper-gift-box\/","title":{"rendered":"BANQERO Copper Box"},"content":{"rendered":"<ul>\n<li><span style=\"font-weight: 400;\">Glass:<\/span>\n<ul>\n<li style=\"font-weight: 400;\">Zwei 31cl-Gl\u00e4ser, die im Siebdruckverfahren mit dem vergoldeten BANQERO-Logo bedruckt wurden.<\/li>\n<li style=\"font-weight: 400;\">Krysta-Glas: das transparenteste Kristallglas auf dem Markt, das von Chef&amp;Sommelier entwickelt wurde. Vereint Widerstandsf\u00e4higkeit und bemerkenswerte Finesse miteinander.<\/li>\n<\/ul>\n<\/li>\n<\/ul>\n<p>&nbsp;<\/p>\n<ul>\n<li>BANQERO Copper:<\/li>\n<\/ul>\n<ul>\n<li style=\"list-style-type: none;\">\n<ul>\n<li>Herkunftsland: Schweiz<\/li>\n<li>Alkoholgehalt: 40 % vol<\/li>\n<li>Fassungsverm\u00f6gen: 70 cl<\/li>\n<li>Typ: brauner Rum aus Melasse<\/li>\n<li>Destillation: Destillation im Kupfer-Brennhafen aus dem Jahr 1887<\/li>\n<li>Gustatorische Wahrnehmung:\n<ul>\n<li>Nase: holzig, pflanzlich, Karamellmilch<\/li>\n<li>Mund: lange Noten von Karamell, R\u00f6stkaffee und Vanille<\/li>\n<li>S\u00fcsse (Bewertung von 1 bis 5): 4<\/li>\n<li>Zuckergehalt: 30g\/Liter<\/li>\n<\/ul>\n<\/li>\n<li>Verkostung: pur oder &#8218;on the rocks&#8216;<\/li>\n<li>Ehrungen:<\/li>\n<\/ul>\n<\/li>\n<\/ul>\n<p style=\"padding-left: 40px;\">\u00a0 \u00a0 \u00a0 \u00a0 <img decoding=\"async\" class=\"alignnone wp-image-47063\" src=\"https:\/\/www.banqero.com\/wp-content\/uploads\/2022\/05\/world-rum-awards-2022-silver-scaled.jpg\" alt=\"\" width=\"63\" height=\"76\" srcset=\"https:\/\/www.banqero.com\/wp-content\/uploads\/2022\/05\/world-rum-awards-2022-silver-200x242.jpg 200w, https:\/\/www.banqero.com\/wp-content\/uploads\/2022\/05\/world-rum-awards-2022-silver-248x300.jpg 248w, https:\/\/www.banqero.com\/wp-content\/uploads\/2022\/05\/world-rum-awards-2022-silver-400x484.jpg 400w, https:\/\/www.banqero.com\/wp-content\/uploads\/2022\/05\/world-rum-awards-2022-silver-500x605.jpg 500w, https:\/\/www.banqero.com\/wp-content\/uploads\/2022\/05\/world-rum-awards-2022-silver-600x726.jpg 600w, https:\/\/www.banqero.com\/wp-content\/uploads\/2022\/05\/world-rum-awards-2022-silver-700x847.jpg 700w, https:\/\/www.banqero.com\/wp-content\/uploads\/2022\/05\/world-rum-awards-2022-silver-768x929.jpg 768w, https:\/\/www.banqero.com\/wp-content\/uploads\/2022\/05\/world-rum-awards-2022-silver-800x967.jpg 800w, https:\/\/www.banqero.com\/wp-content\/uploads\/2022\/05\/world-rum-awards-2022-silver-847x1024.jpg 847w, https:\/\/www.banqero.com\/wp-content\/uploads\/2022\/05\/world-rum-awards-2022-silver-1200x1451.jpg 1200w, https:\/\/www.banqero.com\/wp-content\/uploads\/2022\/05\/world-rum-awards-2022-silver-1270x1536.jpg 1270w, https:\/\/www.banqero.com\/wp-content\/uploads\/2022\/05\/world-rum-awards-2022-silver-scaled.jpg 1693w\" sizes=\"(max-width: 63px) 100vw, 63px\" \/><\/p>\n","protected":false},"excerpt":{"rendered":"<p>Eine Box in hochwertiger Ausf\u00fchrung, zu 100% in der Schweiz hergestellt. Sie wird Liebhaber von gutem Rum begeistern, aber auch alle, die ein originelles Geschenk machen m\u00f6chten. Die Box enth\u00e4lt eine Flasche BANQERO Copper und 2 Gl\u00e4ser in raffiniertem Design, die von Chef&amp;Sommelier entwickelt und im Siebdruckverfahren mit dem vergoldeten BANQERO-Logo bedruckt wurden.<\/p>\n","protected":false},"featured_media":45516,"comment_status":"open","ping_status":"closed","template":"","meta":[],"product_brand":[],"product_cat":[65,57],"product_tag":[],"class_list":{"0":"post-45404","1":"product","2":"type-product","3":"status-publish","4":"has-post-thumbnail","6":"product_cat-geschenkbox","7":"product_cat-schweizer-rum","9":"first","10":"outofstock","11":"shipping-taxable","12":"purchasable","13":"product-type-simple"},"yoast_head":"<!-- This site is optimized with the Yoast SEO plugin v27.5 - https:\/\/yoast.com\/product\/yoast-seo-wordpress\/ -->\n<title>Geschenkbox - BANQERO Copper Schweizer Rum<\/title>\n<meta name=\"description\" content=\"Eine Box in hochwertiger Ausf\u00fchrung, zu 100% in der Schweiz hergestellt, die eine Flasche BANQERO Copper und 2 Gl\u00e4ser in raffiniertem Design enth\u00e4lt.\" \/>\n<meta name=\"robots\" content=\"index, follow, max-snippet:-1, max-image-preview:large, max-video-preview:-1\" \/>\n<link rel=\"canonical\" href=\"https:\/\/www.banqero.com\/de\/rhum\/banqero-copper-gift-box\/\" \/>\n<meta property=\"og:locale\" content=\"de_DE\" \/>\n<meta property=\"og:type\" content=\"article\" \/>\n<meta property=\"og:title\" content=\"Geschenkbox - BANQERO Copper Schweizer Rum\" \/>\n<meta property=\"og:description\" content=\"Eine Box in hochwertiger Ausf\u00fchrung, zu 100% in der Schweiz hergestellt, die eine Flasche BANQERO Copper und 2 Gl\u00e4ser in raffiniertem Design enth\u00e4lt.\" \/>\n<meta property=\"og:url\" content=\"https:\/\/www.banqero.com\/de\/rhum\/banqero-copper-gift-box\/\" \/>\n<meta property=\"og:site_name\" content=\"BANQERO\" \/>\n<meta property=\"article:publisher\" content=\"https:\/\/www.facebook.com\/banqero\/\" \/>\n<meta property=\"article:modified_time\" content=\"2023-07-22T16:21:09+00:00\" \/>\n<meta property=\"og:image\" content=\"https:\/\/www.banqero.com\/wp-content\/uploads\/2020\/11\/gift-box-banqero-copper-1-scaled.jpg\" \/>\n\t<meta property=\"og:image:width\" content=\"2048\" \/>\n\t<meta property=\"og:image:height\" content=\"1475\" \/>\n\t<meta property=\"og:image:type\" content=\"image\/jpeg\" \/>\n<meta name=\"twitter:card\" content=\"summary_large_image\" \/>\n<meta name=\"twitter:site\" content=\"@BanQero_Rum\" \/>\n<meta name=\"twitter:label1\" content=\"Gesch\u00e4tzte Lesezeit\" \/>\n\t<meta name=\"twitter:data1\" content=\"1\u00a0Minute\" \/>\n<script type=\"application\/ld+json\" class=\"yoast-schema-graph\">{\"@context\":\"https:\\\/\\\/schema.org\",\"@graph\":[{\"@type\":\"WebPage\",\"@id\":\"https:\\\/\\\/www.banqero.com\\\/de\\\/rhum\\\/banqero-copper-gift-box\\\/\",\"url\":\"https:\\\/\\\/www.banqero.com\\\/de\\\/rhum\\\/banqero-copper-gift-box\\\/\",\"name\":\"Geschenkbox - BANQERO Copper Schweizer Rum\",\"isPartOf\":{\"@id\":\"https:\\\/\\\/www.banqero.com\\\/de\\\/#website\"},\"primaryImageOfPage\":{\"@id\":\"https:\\\/\\\/www.banqero.com\\\/de\\\/rhum\\\/banqero-copper-gift-box\\\/#primaryimage\"},\"image\":{\"@id\":\"https:\\\/\\\/www.banqero.com\\\/de\\\/rhum\\\/banqero-copper-gift-box\\\/#primaryimage\"},\"thumbnailUrl\":\"https:\\\/\\\/www.banqero.com\\\/wp-content\\\/uploads\\\/2020\\\/11\\\/gift-box-banqero-copper-1-scaled.jpg\",\"datePublished\":\"2020-11-19T07:12:35+00:00\",\"dateModified\":\"2023-07-22T16:21:09+00:00\",\"description\":\"Eine Box in hochwertiger Ausf\u00fchrung, zu 100% in der Schweiz hergestellt, die eine Flasche BANQERO Copper und 2 Gl\u00e4ser in raffiniertem Design enth\u00e4lt.\",\"breadcrumb\":{\"@id\":\"https:\\\/\\\/www.banqero.com\\\/de\\\/rhum\\\/banqero-copper-gift-box\\\/#breadcrumb\"},\"inLanguage\":\"de\",\"potentialAction\":[{\"@type\":\"ReadAction\",\"target\":[\"https:\\\/\\\/www.banqero.com\\\/de\\\/rhum\\\/banqero-copper-gift-box\\\/\"]}]},{\"@type\":\"ImageObject\",\"inLanguage\":\"de\",\"@id\":\"https:\\\/\\\/www.banqero.com\\\/de\\\/rhum\\\/banqero-copper-gift-box\\\/#primaryimage\",\"url\":\"https:\\\/\\\/www.banqero.com\\\/wp-content\\\/uploads\\\/2020\\\/11\\\/gift-box-banqero-copper-1-scaled.jpg\",\"contentUrl\":\"https:\\\/\\\/www.banqero.com\\\/wp-content\\\/uploads\\\/2020\\\/11\\\/gift-box-banqero-copper-1-scaled.jpg\",\"width\":2048,\"height\":1475},{\"@type\":\"BreadcrumbList\",\"@id\":\"https:\\\/\\\/www.banqero.com\\\/de\\\/rhum\\\/banqero-copper-gift-box\\\/#breadcrumb\",\"itemListElement\":[{\"@type\":\"ListItem\",\"position\":1,\"name\":\"Accueil\",\"item\":\"https:\\\/\\\/www.banqero.com\\\/de\\\/\"},{\"@type\":\"ListItem\",\"position\":2,\"name\":\"SHOP\",\"item\":\"https:\\\/\\\/www.banqero.com\\\/de\\\/rum-shop\\\/\"},{\"@type\":\"ListItem\",\"position\":3,\"name\":\"BANQERO Copper Box\"}]},{\"@type\":\"WebSite\",\"@id\":\"https:\\\/\\\/www.banqero.com\\\/de\\\/#website\",\"url\":\"https:\\\/\\\/www.banqero.com\\\/de\\\/\",\"name\":\"BANQERO\",\"description\":\"Swiss Premium Rum\",\"potentialAction\":[{\"@type\":\"SearchAction\",\"target\":{\"@type\":\"EntryPoint\",\"urlTemplate\":\"https:\\\/\\\/www.banqero.com\\\/de\\\/?s={search_term_string}\"},\"query-input\":{\"@type\":\"PropertyValueSpecification\",\"valueRequired\":true,\"valueName\":\"search_term_string\"}}],\"inLanguage\":\"de\"}]}<\/script>\n<!-- \/ Yoast SEO plugin. -->","yoast_head_json":{"title":"Geschenkbox - BANQERO Copper Schweizer Rum","description":"Eine Box in hochwertiger Ausf\u00fchrung, zu 100% in der Schweiz hergestellt, die eine Flasche BANQERO Copper und 2 Gl\u00e4ser in raffiniertem Design enth\u00e4lt.","robots":{"index":"index","follow":"follow","max-snippet":"max-snippet:-1","max-image-preview":"max-image-preview:large","max-video-preview":"max-video-preview:-1"},"canonical":"https:\/\/www.banqero.com\/de\/rhum\/banqero-copper-gift-box\/","og_locale":"de_DE","og_type":"article","og_title":"Geschenkbox - BANQERO Copper Schweizer Rum","og_description":"Eine Box in hochwertiger Ausf\u00fchrung, zu 100% in der Schweiz hergestellt, die eine Flasche BANQERO Copper und 2 Gl\u00e4ser in raffiniertem Design enth\u00e4lt.","og_url":"https:\/\/www.banqero.com\/de\/rhum\/banqero-copper-gift-box\/","og_site_name":"BANQERO","article_publisher":"https:\/\/www.facebook.com\/banqero\/","article_modified_time":"2023-07-22T16:21:09+00:00","og_image":[{"width":2048,"height":1475,"url":"https:\/\/www.banqero.com\/wp-content\/uploads\/2020\/11\/gift-box-banqero-copper-1-scaled.jpg","type":"image\/jpeg"}],"twitter_card":"summary_large_image","twitter_site":"@BanQero_Rum","twitter_misc":{"Gesch\u00e4tzte Lesezeit":"1\u00a0Minute"},"schema":{"@context":"https:\/\/schema.org","@graph":[{"@type":"WebPage","@id":"https:\/\/www.banqero.com\/de\/rhum\/banqero-copper-gift-box\/","url":"https:\/\/www.banqero.com\/de\/rhum\/banqero-copper-gift-box\/","name":"Geschenkbox - BANQERO Copper Schweizer Rum","isPartOf":{"@id":"https:\/\/www.banqero.com\/de\/#website"},"primaryImageOfPage":{"@id":"https:\/\/www.banqero.com\/de\/rhum\/banqero-copper-gift-box\/#primaryimage"},"image":{"@id":"https:\/\/www.banqero.com\/de\/rhum\/banqero-copper-gift-box\/#primaryimage"},"thumbnailUrl":"https:\/\/www.banqero.com\/wp-content\/uploads\/2020\/11\/gift-box-banqero-copper-1-scaled.jpg","datePublished":"2020-11-19T07:12:35+00:00","dateModified":"2023-07-22T16:21:09+00:00","description":"Eine Box in hochwertiger Ausf\u00fchrung, zu 100% in der Schweiz hergestellt, die eine Flasche BANQERO Copper und 2 Gl\u00e4ser in raffiniertem Design enth\u00e4lt.","breadcrumb":{"@id":"https:\/\/www.banqero.com\/de\/rhum\/banqero-copper-gift-box\/#breadcrumb"},"inLanguage":"de","potentialAction":[{"@type":"ReadAction","target":["https:\/\/www.banqero.com\/de\/rhum\/banqero-copper-gift-box\/"]}]},{"@type":"ImageObject","inLanguage":"de","@id":"https:\/\/www.banqero.com\/de\/rhum\/banqero-copper-gift-box\/#primaryimage","url":"https:\/\/www.banqero.com\/wp-content\/uploads\/2020\/11\/gift-box-banqero-copper-1-scaled.jpg","contentUrl":"https:\/\/www.banqero.com\/wp-content\/uploads\/2020\/11\/gift-box-banqero-copper-1-scaled.jpg","width":2048,"height":1475},{"@type":"BreadcrumbList","@id":"https:\/\/www.banqero.com\/de\/rhum\/banqero-copper-gift-box\/#breadcrumb","itemListElement":[{"@type":"ListItem","position":1,"name":"Accueil","item":"https:\/\/www.banqero.com\/de\/"},{"@type":"ListItem","position":2,"name":"SHOP","item":"https:\/\/www.banqero.com\/de\/rum-shop\/"},{"@type":"ListItem","position":3,"name":"BANQERO Copper Box"}]},{"@type":"WebSite","@id":"https:\/\/www.banqero.com\/de\/#website","url":"https:\/\/www.banqero.com\/de\/","name":"BANQERO","description":"Swiss Premium Rum","potentialAction":[{"@type":"SearchAction","target":{"@type":"EntryPoint","urlTemplate":"https:\/\/www.banqero.com\/de\/?s={search_term_string}"},"query-input":{"@type":"PropertyValueSpecification","valueRequired":true,"valueName":"search_term_string"}}],"inLanguage":"de"}]}},"_links":{"self":[{"href":"https:\/\/www.banqero.com\/de\/wp-json\/wp\/v2\/product\/45404","targetHints":{"allow":["GET"]}}],"collection":[{"href":"https:\/\/www.banqero.com\/de\/wp-json\/wp\/v2\/product"}],"about":[{"href":"https:\/\/www.banqero.com\/de\/wp-json\/wp\/v2\/types\/product"}],"replies":[{"embeddable":true,"href":"https:\/\/www.banqero.com\/de\/wp-json\/wp\/v2\/comments?post=45404"}],"wp:featuredmedia":[{"embeddable":true,"href":"https:\/\/www.banqero.com\/de\/wp-json\/wp\/v2\/media\/45516"}],"wp:attachment":[{"href":"https:\/\/www.banqero.com\/de\/wp-json\/wp\/v2\/media?parent=45404"}],"wp:term":[{"taxonomy":"product_brand","embeddable":true,"href":"https:\/\/www.banqero.com\/de\/wp-json\/wp\/v2\/product_brand?post=45404"},{"taxonomy":"product_cat","embeddable":true,"href":"https:\/\/www.banqero.com\/de\/wp-json\/wp\/v2\/product_cat?post=45404"},{"taxonomy":"product_tag","embeddable":true,"href":"https:\/\/www.banqero.com\/de\/wp-json\/wp\/v2\/product_tag?post=45404"}],"curies":[{"name":"wp","href":"https:\/\/api.w.org\/{rel}","templated":true}]}}