{"id":44877,"date":"2020-11-18T17:42:38","date_gmt":"2020-11-18T16:42:38","guid":{"rendered":"https:\/\/www.banqero.com\/?post_type=product&#038;p=44877"},"modified":"2024-09-17T22:02:29","modified_gmt":"2024-09-17T20:02:29","slug":"rumpunsch-ginger-hibiscus","status":"publish","type":"product","link":"https:\/\/www.banqero.com\/de\/rhum\/rumpunsch-ginger-hibiscus\/","title":{"rendered":"Rumpunsch Ginger Hibiscus aus Guadeloupe"},"content":{"rendered":"<ul>\n<li>Herkunftsland: Guadeloupe<\/li>\n<li>Alkoholgehalt: 28.5% Vol<\/li>\n<li>Inhalt: 70 cl inklusive Ingwer- und Zuckerrohrst\u00fccken sowie Malvensirup<\/li>\n<li>Typ: wei\u00dfer Rum Agricole<\/li>\n<li>Destillation: Destillation im Kolonne-Brennhafen<\/li>\n<li>Verkostung:\n<ul>\n<li>Nase: Tropenfr\u00fcchte<\/li>\n<li>Gaumen: florale Aromen, vollmundiger Ingwer und frisches Zuckerrohr<\/li>\n<li>S\u00fcsse (Bewertung von 1 bis 5): 5<\/li>\n<\/ul>\n<\/li>\n<li>K\u00fchl, pur oder &#8218;on the rocks&#8216; trinken<\/li>\n<\/ul>\n","protected":false},"excerpt":{"rendered":"<p>BANQERO Ginger Hibiscus ist ein Rum-Punsch, der in Guadeloupe aus den besten lokalen Rumsorten hergestellt wird. Diese Zubereitung kombiniert Ingwer mit frischem Zuckerrohr, das fein geschnitten mit &#8222;Rum Agricole&#8220; vereint wird. Malvensirup verfeinert diese Zubereitung und mildert den vollmundigen Charakter des Ingwers, sodass sich der Rum durch ein subtiles Gleichgewicht ausdr\u00fccken kann. Bei der Verkostung verfallen Sie den floralen Aromen, der Kraft des Ingwers und der S\u00fc\u00dfe des Zuckerrohrs.<\/p>\n","protected":false},"featured_media":45448,"comment_status":"open","ping_status":"closed","template":"","meta":[],"product_brand":[],"product_cat":[61],"product_tag":[],"class_list":{"0":"post-44877","1":"product","2":"type-product","3":"status-publish","4":"has-post-thumbnail","6":"product_cat-rumpunsch","8":"first","9":"outofstock","10":"shipping-taxable","11":"purchasable","12":"product-type-simple"},"yoast_head":"<!-- This site is optimized with the Yoast SEO plugin v27.4 - https:\/\/yoast.com\/product\/yoast-seo-wordpress\/ -->\n<title>Rumpunsch Ginger Hibiscus aus Guadeloupe<\/title>\n<meta name=\"description\" content=\"Probieren Sie den Rumpunsch Ginger Hibiscus von BANQERO. Rum, der auf Guadeloupe aus den besten regionalen Rumsorten und frischen Zutaten hergestellt wird.\" \/>\n<meta name=\"robots\" content=\"index, follow, max-snippet:-1, max-image-preview:large, max-video-preview:-1\" \/>\n<link rel=\"canonical\" href=\"https:\/\/www.banqero.com\/de\/rhum\/rumpunsch-ginger-hibiscus\/\" \/>\n<meta property=\"og:locale\" content=\"de_DE\" \/>\n<meta property=\"og:type\" content=\"article\" \/>\n<meta property=\"og:title\" content=\"Rumpunsch Ginger Hibiscus aus Guadeloupe\" \/>\n<meta property=\"og:description\" content=\"Probieren Sie den Rumpunsch Ginger Hibiscus von BANQERO. Rum, der auf Guadeloupe aus den besten regionalen Rumsorten und frischen Zutaten hergestellt wird.\" \/>\n<meta property=\"og:url\" content=\"https:\/\/www.banqero.com\/de\/rhum\/rumpunsch-ginger-hibiscus\/\" \/>\n<meta property=\"og:site_name\" content=\"BANQERO\" \/>\n<meta property=\"article:publisher\" content=\"https:\/\/www.facebook.com\/banqero\/\" \/>\n<meta property=\"article:modified_time\" content=\"2024-09-17T20:02:29+00:00\" \/>\n<meta property=\"og:image\" content=\"https:\/\/www.banqero.com\/wp-content\/uploads\/2020\/11\/banqero-ginger-hibiscus.png\" \/>\n\t<meta property=\"og:image:width\" content=\"1080\" \/>\n\t<meta property=\"og:image:height\" content=\"1080\" \/>\n\t<meta property=\"og:image:type\" content=\"image\/png\" \/>\n<meta name=\"twitter:card\" content=\"summary_large_image\" \/>\n<meta name=\"twitter:site\" content=\"@BanQero_Rum\" \/>\n<meta name=\"twitter:label1\" content=\"Gesch\u00e4tzte Lesezeit\" \/>\n\t<meta name=\"twitter:data1\" content=\"1\u00a0Minute\" \/>\n<script type=\"application\/ld+json\" class=\"yoast-schema-graph\">{\"@context\":\"https:\\\/\\\/schema.org\",\"@graph\":[{\"@type\":\"WebPage\",\"@id\":\"https:\\\/\\\/www.banqero.com\\\/de\\\/rhum\\\/rumpunsch-ginger-hibiscus\\\/\",\"url\":\"https:\\\/\\\/www.banqero.com\\\/de\\\/rhum\\\/rumpunsch-ginger-hibiscus\\\/\",\"name\":\"Rumpunsch Ginger Hibiscus aus Guadeloupe\",\"isPartOf\":{\"@id\":\"https:\\\/\\\/www.banqero.com\\\/de\\\/#website\"},\"primaryImageOfPage\":{\"@id\":\"https:\\\/\\\/www.banqero.com\\\/de\\\/rhum\\\/rumpunsch-ginger-hibiscus\\\/#primaryimage\"},\"image\":{\"@id\":\"https:\\\/\\\/www.banqero.com\\\/de\\\/rhum\\\/rumpunsch-ginger-hibiscus\\\/#primaryimage\"},\"thumbnailUrl\":\"https:\\\/\\\/www.banqero.com\\\/wp-content\\\/uploads\\\/2020\\\/11\\\/banqero-ginger-hibiscus.png\",\"datePublished\":\"2020-11-18T16:42:38+00:00\",\"dateModified\":\"2024-09-17T20:02:29+00:00\",\"description\":\"Probieren Sie den Rumpunsch Ginger Hibiscus von BANQERO. Rum, der auf Guadeloupe aus den besten regionalen Rumsorten und frischen Zutaten hergestellt wird.\",\"breadcrumb\":{\"@id\":\"https:\\\/\\\/www.banqero.com\\\/de\\\/rhum\\\/rumpunsch-ginger-hibiscus\\\/#breadcrumb\"},\"inLanguage\":\"de\",\"potentialAction\":[{\"@type\":\"ReadAction\",\"target\":[\"https:\\\/\\\/www.banqero.com\\\/de\\\/rhum\\\/rumpunsch-ginger-hibiscus\\\/\"]}]},{\"@type\":\"ImageObject\",\"inLanguage\":\"de\",\"@id\":\"https:\\\/\\\/www.banqero.com\\\/de\\\/rhum\\\/rumpunsch-ginger-hibiscus\\\/#primaryimage\",\"url\":\"https:\\\/\\\/www.banqero.com\\\/wp-content\\\/uploads\\\/2020\\\/11\\\/banqero-ginger-hibiscus.png\",\"contentUrl\":\"https:\\\/\\\/www.banqero.com\\\/wp-content\\\/uploads\\\/2020\\\/11\\\/banqero-ginger-hibiscus.png\",\"width\":1080,\"height\":1080,\"caption\":\"BANQERO Ginger Hibiscus Bottle\"},{\"@type\":\"BreadcrumbList\",\"@id\":\"https:\\\/\\\/www.banqero.com\\\/de\\\/rhum\\\/rumpunsch-ginger-hibiscus\\\/#breadcrumb\",\"itemListElement\":[{\"@type\":\"ListItem\",\"position\":1,\"name\":\"Accueil\",\"item\":\"https:\\\/\\\/www.banqero.com\\\/de\\\/\"},{\"@type\":\"ListItem\",\"position\":2,\"name\":\"SHOP\",\"item\":\"https:\\\/\\\/www.banqero.com\\\/de\\\/rum-shop\\\/\"},{\"@type\":\"ListItem\",\"position\":3,\"name\":\"Rumpunsch Ginger Hibiscus aus Guadeloupe\"}]},{\"@type\":\"WebSite\",\"@id\":\"https:\\\/\\\/www.banqero.com\\\/de\\\/#website\",\"url\":\"https:\\\/\\\/www.banqero.com\\\/de\\\/\",\"name\":\"BANQERO\",\"description\":\"Swiss Premium Rum\",\"potentialAction\":[{\"@type\":\"SearchAction\",\"target\":{\"@type\":\"EntryPoint\",\"urlTemplate\":\"https:\\\/\\\/www.banqero.com\\\/de\\\/?s={search_term_string}\"},\"query-input\":{\"@type\":\"PropertyValueSpecification\",\"valueRequired\":true,\"valueName\":\"search_term_string\"}}],\"inLanguage\":\"de\"}]}<\/script>\n<!-- \/ Yoast SEO plugin. -->","yoast_head_json":{"title":"Rumpunsch Ginger Hibiscus aus Guadeloupe","description":"Probieren Sie den Rumpunsch Ginger Hibiscus von BANQERO. Rum, der auf Guadeloupe aus den besten regionalen Rumsorten und frischen Zutaten hergestellt wird.","robots":{"index":"index","follow":"follow","max-snippet":"max-snippet:-1","max-image-preview":"max-image-preview:large","max-video-preview":"max-video-preview:-1"},"canonical":"https:\/\/www.banqero.com\/de\/rhum\/rumpunsch-ginger-hibiscus\/","og_locale":"de_DE","og_type":"article","og_title":"Rumpunsch Ginger Hibiscus aus Guadeloupe","og_description":"Probieren Sie den Rumpunsch Ginger Hibiscus von BANQERO. Rum, der auf Guadeloupe aus den besten regionalen Rumsorten und frischen Zutaten hergestellt wird.","og_url":"https:\/\/www.banqero.com\/de\/rhum\/rumpunsch-ginger-hibiscus\/","og_site_name":"BANQERO","article_publisher":"https:\/\/www.facebook.com\/banqero\/","article_modified_time":"2024-09-17T20:02:29+00:00","og_image":[{"width":1080,"height":1080,"url":"https:\/\/www.banqero.com\/wp-content\/uploads\/2020\/11\/banqero-ginger-hibiscus.png","type":"image\/png"}],"twitter_card":"summary_large_image","twitter_site":"@BanQero_Rum","twitter_misc":{"Gesch\u00e4tzte Lesezeit":"1\u00a0Minute"},"schema":{"@context":"https:\/\/schema.org","@graph":[{"@type":"WebPage","@id":"https:\/\/www.banqero.com\/de\/rhum\/rumpunsch-ginger-hibiscus\/","url":"https:\/\/www.banqero.com\/de\/rhum\/rumpunsch-ginger-hibiscus\/","name":"Rumpunsch Ginger Hibiscus aus Guadeloupe","isPartOf":{"@id":"https:\/\/www.banqero.com\/de\/#website"},"primaryImageOfPage":{"@id":"https:\/\/www.banqero.com\/de\/rhum\/rumpunsch-ginger-hibiscus\/#primaryimage"},"image":{"@id":"https:\/\/www.banqero.com\/de\/rhum\/rumpunsch-ginger-hibiscus\/#primaryimage"},"thumbnailUrl":"https:\/\/www.banqero.com\/wp-content\/uploads\/2020\/11\/banqero-ginger-hibiscus.png","datePublished":"2020-11-18T16:42:38+00:00","dateModified":"2024-09-17T20:02:29+00:00","description":"Probieren Sie den Rumpunsch Ginger Hibiscus von BANQERO. Rum, der auf Guadeloupe aus den besten regionalen Rumsorten und frischen Zutaten hergestellt wird.","breadcrumb":{"@id":"https:\/\/www.banqero.com\/de\/rhum\/rumpunsch-ginger-hibiscus\/#breadcrumb"},"inLanguage":"de","potentialAction":[{"@type":"ReadAction","target":["https:\/\/www.banqero.com\/de\/rhum\/rumpunsch-ginger-hibiscus\/"]}]},{"@type":"ImageObject","inLanguage":"de","@id":"https:\/\/www.banqero.com\/de\/rhum\/rumpunsch-ginger-hibiscus\/#primaryimage","url":"https:\/\/www.banqero.com\/wp-content\/uploads\/2020\/11\/banqero-ginger-hibiscus.png","contentUrl":"https:\/\/www.banqero.com\/wp-content\/uploads\/2020\/11\/banqero-ginger-hibiscus.png","width":1080,"height":1080,"caption":"BANQERO Ginger Hibiscus Bottle"},{"@type":"BreadcrumbList","@id":"https:\/\/www.banqero.com\/de\/rhum\/rumpunsch-ginger-hibiscus\/#breadcrumb","itemListElement":[{"@type":"ListItem","position":1,"name":"Accueil","item":"https:\/\/www.banqero.com\/de\/"},{"@type":"ListItem","position":2,"name":"SHOP","item":"https:\/\/www.banqero.com\/de\/rum-shop\/"},{"@type":"ListItem","position":3,"name":"Rumpunsch Ginger Hibiscus aus Guadeloupe"}]},{"@type":"WebSite","@id":"https:\/\/www.banqero.com\/de\/#website","url":"https:\/\/www.banqero.com\/de\/","name":"BANQERO","description":"Swiss Premium Rum","potentialAction":[{"@type":"SearchAction","target":{"@type":"EntryPoint","urlTemplate":"https:\/\/www.banqero.com\/de\/?s={search_term_string}"},"query-input":{"@type":"PropertyValueSpecification","valueRequired":true,"valueName":"search_term_string"}}],"inLanguage":"de"}]}},"_links":{"self":[{"href":"https:\/\/www.banqero.com\/de\/wp-json\/wp\/v2\/product\/44877","targetHints":{"allow":["GET"]}}],"collection":[{"href":"https:\/\/www.banqero.com\/de\/wp-json\/wp\/v2\/product"}],"about":[{"href":"https:\/\/www.banqero.com\/de\/wp-json\/wp\/v2\/types\/product"}],"replies":[{"embeddable":true,"href":"https:\/\/www.banqero.com\/de\/wp-json\/wp\/v2\/comments?post=44877"}],"wp:featuredmedia":[{"embeddable":true,"href":"https:\/\/www.banqero.com\/de\/wp-json\/wp\/v2\/media\/45448"}],"wp:attachment":[{"href":"https:\/\/www.banqero.com\/de\/wp-json\/wp\/v2\/media?parent=44877"}],"wp:term":[{"taxonomy":"product_brand","embeddable":true,"href":"https:\/\/www.banqero.com\/de\/wp-json\/wp\/v2\/product_brand?post=44877"},{"taxonomy":"product_cat","embeddable":true,"href":"https:\/\/www.banqero.com\/de\/wp-json\/wp\/v2\/product_cat?post=44877"},{"taxonomy":"product_tag","embeddable":true,"href":"https:\/\/www.banqero.com\/de\/wp-json\/wp\/v2\/product_tag?post=44877"}],"curies":[{"name":"wp","href":"https:\/\/api.w.org\/{rel}","templated":true}]}}