{"id":44876,"date":"2020-11-18T17:39:35","date_gmt":"2020-11-18T16:39:35","guid":{"rendered":"https:\/\/www.banqero.com\/?post_type=product&#038;p=44876"},"modified":"2023-07-22T18:19:49","modified_gmt":"2023-07-22T16:19:49","slug":"rumpunsch-victoria-pineapple","status":"publish","type":"product","link":"https:\/\/www.banqero.com\/de\/rhum\/rumpunsch-victoria-pineapple\/","title":{"rendered":"Rumpunsch Victoria Pineapple aus Guadeloupe"},"content":{"rendered":"<ul>\n<li>Herkunftsland: Guadeloupe<\/li>\n<li>Alkoholgehalt: 27.5% Vol<\/li>\n<li>Inhalt: 70cl einschlie\u00dflich St\u00fccken von Victoria-Ananas und Bourbon-Vanilleschoten<\/li>\n<li>Typ: wei\u00dfer &#8222;Rum Agricole&#8220;<\/li>\n<li>Destillation: Destillation im Kolonne-Brennhafen<\/li>\n<li>Verkostung:\n<ul>\n<li>Nase: Tropenfr\u00fcchte<\/li>\n<li>Gaumen: reife Fr\u00fcchte, ger\u00f6stete Vanille und eine endlose Ananas<\/li>\n<li>S\u00fcsse (Bewertung von 1 bis 5): 5<\/li>\n<\/ul>\n<\/li>\n<li>K\u00fchl, pur oder &#8218;on the rocks&#8216; trinken<\/li>\n<\/ul>\n","protected":false},"excerpt":{"rendered":"<p>BANQERO Victoria Pineapple ist ein Rum-Punsch, der in Guadeloupe aus den besten lokalen Rumsorten hergestellt wird. F\u00fcr diese Zubereitung wird nur die Ananas-Sorte Victoria verwendet, die K\u00f6nigin der tropischen Fr\u00fcchte. Ihr s\u00fc\u00dfer, leicht s\u00e4uerlicher Geschmack und au\u00dfergew\u00f6hnlicher Duft sind eine Huldigung an ihre Heimat. Abgerundet wird diese Verbindung durch eine Bourbon-Vanilleschote, die mit ihren zarten und subtilen Aromen auftrumpft. Am Gaumen ergibt das eine Explosion der Aromen, die endlos anhalten. Zudem entsteht der Eindruck, in die reifen Fr\u00fcchte zu bei\u00dfen und in der Karibik zwischen Sonne, wei\u00dfem Sand und t\u00fcrkisfarbenem Meer zu schippern.<\/p>\n","protected":false},"featured_media":45442,"comment_status":"open","ping_status":"closed","template":"","meta":[],"product_brand":[],"product_cat":[61],"product_tag":[],"class_list":{"0":"post-44876","1":"product","2":"type-product","3":"status-publish","4":"has-post-thumbnail","6":"product_cat-rumpunsch","8":"first","9":"outofstock","10":"shipping-taxable","11":"purchasable","12":"product-type-simple"},"yoast_head":"<!-- This site is optimized with the Yoast SEO plugin v27.4 - https:\/\/yoast.com\/product\/yoast-seo-wordpress\/ -->\n<title>Rumpunsch Victoria Pineapple aus Guadeloupe<\/title>\n<meta name=\"description\" content=\"Entdecken Sie den Rumpunsch Victoria - Pineapple, der auf Guadeloupe aus den besten regionalen Rumsorten und frischen, sonnenverw\u00f6hnten Fr\u00fcchten hergestellt wird.\" \/>\n<meta name=\"robots\" content=\"index, follow, max-snippet:-1, max-image-preview:large, max-video-preview:-1\" \/>\n<link rel=\"canonical\" href=\"https:\/\/www.banqero.com\/de\/rhum\/rumpunsch-victoria-pineapple\/\" \/>\n<meta property=\"og:locale\" content=\"de_DE\" \/>\n<meta property=\"og:type\" content=\"article\" \/>\n<meta property=\"og:title\" content=\"Rumpunsch Victoria Pineapple aus Guadeloupe\" \/>\n<meta property=\"og:description\" content=\"Entdecken Sie den Rumpunsch Victoria - Pineapple, der auf Guadeloupe aus den besten regionalen Rumsorten und frischen, sonnenverw\u00f6hnten Fr\u00fcchten hergestellt wird.\" \/>\n<meta property=\"og:url\" content=\"https:\/\/www.banqero.com\/de\/rhum\/rumpunsch-victoria-pineapple\/\" \/>\n<meta property=\"og:site_name\" content=\"BANQERO\" \/>\n<meta property=\"article:publisher\" content=\"https:\/\/www.facebook.com\/banqero\/\" \/>\n<meta property=\"article:modified_time\" content=\"2023-07-22T16:19:49+00:00\" \/>\n<meta property=\"og:image\" content=\"https:\/\/www.banqero.com\/wp-content\/uploads\/2020\/11\/banqero-victoria-pineapple-2.png\" \/>\n\t<meta property=\"og:image:width\" content=\"1080\" \/>\n\t<meta property=\"og:image:height\" content=\"1080\" \/>\n\t<meta property=\"og:image:type\" content=\"image\/png\" \/>\n<meta name=\"twitter:card\" content=\"summary_large_image\" \/>\n<meta name=\"twitter:site\" content=\"@BanQero_Rum\" \/>\n<meta name=\"twitter:label1\" content=\"Gesch\u00e4tzte Lesezeit\" \/>\n\t<meta name=\"twitter:data1\" content=\"1\u00a0Minute\" \/>\n<script type=\"application\/ld+json\" class=\"yoast-schema-graph\">{\"@context\":\"https:\\\/\\\/schema.org\",\"@graph\":[{\"@type\":\"WebPage\",\"@id\":\"https:\\\/\\\/www.banqero.com\\\/de\\\/rhum\\\/rumpunsch-victoria-pineapple\\\/\",\"url\":\"https:\\\/\\\/www.banqero.com\\\/de\\\/rhum\\\/rumpunsch-victoria-pineapple\\\/\",\"name\":\"Rumpunsch Victoria Pineapple aus Guadeloupe\",\"isPartOf\":{\"@id\":\"https:\\\/\\\/www.banqero.com\\\/de\\\/#website\"},\"primaryImageOfPage\":{\"@id\":\"https:\\\/\\\/www.banqero.com\\\/de\\\/rhum\\\/rumpunsch-victoria-pineapple\\\/#primaryimage\"},\"image\":{\"@id\":\"https:\\\/\\\/www.banqero.com\\\/de\\\/rhum\\\/rumpunsch-victoria-pineapple\\\/#primaryimage\"},\"thumbnailUrl\":\"https:\\\/\\\/www.banqero.com\\\/wp-content\\\/uploads\\\/2020\\\/11\\\/banqero-victoria-pineapple-2.png\",\"datePublished\":\"2020-11-18T16:39:35+00:00\",\"dateModified\":\"2023-07-22T16:19:49+00:00\",\"description\":\"Entdecken Sie den Rumpunsch Victoria - Pineapple, der auf Guadeloupe aus den besten regionalen Rumsorten und frischen, sonnenverw\u00f6hnten Fr\u00fcchten hergestellt wird.\",\"breadcrumb\":{\"@id\":\"https:\\\/\\\/www.banqero.com\\\/de\\\/rhum\\\/rumpunsch-victoria-pineapple\\\/#breadcrumb\"},\"inLanguage\":\"de\",\"potentialAction\":[{\"@type\":\"ReadAction\",\"target\":[\"https:\\\/\\\/www.banqero.com\\\/de\\\/rhum\\\/rumpunsch-victoria-pineapple\\\/\"]}]},{\"@type\":\"ImageObject\",\"inLanguage\":\"de\",\"@id\":\"https:\\\/\\\/www.banqero.com\\\/de\\\/rhum\\\/rumpunsch-victoria-pineapple\\\/#primaryimage\",\"url\":\"https:\\\/\\\/www.banqero.com\\\/wp-content\\\/uploads\\\/2020\\\/11\\\/banqero-victoria-pineapple-2.png\",\"contentUrl\":\"https:\\\/\\\/www.banqero.com\\\/wp-content\\\/uploads\\\/2020\\\/11\\\/banqero-victoria-pineapple-2.png\",\"width\":1080,\"height\":1080,\"caption\":\"BANQERO Victoria Pineapple bottle\"},{\"@type\":\"BreadcrumbList\",\"@id\":\"https:\\\/\\\/www.banqero.com\\\/de\\\/rhum\\\/rumpunsch-victoria-pineapple\\\/#breadcrumb\",\"itemListElement\":[{\"@type\":\"ListItem\",\"position\":1,\"name\":\"Accueil\",\"item\":\"https:\\\/\\\/www.banqero.com\\\/de\\\/\"},{\"@type\":\"ListItem\",\"position\":2,\"name\":\"SHOP\",\"item\":\"https:\\\/\\\/www.banqero.com\\\/de\\\/rum-shop\\\/\"},{\"@type\":\"ListItem\",\"position\":3,\"name\":\"Rumpunsch Victoria Pineapple aus Guadeloupe\"}]},{\"@type\":\"WebSite\",\"@id\":\"https:\\\/\\\/www.banqero.com\\\/de\\\/#website\",\"url\":\"https:\\\/\\\/www.banqero.com\\\/de\\\/\",\"name\":\"BANQERO\",\"description\":\"Swiss Premium Rum\",\"potentialAction\":[{\"@type\":\"SearchAction\",\"target\":{\"@type\":\"EntryPoint\",\"urlTemplate\":\"https:\\\/\\\/www.banqero.com\\\/de\\\/?s={search_term_string}\"},\"query-input\":{\"@type\":\"PropertyValueSpecification\",\"valueRequired\":true,\"valueName\":\"search_term_string\"}}],\"inLanguage\":\"de\"}]}<\/script>\n<!-- \/ Yoast SEO plugin. -->","yoast_head_json":{"title":"Rumpunsch Victoria Pineapple aus Guadeloupe","description":"Entdecken Sie den Rumpunsch Victoria - Pineapple, der auf Guadeloupe aus den besten regionalen Rumsorten und frischen, sonnenverw\u00f6hnten Fr\u00fcchten hergestellt wird.","robots":{"index":"index","follow":"follow","max-snippet":"max-snippet:-1","max-image-preview":"max-image-preview:large","max-video-preview":"max-video-preview:-1"},"canonical":"https:\/\/www.banqero.com\/de\/rhum\/rumpunsch-victoria-pineapple\/","og_locale":"de_DE","og_type":"article","og_title":"Rumpunsch Victoria Pineapple aus Guadeloupe","og_description":"Entdecken Sie den Rumpunsch Victoria - Pineapple, der auf Guadeloupe aus den besten regionalen Rumsorten und frischen, sonnenverw\u00f6hnten Fr\u00fcchten hergestellt wird.","og_url":"https:\/\/www.banqero.com\/de\/rhum\/rumpunsch-victoria-pineapple\/","og_site_name":"BANQERO","article_publisher":"https:\/\/www.facebook.com\/banqero\/","article_modified_time":"2023-07-22T16:19:49+00:00","og_image":[{"width":1080,"height":1080,"url":"https:\/\/www.banqero.com\/wp-content\/uploads\/2020\/11\/banqero-victoria-pineapple-2.png","type":"image\/png"}],"twitter_card":"summary_large_image","twitter_site":"@BanQero_Rum","twitter_misc":{"Gesch\u00e4tzte Lesezeit":"1\u00a0Minute"},"schema":{"@context":"https:\/\/schema.org","@graph":[{"@type":"WebPage","@id":"https:\/\/www.banqero.com\/de\/rhum\/rumpunsch-victoria-pineapple\/","url":"https:\/\/www.banqero.com\/de\/rhum\/rumpunsch-victoria-pineapple\/","name":"Rumpunsch Victoria Pineapple aus Guadeloupe","isPartOf":{"@id":"https:\/\/www.banqero.com\/de\/#website"},"primaryImageOfPage":{"@id":"https:\/\/www.banqero.com\/de\/rhum\/rumpunsch-victoria-pineapple\/#primaryimage"},"image":{"@id":"https:\/\/www.banqero.com\/de\/rhum\/rumpunsch-victoria-pineapple\/#primaryimage"},"thumbnailUrl":"https:\/\/www.banqero.com\/wp-content\/uploads\/2020\/11\/banqero-victoria-pineapple-2.png","datePublished":"2020-11-18T16:39:35+00:00","dateModified":"2023-07-22T16:19:49+00:00","description":"Entdecken Sie den Rumpunsch Victoria - Pineapple, der auf Guadeloupe aus den besten regionalen Rumsorten und frischen, sonnenverw\u00f6hnten Fr\u00fcchten hergestellt wird.","breadcrumb":{"@id":"https:\/\/www.banqero.com\/de\/rhum\/rumpunsch-victoria-pineapple\/#breadcrumb"},"inLanguage":"de","potentialAction":[{"@type":"ReadAction","target":["https:\/\/www.banqero.com\/de\/rhum\/rumpunsch-victoria-pineapple\/"]}]},{"@type":"ImageObject","inLanguage":"de","@id":"https:\/\/www.banqero.com\/de\/rhum\/rumpunsch-victoria-pineapple\/#primaryimage","url":"https:\/\/www.banqero.com\/wp-content\/uploads\/2020\/11\/banqero-victoria-pineapple-2.png","contentUrl":"https:\/\/www.banqero.com\/wp-content\/uploads\/2020\/11\/banqero-victoria-pineapple-2.png","width":1080,"height":1080,"caption":"BANQERO Victoria Pineapple bottle"},{"@type":"BreadcrumbList","@id":"https:\/\/www.banqero.com\/de\/rhum\/rumpunsch-victoria-pineapple\/#breadcrumb","itemListElement":[{"@type":"ListItem","position":1,"name":"Accueil","item":"https:\/\/www.banqero.com\/de\/"},{"@type":"ListItem","position":2,"name":"SHOP","item":"https:\/\/www.banqero.com\/de\/rum-shop\/"},{"@type":"ListItem","position":3,"name":"Rumpunsch Victoria Pineapple aus Guadeloupe"}]},{"@type":"WebSite","@id":"https:\/\/www.banqero.com\/de\/#website","url":"https:\/\/www.banqero.com\/de\/","name":"BANQERO","description":"Swiss Premium Rum","potentialAction":[{"@type":"SearchAction","target":{"@type":"EntryPoint","urlTemplate":"https:\/\/www.banqero.com\/de\/?s={search_term_string}"},"query-input":{"@type":"PropertyValueSpecification","valueRequired":true,"valueName":"search_term_string"}}],"inLanguage":"de"}]}},"_links":{"self":[{"href":"https:\/\/www.banqero.com\/de\/wp-json\/wp\/v2\/product\/44876","targetHints":{"allow":["GET"]}}],"collection":[{"href":"https:\/\/www.banqero.com\/de\/wp-json\/wp\/v2\/product"}],"about":[{"href":"https:\/\/www.banqero.com\/de\/wp-json\/wp\/v2\/types\/product"}],"replies":[{"embeddable":true,"href":"https:\/\/www.banqero.com\/de\/wp-json\/wp\/v2\/comments?post=44876"}],"wp:featuredmedia":[{"embeddable":true,"href":"https:\/\/www.banqero.com\/de\/wp-json\/wp\/v2\/media\/45442"}],"wp:attachment":[{"href":"https:\/\/www.banqero.com\/de\/wp-json\/wp\/v2\/media?parent=44876"}],"wp:term":[{"taxonomy":"product_brand","embeddable":true,"href":"https:\/\/www.banqero.com\/de\/wp-json\/wp\/v2\/product_brand?post=44876"},{"taxonomy":"product_cat","embeddable":true,"href":"https:\/\/www.banqero.com\/de\/wp-json\/wp\/v2\/product_cat?post=44876"},{"taxonomy":"product_tag","embeddable":true,"href":"https:\/\/www.banqero.com\/de\/wp-json\/wp\/v2\/product_tag?post=44876"}],"curies":[{"name":"wp","href":"https:\/\/api.w.org\/{rel}","templated":true}]}}