{"id":44874,"date":"2020-11-18T17:37:47","date_gmt":"2020-11-18T16:37:47","guid":{"rendered":"https:\/\/www.banqero.com\/?post_type=product&#038;p=44874"},"modified":"2023-07-22T18:19:59","modified_gmt":"2023-07-22T16:19:59","slug":"banqero-mango-passion","status":"publish","type":"product","link":"https:\/\/www.banqero.com\/de\/rhum\/banqero-mango-passion\/","title":{"rendered":"BANQERO Mango Passion"},"content":{"rendered":"<ul>\n<li>Herkunftsland: Guadeloupe<\/li>\n<li>Alkoholgehalt: 27% Vol<\/li>\n<li>Inhalt:\u00a070cl inklusive Mangost\u00fccke, Passionsfrucht und Bourbon-Vanilleschote<\/li>\n<li>Typ: wei\u00dfer Rum Agricole<\/li>\n<li>Destillation: Destillation im Kolonne-Brennhafen<\/li>\n<li>Verkostung:\n<ul>\n<li>Nase: Tropenfr\u00fcchte<\/li>\n<li>Gaumen: frisch, pfeffrig, mit einem Hauch von ger\u00f6steten Vanillenoten<\/li>\n<li>S\u00fcsse (Bewertung von 1 bis 5): 5<\/li>\n<\/ul>\n<\/li>\n<li>K\u00fchl, pur oder &#8218;on the rocks&#8216; trinken<\/li>\n<\/ul>\n","protected":false},"excerpt":{"rendered":"<p>BANQERO Mango Passion ist ein Rum-Punsch, der in Guadeloupe aus den besten lokalen Rumsorten hergestellt wird. Mangos und Passionsfr\u00fcchte werden sorgf\u00e4ltig ausgew\u00e4hlt und von Hand geschnitten, bevor sie in die Flaschen abgef\u00fcllt werden. Diese Vereinigung wird durch eine Bourbon-Vanilleschote vervollst\u00e4ndigt, die wegen ihrer zarten und subtilen Aromen den Spitznamen Kaviar aus Guadeloupe tr\u00e4gt. Im Glas erwartet Sie ein Geschmacks-Spektakel aus frischen und pfeffrigen Gourmet-Noten kombiniert mit ger\u00f6steter Vanille, mit einem langen &#8230; sehr langen Abgang! Eine Beschw\u00f6rung ferner Reisen und der S\u00fc\u00dfe des Lebens in den Tropen.<\/p>\n","protected":false},"featured_media":45445,"comment_status":"open","ping_status":"closed","template":"","meta":[],"product_brand":[],"product_cat":[61],"product_tag":[],"class_list":{"0":"post-44874","1":"product","2":"type-product","3":"status-publish","4":"has-post-thumbnail","6":"product_cat-rumpunsch","8":"first","9":"outofstock","10":"shipping-taxable","11":"purchasable","12":"product-type-simple"},"yoast_head":"<!-- This site is optimized with the Yoast SEO plugin v27.5 - https:\/\/yoast.com\/product\/yoast-seo-wordpress\/ -->\n<title>BANQERO Mango Passion - BANQERO<\/title>\n<meta name=\"description\" content=\"BANQERO Mango Passion ist ein Rum-Punsch, der in Guadeloupe aus den besten lokalen Rumsorten hergestellt wird.\" \/>\n<meta name=\"robots\" content=\"index, follow, max-snippet:-1, max-image-preview:large, max-video-preview:-1\" \/>\n<link rel=\"canonical\" href=\"https:\/\/www.banqero.com\/de\/rhum\/banqero-mango-passion\/\" \/>\n<meta property=\"og:locale\" content=\"de_DE\" \/>\n<meta property=\"og:type\" content=\"article\" \/>\n<meta property=\"og:title\" content=\"BANQERO Mango Passion - BANQERO\" \/>\n<meta property=\"og:description\" content=\"BANQERO Mango Passion ist ein Rum-Punsch, der in Guadeloupe aus den besten lokalen Rumsorten hergestellt wird.\" \/>\n<meta property=\"og:url\" content=\"https:\/\/www.banqero.com\/de\/rhum\/banqero-mango-passion\/\" \/>\n<meta property=\"og:site_name\" content=\"BANQERO\" \/>\n<meta property=\"article:publisher\" content=\"https:\/\/www.facebook.com\/banqero\/\" \/>\n<meta property=\"article:modified_time\" content=\"2023-07-22T16:19:59+00:00\" \/>\n<meta property=\"og:image\" content=\"https:\/\/www.banqero.com\/wp-content\/uploads\/2020\/11\/banqero-mango-passion.png\" \/>\n\t<meta property=\"og:image:width\" content=\"1080\" \/>\n\t<meta property=\"og:image:height\" content=\"1080\" \/>\n\t<meta property=\"og:image:type\" content=\"image\/png\" \/>\n<meta name=\"twitter:card\" content=\"summary_large_image\" \/>\n<meta name=\"twitter:site\" content=\"@BanQero_Rum\" \/>\n<meta name=\"twitter:label1\" content=\"Gesch\u00e4tzte Lesezeit\" \/>\n\t<meta name=\"twitter:data1\" content=\"1\u00a0Minute\" \/>\n<script type=\"application\/ld+json\" class=\"yoast-schema-graph\">{\"@context\":\"https:\\\/\\\/schema.org\",\"@graph\":[{\"@type\":\"WebPage\",\"@id\":\"https:\\\/\\\/www.banqero.com\\\/de\\\/rhum\\\/banqero-mango-passion\\\/\",\"url\":\"https:\\\/\\\/www.banqero.com\\\/de\\\/rhum\\\/banqero-mango-passion\\\/\",\"name\":\"BANQERO Mango Passion - BANQERO\",\"isPartOf\":{\"@id\":\"https:\\\/\\\/www.banqero.com\\\/de\\\/#website\"},\"primaryImageOfPage\":{\"@id\":\"https:\\\/\\\/www.banqero.com\\\/de\\\/rhum\\\/banqero-mango-passion\\\/#primaryimage\"},\"image\":{\"@id\":\"https:\\\/\\\/www.banqero.com\\\/de\\\/rhum\\\/banqero-mango-passion\\\/#primaryimage\"},\"thumbnailUrl\":\"https:\\\/\\\/www.banqero.com\\\/wp-content\\\/uploads\\\/2020\\\/11\\\/banqero-mango-passion.png\",\"datePublished\":\"2020-11-18T16:37:47+00:00\",\"dateModified\":\"2023-07-22T16:19:59+00:00\",\"description\":\"BANQERO Mango Passion ist ein Rum-Punsch, der in Guadeloupe aus den besten lokalen Rumsorten hergestellt wird.\",\"breadcrumb\":{\"@id\":\"https:\\\/\\\/www.banqero.com\\\/de\\\/rhum\\\/banqero-mango-passion\\\/#breadcrumb\"},\"inLanguage\":\"de\",\"potentialAction\":[{\"@type\":\"ReadAction\",\"target\":[\"https:\\\/\\\/www.banqero.com\\\/de\\\/rhum\\\/banqero-mango-passion\\\/\"]}]},{\"@type\":\"ImageObject\",\"inLanguage\":\"de\",\"@id\":\"https:\\\/\\\/www.banqero.com\\\/de\\\/rhum\\\/banqero-mango-passion\\\/#primaryimage\",\"url\":\"https:\\\/\\\/www.banqero.com\\\/wp-content\\\/uploads\\\/2020\\\/11\\\/banqero-mango-passion.png\",\"contentUrl\":\"https:\\\/\\\/www.banqero.com\\\/wp-content\\\/uploads\\\/2020\\\/11\\\/banqero-mango-passion.png\",\"width\":1080,\"height\":1080,\"caption\":\"BANQERO Mango Passion\"},{\"@type\":\"BreadcrumbList\",\"@id\":\"https:\\\/\\\/www.banqero.com\\\/de\\\/rhum\\\/banqero-mango-passion\\\/#breadcrumb\",\"itemListElement\":[{\"@type\":\"ListItem\",\"position\":1,\"name\":\"Accueil\",\"item\":\"https:\\\/\\\/www.banqero.com\\\/de\\\/\"},{\"@type\":\"ListItem\",\"position\":2,\"name\":\"SHOP\",\"item\":\"https:\\\/\\\/www.banqero.com\\\/de\\\/rum-shop\\\/\"},{\"@type\":\"ListItem\",\"position\":3,\"name\":\"BANQERO Mango Passion\"}]},{\"@type\":\"WebSite\",\"@id\":\"https:\\\/\\\/www.banqero.com\\\/de\\\/#website\",\"url\":\"https:\\\/\\\/www.banqero.com\\\/de\\\/\",\"name\":\"BANQERO\",\"description\":\"Swiss Premium Rum\",\"potentialAction\":[{\"@type\":\"SearchAction\",\"target\":{\"@type\":\"EntryPoint\",\"urlTemplate\":\"https:\\\/\\\/www.banqero.com\\\/de\\\/?s={search_term_string}\"},\"query-input\":{\"@type\":\"PropertyValueSpecification\",\"valueRequired\":true,\"valueName\":\"search_term_string\"}}],\"inLanguage\":\"de\"}]}<\/script>\n<!-- \/ Yoast SEO plugin. -->","yoast_head_json":{"title":"BANQERO Mango Passion - BANQERO","description":"BANQERO Mango Passion ist ein Rum-Punsch, der in Guadeloupe aus den besten lokalen Rumsorten hergestellt wird.","robots":{"index":"index","follow":"follow","max-snippet":"max-snippet:-1","max-image-preview":"max-image-preview:large","max-video-preview":"max-video-preview:-1"},"canonical":"https:\/\/www.banqero.com\/de\/rhum\/banqero-mango-passion\/","og_locale":"de_DE","og_type":"article","og_title":"BANQERO Mango Passion - BANQERO","og_description":"BANQERO Mango Passion ist ein Rum-Punsch, der in Guadeloupe aus den besten lokalen Rumsorten hergestellt wird.","og_url":"https:\/\/www.banqero.com\/de\/rhum\/banqero-mango-passion\/","og_site_name":"BANQERO","article_publisher":"https:\/\/www.facebook.com\/banqero\/","article_modified_time":"2023-07-22T16:19:59+00:00","og_image":[{"width":1080,"height":1080,"url":"https:\/\/www.banqero.com\/wp-content\/uploads\/2020\/11\/banqero-mango-passion.png","type":"image\/png"}],"twitter_card":"summary_large_image","twitter_site":"@BanQero_Rum","twitter_misc":{"Gesch\u00e4tzte Lesezeit":"1\u00a0Minute"},"schema":{"@context":"https:\/\/schema.org","@graph":[{"@type":"WebPage","@id":"https:\/\/www.banqero.com\/de\/rhum\/banqero-mango-passion\/","url":"https:\/\/www.banqero.com\/de\/rhum\/banqero-mango-passion\/","name":"BANQERO Mango Passion - BANQERO","isPartOf":{"@id":"https:\/\/www.banqero.com\/de\/#website"},"primaryImageOfPage":{"@id":"https:\/\/www.banqero.com\/de\/rhum\/banqero-mango-passion\/#primaryimage"},"image":{"@id":"https:\/\/www.banqero.com\/de\/rhum\/banqero-mango-passion\/#primaryimage"},"thumbnailUrl":"https:\/\/www.banqero.com\/wp-content\/uploads\/2020\/11\/banqero-mango-passion.png","datePublished":"2020-11-18T16:37:47+00:00","dateModified":"2023-07-22T16:19:59+00:00","description":"BANQERO Mango Passion ist ein Rum-Punsch, der in Guadeloupe aus den besten lokalen Rumsorten hergestellt wird.","breadcrumb":{"@id":"https:\/\/www.banqero.com\/de\/rhum\/banqero-mango-passion\/#breadcrumb"},"inLanguage":"de","potentialAction":[{"@type":"ReadAction","target":["https:\/\/www.banqero.com\/de\/rhum\/banqero-mango-passion\/"]}]},{"@type":"ImageObject","inLanguage":"de","@id":"https:\/\/www.banqero.com\/de\/rhum\/banqero-mango-passion\/#primaryimage","url":"https:\/\/www.banqero.com\/wp-content\/uploads\/2020\/11\/banqero-mango-passion.png","contentUrl":"https:\/\/www.banqero.com\/wp-content\/uploads\/2020\/11\/banqero-mango-passion.png","width":1080,"height":1080,"caption":"BANQERO Mango Passion"},{"@type":"BreadcrumbList","@id":"https:\/\/www.banqero.com\/de\/rhum\/banqero-mango-passion\/#breadcrumb","itemListElement":[{"@type":"ListItem","position":1,"name":"Accueil","item":"https:\/\/www.banqero.com\/de\/"},{"@type":"ListItem","position":2,"name":"SHOP","item":"https:\/\/www.banqero.com\/de\/rum-shop\/"},{"@type":"ListItem","position":3,"name":"BANQERO Mango Passion"}]},{"@type":"WebSite","@id":"https:\/\/www.banqero.com\/de\/#website","url":"https:\/\/www.banqero.com\/de\/","name":"BANQERO","description":"Swiss Premium Rum","potentialAction":[{"@type":"SearchAction","target":{"@type":"EntryPoint","urlTemplate":"https:\/\/www.banqero.com\/de\/?s={search_term_string}"},"query-input":{"@type":"PropertyValueSpecification","valueRequired":true,"valueName":"search_term_string"}}],"inLanguage":"de"}]}},"_links":{"self":[{"href":"https:\/\/www.banqero.com\/de\/wp-json\/wp\/v2\/product\/44874","targetHints":{"allow":["GET"]}}],"collection":[{"href":"https:\/\/www.banqero.com\/de\/wp-json\/wp\/v2\/product"}],"about":[{"href":"https:\/\/www.banqero.com\/de\/wp-json\/wp\/v2\/types\/product"}],"replies":[{"embeddable":true,"href":"https:\/\/www.banqero.com\/de\/wp-json\/wp\/v2\/comments?post=44874"}],"wp:featuredmedia":[{"embeddable":true,"href":"https:\/\/www.banqero.com\/de\/wp-json\/wp\/v2\/media\/45445"}],"wp:attachment":[{"href":"https:\/\/www.banqero.com\/de\/wp-json\/wp\/v2\/media?parent=44874"}],"wp:term":[{"taxonomy":"product_brand","embeddable":true,"href":"https:\/\/www.banqero.com\/de\/wp-json\/wp\/v2\/product_brand?post=44874"},{"taxonomy":"product_cat","embeddable":true,"href":"https:\/\/www.banqero.com\/de\/wp-json\/wp\/v2\/product_cat?post=44874"},{"taxonomy":"product_tag","embeddable":true,"href":"https:\/\/www.banqero.com\/de\/wp-json\/wp\/v2\/product_tag?post=44874"}],"curies":[{"name":"wp","href":"https:\/\/api.w.org\/{rel}","templated":true}]}}