{"id":34578,"date":"2019-10-05T17:49:48","date_gmt":"2019-10-05T15:49:48","guid":{"rendered":"https:\/\/www.banqero.com\/produit\/banqero-copper\/"},"modified":"2026-04-21T20:37:02","modified_gmt":"2026-04-21T18:37:02","slug":"schweizer-brauner-rum-copper","status":"publish","type":"product","link":"https:\/\/www.banqero.com\/de\/rhum\/schweizer-brauner-rum-copper\/","title":{"rendered":"Brauner Rum 100% in der Schweiz hergestellt &#8211; BANQERO Copper"},"content":{"rendered":"<ul>\n<li>Herkunftsland: Schweiz<\/li>\n<li>Alkoholgehalt: 40 % vol<\/li>\n<li>Fassungsverm\u00f6gen: 70 cl<\/li>\n<li>Typ: Spirituose auf Rumbasis<\/li>\n<li>Destillation: Destillation im Kupfer-Brennhafen aus dem Jahr 1887<\/li>\n<li>Gustatorische Wahrnehmung:\n<ul>\n<li>Nase: holzig, pflanzlich, Karamellmilch<\/li>\n<li>Mund: lange Noten von Karamell, R\u00f6stkaffee und Vanille<\/li>\n<li>S\u00fcsse (Bewertung von 1 bis 5): 4<\/li>\n<li>Zuckergehalt: 28g\/Liter<\/li>\n<\/ul>\n<\/li>\n<li>Verkostung: pur oder &#8218;on the rocks&#8216;<\/li>\n<li>Ehrungen:<\/li>\n<\/ul>\n<p style=\"padding-left: 40px;\"><img decoding=\"async\" class=\"alignnone wp-image-47063\" src=\"https:\/\/www.banqero.com\/wp-content\/uploads\/2022\/05\/world-rum-awards-2022-silver-scaled.jpg\" alt=\"\" width=\"60\" height=\"73\" srcset=\"https:\/\/www.banqero.com\/wp-content\/uploads\/2022\/05\/world-rum-awards-2022-silver-200x242.jpg 200w, https:\/\/www.banqero.com\/wp-content\/uploads\/2022\/05\/world-rum-awards-2022-silver-248x300.jpg 248w, https:\/\/www.banqero.com\/wp-content\/uploads\/2022\/05\/world-rum-awards-2022-silver-400x484.jpg 400w, https:\/\/www.banqero.com\/wp-content\/uploads\/2022\/05\/world-rum-awards-2022-silver-500x605.jpg 500w, https:\/\/www.banqero.com\/wp-content\/uploads\/2022\/05\/world-rum-awards-2022-silver-600x726.jpg 600w, https:\/\/www.banqero.com\/wp-content\/uploads\/2022\/05\/world-rum-awards-2022-silver-700x847.jpg 700w, https:\/\/www.banqero.com\/wp-content\/uploads\/2022\/05\/world-rum-awards-2022-silver-768x929.jpg 768w, https:\/\/www.banqero.com\/wp-content\/uploads\/2022\/05\/world-rum-awards-2022-silver-800x967.jpg 800w, https:\/\/www.banqero.com\/wp-content\/uploads\/2022\/05\/world-rum-awards-2022-silver-847x1024.jpg 847w, https:\/\/www.banqero.com\/wp-content\/uploads\/2022\/05\/world-rum-awards-2022-silver-1200x1451.jpg 1200w, https:\/\/www.banqero.com\/wp-content\/uploads\/2022\/05\/world-rum-awards-2022-silver-1270x1536.jpg 1270w, https:\/\/www.banqero.com\/wp-content\/uploads\/2022\/05\/world-rum-awards-2022-silver-scaled.jpg 1693w\" sizes=\"(max-width: 60px) 100vw, 60px\" \/><\/p>\n<p>&nbsp;<\/p>\n","protected":false},"excerpt":{"rendered":"<p>BANQERO Copper ist ein abgerundeter, harmonischer, aber gleichzeitig auch komplexer brauner Rum. Das reiche und ausgewogene, gro\u00dfartige aromatisches Profil bietet Noten von Karamell, R\u00f6stkaffee und Vanille mit einem sch\u00f6nen langen Abgang. Pur oder &#8218;on the rocks&#8216;.<\/p>\n","protected":false},"featured_media":46066,"comment_status":"open","ping_status":"closed","template":"","meta":[],"product_brand":[],"product_cat":[57],"product_tag":[],"class_list":{"0":"post-34578","1":"product","2":"type-product","3":"status-publish","4":"has-post-thumbnail","6":"product_cat-schweizer-rum","8":"first","9":"outofstock","10":"shipping-taxable","11":"purchasable","12":"product-type-simple"},"yoast_head":"<!-- This site is optimized with the Yoast SEO plugin v27.4 - https:\/\/yoast.com\/product\/yoast-seo-wordpress\/ -->\n<title>Brauner Rum 100% in der Schweiz hergestellt - BANQERO Copper<\/title>\n<meta name=\"description\" content=\"Unser preisgekr\u00f6nter Schweizer BANQERO Copper Brown Rum ist sowohl harmonisch als auch komplex. Es ist ein reichhaltiger und ausgewogener brauner Rum mit einem wunderbaren Aromaprofil.\" \/>\n<meta name=\"robots\" content=\"index, follow, max-snippet:-1, max-image-preview:large, max-video-preview:-1\" \/>\n<link rel=\"canonical\" href=\"https:\/\/www.banqero.com\/de\/rhum\/schweizer-brauner-rum-copper\/\" \/>\n<meta property=\"og:locale\" content=\"de_DE\" \/>\n<meta property=\"og:type\" content=\"article\" \/>\n<meta property=\"og:title\" content=\"Brauner Rum 100% in der Schweiz hergestellt - BANQERO Copper\" \/>\n<meta property=\"og:description\" content=\"Unser preisgekr\u00f6nter Schweizer BANQERO Copper Brown Rum ist sowohl harmonisch als auch komplex. Es ist ein reichhaltiger und ausgewogener brauner Rum mit einem wunderbaren Aromaprofil.\" \/>\n<meta property=\"og:url\" content=\"https:\/\/www.banqero.com\/de\/rhum\/schweizer-brauner-rum-copper\/\" \/>\n<meta property=\"og:site_name\" content=\"BANQERO\" \/>\n<meta property=\"article:publisher\" content=\"https:\/\/www.facebook.com\/banqero\/\" \/>\n<meta property=\"article:modified_time\" content=\"2026-04-21T18:37:02+00:00\" \/>\n<meta property=\"og:image\" content=\"https:\/\/www.banqero.com\/wp-content\/uploads\/2019\/10\/banqero-copper-1.png\" \/>\n\t<meta property=\"og:image:width\" content=\"1080\" \/>\n\t<meta property=\"og:image:height\" content=\"1080\" \/>\n\t<meta property=\"og:image:type\" content=\"image\/png\" \/>\n<meta name=\"twitter:card\" content=\"summary_large_image\" \/>\n<meta name=\"twitter:site\" content=\"@BanQero_Rum\" \/>\n<meta name=\"twitter:label1\" content=\"Gesch\u00e4tzte Lesezeit\" \/>\n\t<meta name=\"twitter:data1\" content=\"1\u00a0Minute\" \/>\n<script type=\"application\/ld+json\" class=\"yoast-schema-graph\">{\"@context\":\"https:\\\/\\\/schema.org\",\"@graph\":[{\"@type\":\"WebPage\",\"@id\":\"https:\\\/\\\/www.banqero.com\\\/de\\\/rhum\\\/schweizer-brauner-rum-copper\\\/\",\"url\":\"https:\\\/\\\/www.banqero.com\\\/de\\\/rhum\\\/schweizer-brauner-rum-copper\\\/\",\"name\":\"Brauner Rum 100% in der Schweiz hergestellt - BANQERO Copper\",\"isPartOf\":{\"@id\":\"https:\\\/\\\/www.banqero.com\\\/de\\\/#website\"},\"primaryImageOfPage\":{\"@id\":\"https:\\\/\\\/www.banqero.com\\\/de\\\/rhum\\\/schweizer-brauner-rum-copper\\\/#primaryimage\"},\"image\":{\"@id\":\"https:\\\/\\\/www.banqero.com\\\/de\\\/rhum\\\/schweizer-brauner-rum-copper\\\/#primaryimage\"},\"thumbnailUrl\":\"https:\\\/\\\/www.banqero.com\\\/wp-content\\\/uploads\\\/2019\\\/10\\\/banqero-copper-1.png\",\"datePublished\":\"2019-10-05T15:49:48+00:00\",\"dateModified\":\"2026-04-21T18:37:02+00:00\",\"description\":\"Unser preisgekr\u00f6nter Schweizer BANQERO Copper Brown Rum ist sowohl harmonisch als auch komplex. Es ist ein reichhaltiger und ausgewogener brauner Rum mit einem wunderbaren Aromaprofil.\",\"breadcrumb\":{\"@id\":\"https:\\\/\\\/www.banqero.com\\\/de\\\/rhum\\\/schweizer-brauner-rum-copper\\\/#breadcrumb\"},\"inLanguage\":\"de\",\"potentialAction\":[{\"@type\":\"ReadAction\",\"target\":[\"https:\\\/\\\/www.banqero.com\\\/de\\\/rhum\\\/schweizer-brauner-rum-copper\\\/\"]}]},{\"@type\":\"ImageObject\",\"inLanguage\":\"de\",\"@id\":\"https:\\\/\\\/www.banqero.com\\\/de\\\/rhum\\\/schweizer-brauner-rum-copper\\\/#primaryimage\",\"url\":\"https:\\\/\\\/www.banqero.com\\\/wp-content\\\/uploads\\\/2019\\\/10\\\/banqero-copper-1.png\",\"contentUrl\":\"https:\\\/\\\/www.banqero.com\\\/wp-content\\\/uploads\\\/2019\\\/10\\\/banqero-copper-1.png\",\"width\":1080,\"height\":1080},{\"@type\":\"BreadcrumbList\",\"@id\":\"https:\\\/\\\/www.banqero.com\\\/de\\\/rhum\\\/schweizer-brauner-rum-copper\\\/#breadcrumb\",\"itemListElement\":[{\"@type\":\"ListItem\",\"position\":1,\"name\":\"Accueil\",\"item\":\"https:\\\/\\\/www.banqero.com\\\/de\\\/\"},{\"@type\":\"ListItem\",\"position\":2,\"name\":\"SHOP\",\"item\":\"https:\\\/\\\/www.banqero.com\\\/de\\\/rum-shop\\\/\"},{\"@type\":\"ListItem\",\"position\":3,\"name\":\"Brauner Rum 100% in der Schweiz hergestellt &#8211; BANQERO Copper\"}]},{\"@type\":\"WebSite\",\"@id\":\"https:\\\/\\\/www.banqero.com\\\/de\\\/#website\",\"url\":\"https:\\\/\\\/www.banqero.com\\\/de\\\/\",\"name\":\"BANQERO\",\"description\":\"Swiss Premium Rum\",\"potentialAction\":[{\"@type\":\"SearchAction\",\"target\":{\"@type\":\"EntryPoint\",\"urlTemplate\":\"https:\\\/\\\/www.banqero.com\\\/de\\\/?s={search_term_string}\"},\"query-input\":{\"@type\":\"PropertyValueSpecification\",\"valueRequired\":true,\"valueName\":\"search_term_string\"}}],\"inLanguage\":\"de\"}]}<\/script>\n<!-- \/ Yoast SEO plugin. -->","yoast_head_json":{"title":"Brauner Rum 100% in der Schweiz hergestellt - BANQERO Copper","description":"Unser preisgekr\u00f6nter Schweizer BANQERO Copper Brown Rum ist sowohl harmonisch als auch komplex. Es ist ein reichhaltiger und ausgewogener brauner Rum mit einem wunderbaren Aromaprofil.","robots":{"index":"index","follow":"follow","max-snippet":"max-snippet:-1","max-image-preview":"max-image-preview:large","max-video-preview":"max-video-preview:-1"},"canonical":"https:\/\/www.banqero.com\/de\/rhum\/schweizer-brauner-rum-copper\/","og_locale":"de_DE","og_type":"article","og_title":"Brauner Rum 100% in der Schweiz hergestellt - BANQERO Copper","og_description":"Unser preisgekr\u00f6nter Schweizer BANQERO Copper Brown Rum ist sowohl harmonisch als auch komplex. Es ist ein reichhaltiger und ausgewogener brauner Rum mit einem wunderbaren Aromaprofil.","og_url":"https:\/\/www.banqero.com\/de\/rhum\/schweizer-brauner-rum-copper\/","og_site_name":"BANQERO","article_publisher":"https:\/\/www.facebook.com\/banqero\/","article_modified_time":"2026-04-21T18:37:02+00:00","og_image":[{"width":1080,"height":1080,"url":"https:\/\/www.banqero.com\/wp-content\/uploads\/2019\/10\/banqero-copper-1.png","type":"image\/png"}],"twitter_card":"summary_large_image","twitter_site":"@BanQero_Rum","twitter_misc":{"Gesch\u00e4tzte Lesezeit":"1\u00a0Minute"},"schema":{"@context":"https:\/\/schema.org","@graph":[{"@type":"WebPage","@id":"https:\/\/www.banqero.com\/de\/rhum\/schweizer-brauner-rum-copper\/","url":"https:\/\/www.banqero.com\/de\/rhum\/schweizer-brauner-rum-copper\/","name":"Brauner Rum 100% in der Schweiz hergestellt - BANQERO Copper","isPartOf":{"@id":"https:\/\/www.banqero.com\/de\/#website"},"primaryImageOfPage":{"@id":"https:\/\/www.banqero.com\/de\/rhum\/schweizer-brauner-rum-copper\/#primaryimage"},"image":{"@id":"https:\/\/www.banqero.com\/de\/rhum\/schweizer-brauner-rum-copper\/#primaryimage"},"thumbnailUrl":"https:\/\/www.banqero.com\/wp-content\/uploads\/2019\/10\/banqero-copper-1.png","datePublished":"2019-10-05T15:49:48+00:00","dateModified":"2026-04-21T18:37:02+00:00","description":"Unser preisgekr\u00f6nter Schweizer BANQERO Copper Brown Rum ist sowohl harmonisch als auch komplex. Es ist ein reichhaltiger und ausgewogener brauner Rum mit einem wunderbaren Aromaprofil.","breadcrumb":{"@id":"https:\/\/www.banqero.com\/de\/rhum\/schweizer-brauner-rum-copper\/#breadcrumb"},"inLanguage":"de","potentialAction":[{"@type":"ReadAction","target":["https:\/\/www.banqero.com\/de\/rhum\/schweizer-brauner-rum-copper\/"]}]},{"@type":"ImageObject","inLanguage":"de","@id":"https:\/\/www.banqero.com\/de\/rhum\/schweizer-brauner-rum-copper\/#primaryimage","url":"https:\/\/www.banqero.com\/wp-content\/uploads\/2019\/10\/banqero-copper-1.png","contentUrl":"https:\/\/www.banqero.com\/wp-content\/uploads\/2019\/10\/banqero-copper-1.png","width":1080,"height":1080},{"@type":"BreadcrumbList","@id":"https:\/\/www.banqero.com\/de\/rhum\/schweizer-brauner-rum-copper\/#breadcrumb","itemListElement":[{"@type":"ListItem","position":1,"name":"Accueil","item":"https:\/\/www.banqero.com\/de\/"},{"@type":"ListItem","position":2,"name":"SHOP","item":"https:\/\/www.banqero.com\/de\/rum-shop\/"},{"@type":"ListItem","position":3,"name":"Brauner Rum 100% in der Schweiz hergestellt &#8211; BANQERO Copper"}]},{"@type":"WebSite","@id":"https:\/\/www.banqero.com\/de\/#website","url":"https:\/\/www.banqero.com\/de\/","name":"BANQERO","description":"Swiss Premium Rum","potentialAction":[{"@type":"SearchAction","target":{"@type":"EntryPoint","urlTemplate":"https:\/\/www.banqero.com\/de\/?s={search_term_string}"},"query-input":{"@type":"PropertyValueSpecification","valueRequired":true,"valueName":"search_term_string"}}],"inLanguage":"de"}]}},"_links":{"self":[{"href":"https:\/\/www.banqero.com\/de\/wp-json\/wp\/v2\/product\/34578","targetHints":{"allow":["GET"]}}],"collection":[{"href":"https:\/\/www.banqero.com\/de\/wp-json\/wp\/v2\/product"}],"about":[{"href":"https:\/\/www.banqero.com\/de\/wp-json\/wp\/v2\/types\/product"}],"replies":[{"embeddable":true,"href":"https:\/\/www.banqero.com\/de\/wp-json\/wp\/v2\/comments?post=34578"}],"wp:featuredmedia":[{"embeddable":true,"href":"https:\/\/www.banqero.com\/de\/wp-json\/wp\/v2\/media\/46066"}],"wp:attachment":[{"href":"https:\/\/www.banqero.com\/de\/wp-json\/wp\/v2\/media?parent=34578"}],"wp:term":[{"taxonomy":"product_brand","embeddable":true,"href":"https:\/\/www.banqero.com\/de\/wp-json\/wp\/v2\/product_brand?post=34578"},{"taxonomy":"product_cat","embeddable":true,"href":"https:\/\/www.banqero.com\/de\/wp-json\/wp\/v2\/product_cat?post=34578"},{"taxonomy":"product_tag","embeddable":true,"href":"https:\/\/www.banqero.com\/de\/wp-json\/wp\/v2\/product_tag?post=34578"}],"curies":[{"name":"wp","href":"https:\/\/api.w.org\/{rel}","templated":true}]}}