{"id":34572,"date":"2019-10-19T15:00:11","date_gmt":"2019-10-19T13:00:11","guid":{"rendered":"https:\/\/www.banqero.com\/produit\/duo-banqero-copper-silver\/"},"modified":"2026-04-21T20:36:50","modified_gmt":"2026-04-21T18:36:50","slug":"schweizer-brauner-weisser-rum-duo","status":"publish","type":"product","link":"https:\/\/www.banqero.com\/de\/rhum\/schweizer-brauner-weisser-rum-duo\/","title":{"rendered":"Brauner und weisser Rum 100% in der Schweiz hergestellt &#8211; BANQERO"},"content":{"rendered":"<ul>\n<li>Herkunftsland: Schweiz<\/li>\n<li>Alkoholgehalt: 40 % vol<\/li>\n<li>Fassungsverm\u00f6gen: 70 cl<\/li>\n<li>Typ:\n<ul>\n<li>BANQERO Silver: wei\u00dfer Rum aus Melasse<\/li>\n<li>BANQERO Copper: Spirituose auf Rumbasis<\/li>\n<\/ul>\n<\/li>\n<li>Destillation: Destillation im Kupfer-Brennhafen aus dem Jahr 1887<\/li>\n<li>Gustatorische Wahrnehmung\n<ul>\n<li>BANQERO Silver:\n<ul>\n<li>Nase: blumig und pflanzlich<\/li>\n<li>Mund: sehr lange Noten von Lakritz, Karamell und Zimt im Abgang<\/li>\n<li>S\u00fcsse (Bewertung von 1 bis 5): 2<\/li>\n<li>Zuckergehalt: 18g\/Liter<\/li>\n<\/ul>\n<\/li>\n<li>BANQERO Copper:\n<ul>\n<li>Nase: holzig, pflanzlich, Karamellmilch<\/li>\n<li>Mund: lange Noten von Karamell, R\u00f6stkaffee und Vanille<\/li>\n<li>S\u00fcsse (Bewertung von 1 bis 5): 4<\/li>\n<li>Zuckergehalt: 28g\/Liter<\/li>\n<\/ul>\n<\/li>\n<\/ul>\n<\/li>\n<li>Verkostung:\n<ul>\n<li>BANQERO Silver: pur, &#8218;on the rocks&#8216;, im Cocktail<\/li>\n<li>BANQERO Copper: pur oder &#8218;on the rocks&#8216;<\/li>\n<\/ul>\n<\/li>\n<li>Ehrungen:<\/li>\n<\/ul>\n<p style=\"padding-left: 40px;\"><img decoding=\"async\" class=\"alignnone wp-image-47063\" src=\"https:\/\/www.banqero.com\/wp-content\/uploads\/2022\/05\/world-rum-awards-2022-silver-scaled.jpg\" alt=\"\" width=\"60\" height=\"73\" srcset=\"https:\/\/www.banqero.com\/wp-content\/uploads\/2022\/05\/world-rum-awards-2022-silver-200x242.jpg 200w, https:\/\/www.banqero.com\/wp-content\/uploads\/2022\/05\/world-rum-awards-2022-silver-248x300.jpg 248w, https:\/\/www.banqero.com\/wp-content\/uploads\/2022\/05\/world-rum-awards-2022-silver-400x484.jpg 400w, https:\/\/www.banqero.com\/wp-content\/uploads\/2022\/05\/world-rum-awards-2022-silver-500x605.jpg 500w, https:\/\/www.banqero.com\/wp-content\/uploads\/2022\/05\/world-rum-awards-2022-silver-600x726.jpg 600w, https:\/\/www.banqero.com\/wp-content\/uploads\/2022\/05\/world-rum-awards-2022-silver-700x847.jpg 700w, https:\/\/www.banqero.com\/wp-content\/uploads\/2022\/05\/world-rum-awards-2022-silver-768x929.jpg 768w, https:\/\/www.banqero.com\/wp-content\/uploads\/2022\/05\/world-rum-awards-2022-silver-800x967.jpg 800w, https:\/\/www.banqero.com\/wp-content\/uploads\/2022\/05\/world-rum-awards-2022-silver-847x1024.jpg 847w, https:\/\/www.banqero.com\/wp-content\/uploads\/2022\/05\/world-rum-awards-2022-silver-1200x1451.jpg 1200w, https:\/\/www.banqero.com\/wp-content\/uploads\/2022\/05\/world-rum-awards-2022-silver-1270x1536.jpg 1270w, https:\/\/www.banqero.com\/wp-content\/uploads\/2022\/05\/world-rum-awards-2022-silver-scaled.jpg 1693w\" sizes=\"(max-width: 60px) 100vw, 60px\" \/>\u00a0 \u00a0 \u00a0<img decoding=\"async\" class=\"alignnone wp-image-44753\" src=\"https:\/\/www.banqero.com\/wp-content\/uploads\/2020\/06\/world-rum-awards-silver.png\" alt=\"\" width=\"60\" height=\"73\" \/>\u00a0 \u00a0 \u00a0<img decoding=\"async\" class=\"alignnone wp-image-44756\" src=\"https:\/\/www.banqero.com\/wp-content\/uploads\/2020\/06\/world-rum-awards-bronze.png\" alt=\"\" width=\"63\" height=\"74\" \/>\u00a0 \u00a0 \u00a0<img decoding=\"async\" class=\"alignnone wp-image-45095\" src=\"https:\/\/www.banqero.com\/wp-content\/uploads\/2020\/08\/M\u00e9daille.png\" alt=\"\" width=\"76\" height=\"76\" srcset=\"https:\/\/www.banqero.com\/wp-content\/uploads\/2020\/08\/M\u00e9daille-66x66.png 66w, https:\/\/www.banqero.com\/wp-content\/uploads\/2020\/08\/M\u00e9daille-100x100.png 100w, https:\/\/www.banqero.com\/wp-content\/uploads\/2020\/08\/M\u00e9daille-150x150.png 150w, https:\/\/www.banqero.com\/wp-content\/uploads\/2020\/08\/M\u00e9daille-200x200.png 200w, https:\/\/www.banqero.com\/wp-content\/uploads\/2020\/08\/M\u00e9daille-300x300.png 300w, https:\/\/www.banqero.com\/wp-content\/uploads\/2020\/08\/M\u00e9daille.png 340w\" sizes=\"(max-width: 76px) 100vw, 76px\" \/><\/p>\n","protected":false},"excerpt":{"rendered":"<p>BANQERO Silver ist ein traditioneller wei\u00dfer Rum im englischen Stil. Das Ergebnis bietet ein ausgepr\u00e4gtes aromatisches Profil mit einem Hauch von Lakritz, Karamell und Zimt im Abgang. Eine Zutat der Wahl f\u00fcr einen erfahrenen Mixologen oder Genie\u00dfer von delikaten Cocktails.<\/p>\n<p>BANQERO Copper ist ein abgerundeter, harmonischer, aber gleichzeitig auch komplexer brauner Rum. Das reiche und ausgewogene, gro\u00dfartige aromatisches Profil bietet Noten von Karamell, R\u00f6stkaffee und Vanille mit einem sch\u00f6nen langen Abgang. Pur oder &#8218;on the rocks&#8216;.<\/p>\n","protected":false},"featured_media":45218,"comment_status":"open","ping_status":"closed","template":"","meta":[],"product_brand":[],"product_cat":[57],"product_tag":[],"class_list":{"0":"post-34572","1":"product","2":"type-product","3":"status-publish","4":"has-post-thumbnail","6":"product_cat-schweizer-rum","8":"first","9":"outofstock","10":"shipping-taxable","11":"purchasable","12":"product-type-simple"},"yoast_head":"<!-- This site is optimized with the Yoast SEO plugin v27.4 - https:\/\/yoast.com\/product\/yoast-seo-wordpress\/ -->\n<title>Brauner und weisser Rum 100% in der Schweiz hergestellt - BANQERO<\/title>\n<meta name=\"description\" content=\"Das Duo der preisgekr\u00f6nten Schweizer Rums: Brown und Weiss. In der Schweiz hergestellt und destilliert, bieten unsere Rums ein au\u00dfergew\u00f6hnliches aromatisches Profil.\" \/>\n<meta name=\"robots\" content=\"index, follow, max-snippet:-1, max-image-preview:large, max-video-preview:-1\" \/>\n<link rel=\"canonical\" href=\"https:\/\/www.banqero.com\/de\/rhum\/schweizer-brauner-weisser-rum-duo\/\" \/>\n<meta property=\"og:locale\" content=\"de_DE\" \/>\n<meta property=\"og:type\" content=\"article\" \/>\n<meta property=\"og:title\" content=\"Brauner und weisser Rum 100% in der Schweiz hergestellt - BANQERO\" \/>\n<meta property=\"og:description\" content=\"Das Duo der preisgekr\u00f6nten Schweizer Rums: Brown und Weiss. In der Schweiz hergestellt und destilliert, bieten unsere Rums ein au\u00dfergew\u00f6hnliches aromatisches Profil.\" \/>\n<meta property=\"og:url\" content=\"https:\/\/www.banqero.com\/de\/rhum\/schweizer-brauner-weisser-rum-duo\/\" \/>\n<meta property=\"og:site_name\" content=\"BANQERO\" \/>\n<meta property=\"article:publisher\" content=\"https:\/\/www.facebook.com\/banqero\/\" \/>\n<meta property=\"article:modified_time\" content=\"2026-04-21T18:36:50+00:00\" \/>\n<meta property=\"og:image\" content=\"https:\/\/www.banqero.com\/wp-content\/uploads\/2020\/08\/banqero-silver-copper-bottle-1-e1749150813926.png\" \/>\n\t<meta property=\"og:image:width\" content=\"800\" \/>\n\t<meta property=\"og:image:height\" content=\"921\" \/>\n\t<meta property=\"og:image:type\" content=\"image\/png\" \/>\n<meta name=\"twitter:card\" content=\"summary_large_image\" \/>\n<meta name=\"twitter:site\" content=\"@BanQero_Rum\" \/>\n<meta name=\"twitter:label1\" content=\"Gesch\u00e4tzte Lesezeit\" \/>\n\t<meta name=\"twitter:data1\" content=\"2\u00a0Minuten\" \/>\n<script type=\"application\/ld+json\" class=\"yoast-schema-graph\">{\"@context\":\"https:\\\/\\\/schema.org\",\"@graph\":[{\"@type\":\"WebPage\",\"@id\":\"https:\\\/\\\/www.banqero.com\\\/de\\\/rhum\\\/schweizer-brauner-weisser-rum-duo\\\/\",\"url\":\"https:\\\/\\\/www.banqero.com\\\/de\\\/rhum\\\/schweizer-brauner-weisser-rum-duo\\\/\",\"name\":\"Brauner und weisser Rum 100% in der Schweiz hergestellt - BANQERO\",\"isPartOf\":{\"@id\":\"https:\\\/\\\/www.banqero.com\\\/de\\\/#website\"},\"primaryImageOfPage\":{\"@id\":\"https:\\\/\\\/www.banqero.com\\\/de\\\/rhum\\\/schweizer-brauner-weisser-rum-duo\\\/#primaryimage\"},\"image\":{\"@id\":\"https:\\\/\\\/www.banqero.com\\\/de\\\/rhum\\\/schweizer-brauner-weisser-rum-duo\\\/#primaryimage\"},\"thumbnailUrl\":\"https:\\\/\\\/www.banqero.com\\\/wp-content\\\/uploads\\\/2020\\\/08\\\/banqero-silver-copper-bottle-1-e1749150813926.png\",\"datePublished\":\"2019-10-19T13:00:11+00:00\",\"dateModified\":\"2026-04-21T18:36:50+00:00\",\"description\":\"Das Duo der preisgekr\u00f6nten Schweizer Rums: Brown und Weiss. In der Schweiz hergestellt und destilliert, bieten unsere Rums ein au\u00dfergew\u00f6hnliches aromatisches Profil.\",\"breadcrumb\":{\"@id\":\"https:\\\/\\\/www.banqero.com\\\/de\\\/rhum\\\/schweizer-brauner-weisser-rum-duo\\\/#breadcrumb\"},\"inLanguage\":\"de\",\"potentialAction\":[{\"@type\":\"ReadAction\",\"target\":[\"https:\\\/\\\/www.banqero.com\\\/de\\\/rhum\\\/schweizer-brauner-weisser-rum-duo\\\/\"]}]},{\"@type\":\"ImageObject\",\"inLanguage\":\"de\",\"@id\":\"https:\\\/\\\/www.banqero.com\\\/de\\\/rhum\\\/schweizer-brauner-weisser-rum-duo\\\/#primaryimage\",\"url\":\"https:\\\/\\\/www.banqero.com\\\/wp-content\\\/uploads\\\/2020\\\/08\\\/banqero-silver-copper-bottle-1-e1749150813926.png\",\"contentUrl\":\"https:\\\/\\\/www.banqero.com\\\/wp-content\\\/uploads\\\/2020\\\/08\\\/banqero-silver-copper-bottle-1-e1749150813926.png\",\"width\":800,\"height\":921,\"caption\":\"Rhums suisses BANQERO Silver & Copper\"},{\"@type\":\"BreadcrumbList\",\"@id\":\"https:\\\/\\\/www.banqero.com\\\/de\\\/rhum\\\/schweizer-brauner-weisser-rum-duo\\\/#breadcrumb\",\"itemListElement\":[{\"@type\":\"ListItem\",\"position\":1,\"name\":\"Accueil\",\"item\":\"https:\\\/\\\/www.banqero.com\\\/de\\\/\"},{\"@type\":\"ListItem\",\"position\":2,\"name\":\"SHOP\",\"item\":\"https:\\\/\\\/www.banqero.com\\\/de\\\/rum-shop\\\/\"},{\"@type\":\"ListItem\",\"position\":3,\"name\":\"Brauner und weisser Rum 100% in der Schweiz hergestellt &#8211; BANQERO\"}]},{\"@type\":\"WebSite\",\"@id\":\"https:\\\/\\\/www.banqero.com\\\/de\\\/#website\",\"url\":\"https:\\\/\\\/www.banqero.com\\\/de\\\/\",\"name\":\"BANQERO\",\"description\":\"Swiss Premium Rum\",\"potentialAction\":[{\"@type\":\"SearchAction\",\"target\":{\"@type\":\"EntryPoint\",\"urlTemplate\":\"https:\\\/\\\/www.banqero.com\\\/de\\\/?s={search_term_string}\"},\"query-input\":{\"@type\":\"PropertyValueSpecification\",\"valueRequired\":true,\"valueName\":\"search_term_string\"}}],\"inLanguage\":\"de\"}]}<\/script>\n<!-- \/ Yoast SEO plugin. -->","yoast_head_json":{"title":"Brauner und weisser Rum 100% in der Schweiz hergestellt - BANQERO","description":"Das Duo der preisgekr\u00f6nten Schweizer Rums: Brown und Weiss. In der Schweiz hergestellt und destilliert, bieten unsere Rums ein au\u00dfergew\u00f6hnliches aromatisches Profil.","robots":{"index":"index","follow":"follow","max-snippet":"max-snippet:-1","max-image-preview":"max-image-preview:large","max-video-preview":"max-video-preview:-1"},"canonical":"https:\/\/www.banqero.com\/de\/rhum\/schweizer-brauner-weisser-rum-duo\/","og_locale":"de_DE","og_type":"article","og_title":"Brauner und weisser Rum 100% in der Schweiz hergestellt - BANQERO","og_description":"Das Duo der preisgekr\u00f6nten Schweizer Rums: Brown und Weiss. In der Schweiz hergestellt und destilliert, bieten unsere Rums ein au\u00dfergew\u00f6hnliches aromatisches Profil.","og_url":"https:\/\/www.banqero.com\/de\/rhum\/schweizer-brauner-weisser-rum-duo\/","og_site_name":"BANQERO","article_publisher":"https:\/\/www.facebook.com\/banqero\/","article_modified_time":"2026-04-21T18:36:50+00:00","og_image":[{"width":800,"height":921,"url":"https:\/\/www.banqero.com\/wp-content\/uploads\/2020\/08\/banqero-silver-copper-bottle-1-e1749150813926.png","type":"image\/png"}],"twitter_card":"summary_large_image","twitter_site":"@BanQero_Rum","twitter_misc":{"Gesch\u00e4tzte Lesezeit":"2\u00a0Minuten"},"schema":{"@context":"https:\/\/schema.org","@graph":[{"@type":"WebPage","@id":"https:\/\/www.banqero.com\/de\/rhum\/schweizer-brauner-weisser-rum-duo\/","url":"https:\/\/www.banqero.com\/de\/rhum\/schweizer-brauner-weisser-rum-duo\/","name":"Brauner und weisser Rum 100% in der Schweiz hergestellt - BANQERO","isPartOf":{"@id":"https:\/\/www.banqero.com\/de\/#website"},"primaryImageOfPage":{"@id":"https:\/\/www.banqero.com\/de\/rhum\/schweizer-brauner-weisser-rum-duo\/#primaryimage"},"image":{"@id":"https:\/\/www.banqero.com\/de\/rhum\/schweizer-brauner-weisser-rum-duo\/#primaryimage"},"thumbnailUrl":"https:\/\/www.banqero.com\/wp-content\/uploads\/2020\/08\/banqero-silver-copper-bottle-1-e1749150813926.png","datePublished":"2019-10-19T13:00:11+00:00","dateModified":"2026-04-21T18:36:50+00:00","description":"Das Duo der preisgekr\u00f6nten Schweizer Rums: Brown und Weiss. In der Schweiz hergestellt und destilliert, bieten unsere Rums ein au\u00dfergew\u00f6hnliches aromatisches Profil.","breadcrumb":{"@id":"https:\/\/www.banqero.com\/de\/rhum\/schweizer-brauner-weisser-rum-duo\/#breadcrumb"},"inLanguage":"de","potentialAction":[{"@type":"ReadAction","target":["https:\/\/www.banqero.com\/de\/rhum\/schweizer-brauner-weisser-rum-duo\/"]}]},{"@type":"ImageObject","inLanguage":"de","@id":"https:\/\/www.banqero.com\/de\/rhum\/schweizer-brauner-weisser-rum-duo\/#primaryimage","url":"https:\/\/www.banqero.com\/wp-content\/uploads\/2020\/08\/banqero-silver-copper-bottle-1-e1749150813926.png","contentUrl":"https:\/\/www.banqero.com\/wp-content\/uploads\/2020\/08\/banqero-silver-copper-bottle-1-e1749150813926.png","width":800,"height":921,"caption":"Rhums suisses BANQERO Silver & Copper"},{"@type":"BreadcrumbList","@id":"https:\/\/www.banqero.com\/de\/rhum\/schweizer-brauner-weisser-rum-duo\/#breadcrumb","itemListElement":[{"@type":"ListItem","position":1,"name":"Accueil","item":"https:\/\/www.banqero.com\/de\/"},{"@type":"ListItem","position":2,"name":"SHOP","item":"https:\/\/www.banqero.com\/de\/rum-shop\/"},{"@type":"ListItem","position":3,"name":"Brauner und weisser Rum 100% in der Schweiz hergestellt &#8211; BANQERO"}]},{"@type":"WebSite","@id":"https:\/\/www.banqero.com\/de\/#website","url":"https:\/\/www.banqero.com\/de\/","name":"BANQERO","description":"Swiss Premium Rum","potentialAction":[{"@type":"SearchAction","target":{"@type":"EntryPoint","urlTemplate":"https:\/\/www.banqero.com\/de\/?s={search_term_string}"},"query-input":{"@type":"PropertyValueSpecification","valueRequired":true,"valueName":"search_term_string"}}],"inLanguage":"de"}]}},"_links":{"self":[{"href":"https:\/\/www.banqero.com\/de\/wp-json\/wp\/v2\/product\/34572","targetHints":{"allow":["GET"]}}],"collection":[{"href":"https:\/\/www.banqero.com\/de\/wp-json\/wp\/v2\/product"}],"about":[{"href":"https:\/\/www.banqero.com\/de\/wp-json\/wp\/v2\/types\/product"}],"replies":[{"embeddable":true,"href":"https:\/\/www.banqero.com\/de\/wp-json\/wp\/v2\/comments?post=34572"}],"wp:featuredmedia":[{"embeddable":true,"href":"https:\/\/www.banqero.com\/de\/wp-json\/wp\/v2\/media\/45218"}],"wp:attachment":[{"href":"https:\/\/www.banqero.com\/de\/wp-json\/wp\/v2\/media?parent=34572"}],"wp:term":[{"taxonomy":"product_brand","embeddable":true,"href":"https:\/\/www.banqero.com\/de\/wp-json\/wp\/v2\/product_brand?post=34572"},{"taxonomy":"product_cat","embeddable":true,"href":"https:\/\/www.banqero.com\/de\/wp-json\/wp\/v2\/product_cat?post=34572"},{"taxonomy":"product_tag","embeddable":true,"href":"https:\/\/www.banqero.com\/de\/wp-json\/wp\/v2\/product_tag?post=34572"}],"curies":[{"name":"wp","href":"https:\/\/api.w.org\/{rel}","templated":true}]}}